{"id":387672,"date":"2025-09-02T10:25:44","date_gmt":"2025-09-02T10:25:44","guid":{"rendered":"https:\/\/glotomania.com\/p\/20-palitos-de-madera-para-algodon-de-azucar-2\/"},"modified":"2026-03-27T11:00:12","modified_gmt":"2026-03-27T11:00:12","slug":"20-palitos-de-madera-para-algodon-de-azucar-2","status":"publish","type":"product","link":"https:\/\/glotomania.com\/pt-pt\/p\/20-palitos-de-madera-para-algodon-de-azucar-2\/","title":{"rendered":"Paus De Algod\u00c3o Doce"},"content":{"rendered":"<p>\n<span style=\"font-size:14px\">Conjunto de 20 paus de madeira de excelente qualidade, perfeito para fazer algod&atilde;o doce e ma&ccedil;&atilde;s caramelizadas.<\/span><\/p>\n<p><span style=\"font-size:14px\">S&atilde;o ideais para fazer espetos de rebu&ccedil;ados, chupa-chupas, biscoitos ou qualquer tipo de rebu&ccedil;ados.&nbsp;<\/span><\/p>\n<p><span style=\"font-size:14px\"><strong>Medidas:<\/strong> Comprimento 28 cm &#8211; Largura 0,4 cm.<\/span><\/p>\n","protected":false},"excerpt":{"rendered":"<p>Inclui 20 paus quadrados de madeira, ideais para ma\u00e7\u00e3s caramelizadas e algod\u00e3o doce.<\/p>\n","protected":false},"featured_media":50704,"comment_status":"open","ping_status":"closed","template":"","meta":{"_acf_changed":false},"pwb-brand":[],"product_brand":[],"product_cat":[3106,3087,3128,1820,1990,1767],"product_tag":[],"class_list":{"0":"post-387672","1":"product","2":"type-product","3":"status-publish","4":"has-post-thumbnail","6":"product_cat-basicos-de-pastelaria","7":"product_cat-ordem-e-armazenamento","8":"product_cat-palitos-de-madeira-2","9":"product_cat-basicos","10":"product_cat-palitos-madera-tartas","11":"product_cat-utensilios","13":"first","14":"instock","15":"taxable","16":"shipping-taxable","17":"purchasable","18":"product-type-simple"},"acf":[],"df_price":5.75,"df_sale_price":"","df_regular_price":5.75,"df_image_link":"https:\/\/glotomania.com\/wp-content\/uploads\/2022\/09\/img_25691_a544f7b5d9a6db2edf4af2f77023e61a_1-300x300.jpg","brands":[],"_links":{"self":[{"href":"https:\/\/glotomania.com\/pt-pt\/wp-json\/wp\/v2\/product\/387672","targetHints":{"allow":["GET"]}}],"collection":[{"href":"https:\/\/glotomania.com\/pt-pt\/wp-json\/wp\/v2\/product"}],"about":[{"href":"https:\/\/glotomania.com\/pt-pt\/wp-json\/wp\/v2\/types\/product"}],"replies":[{"embeddable":true,"href":"https:\/\/glotomania.com\/pt-pt\/wp-json\/wp\/v2\/comments?post=387672"}],"wp:featuredmedia":[{"embeddable":true,"href":"https:\/\/glotomania.com\/pt-pt\/wp-json\/wp\/v2\/media\/50704"}],"wp:attachment":[{"href":"https:\/\/glotomania.com\/pt-pt\/wp-json\/wp\/v2\/media?parent=387672"}],"wp:term":[{"taxonomy":"pwb-brand","embeddable":true,"href":"https:\/\/glotomania.com\/pt-pt\/wp-json\/wp\/v2\/pwb-brand?post=387672"},{"taxonomy":"product_brand","embeddable":true,"href":"https:\/\/glotomania.com\/pt-pt\/wp-json\/wp\/v2\/product_brand?post=387672"},{"taxonomy":"product_cat","embeddable":true,"href":"https:\/\/glotomania.com\/pt-pt\/wp-json\/wp\/v2\/product_cat?post=387672"},{"taxonomy":"product_tag","embeddable":true,"href":"https:\/\/glotomania.com\/pt-pt\/wp-json\/wp\/v2\/product_tag?post=387672"}],"curies":[{"name":"wp","href":"https:\/\/api.w.org\/{rel}","templated":true}]}}