{"id":387673,"date":"2025-09-02T10:25:45","date_gmt":"2025-09-02T10:25:45","guid":{"rendered":"https:\/\/glotomania.com\/p\/figura-para-tarta-bautizo-nina-africana-con-conejo-2\/"},"modified":"2026-03-10T12:43:09","modified_gmt":"2026-03-10T12:43:09","slug":"figura-para-tarta-bautizo-nina-africana-con-conejo-2","status":"publish","type":"product","link":"https:\/\/glotomania.com\/pt-pt\/p\/figura-para-tarta-bautizo-nina-africana-con-conejo-2\/","title":{"rendered":"Figura Para Bolo Menina Africana Com Coelho"},"content":{"rendered":"<p>\n<span style=\"font-size:14px\"><span style=\"color:#000000\">Figura n&atilde;o comest&iacute;vel, deve ser removida antes de se consumir o bolo.&nbsp;<br \/>\nFeito de base PET, polyresin.<\/span><\/span><\/p>\n<p><span style=\"font-size:14px\"><span style=\"color:#000000\">Regulamento (UE)<strong>&nbsp;10\/2011<\/strong>: materiais e objectos de pl&aacute;stico destinados a entrar em contacto com os alimentos.&nbsp;<\/span><\/span><\/p>\n<p><span style=\"font-size:14px\"><span style=\"color:#000000\"><strong>Medidas:&nbsp;<\/strong>Altura 10 cm.<\/span><\/span><\/p>\n<p><span style=\"font-size:14px\"><span style=\"color:#000000\"><u><strong>Conserva&ccedil;&atilde;o:<\/strong><\/u>&nbsp;&eacute; essencial mant&ecirc;-la na sua embalagem original e caixa durante o armazenamento.<\/span><\/span><\/p>\n","protected":false},"excerpt":{"rendered":"<p>Figura n\u00e3o comest\u00edvel, ideal para as nossas celebra\u00e7\u00f5es mais especiais.<\/p>\n","protected":false},"featured_media":35927,"comment_status":"open","ping_status":"closed","template":"","meta":{"_acf_changed":false},"pwb-brand":[],"product_brand":[],"product_cat":[2908,3200,2907,3205,3202,3087,1792,1886,1860,1885,1849,1767],"product_tag":[],"class_list":{"0":"post-387673","1":"product","2":"type-product","3":"status-publish","4":"has-post-thumbnail","6":"product_cat-batizados","7":"product_cat-decoracoes-nao-comestiveis","8":"product_cat-festas","9":"product_cat-figuras-para-baptismos","10":"product_cat-figuras-para-bolos","11":"product_cat-ordem-e-armazenamento","12":"product_cat-decoracion-no-comestible","13":"product_cat-figuras-bautizos","14":"product_cat-figuras-tartas","15":"product_cat-bautizos","16":"product_cat-fiestas","17":"product_cat-utensilios","19":"first","20":"instock","21":"taxable","22":"shipping-taxable","23":"purchasable","24":"product-type-simple"},"acf":[],"df_price":5.5,"df_sale_price":"","df_regular_price":5.5,"df_image_link":"https:\/\/glotomania.com\/wp-content\/uploads\/2022\/09\/img_11132_c8634fbcb8832a32d3093033875d77da_1-300x300.png","brands":[],"_links":{"self":[{"href":"https:\/\/glotomania.com\/pt-pt\/wp-json\/wp\/v2\/product\/387673","targetHints":{"allow":["GET"]}}],"collection":[{"href":"https:\/\/glotomania.com\/pt-pt\/wp-json\/wp\/v2\/product"}],"about":[{"href":"https:\/\/glotomania.com\/pt-pt\/wp-json\/wp\/v2\/types\/product"}],"replies":[{"embeddable":true,"href":"https:\/\/glotomania.com\/pt-pt\/wp-json\/wp\/v2\/comments?post=387673"}],"wp:featuredmedia":[{"embeddable":true,"href":"https:\/\/glotomania.com\/pt-pt\/wp-json\/wp\/v2\/media\/35927"}],"wp:attachment":[{"href":"https:\/\/glotomania.com\/pt-pt\/wp-json\/wp\/v2\/media?parent=387673"}],"wp:term":[{"taxonomy":"pwb-brand","embeddable":true,"href":"https:\/\/glotomania.com\/pt-pt\/wp-json\/wp\/v2\/pwb-brand?post=387673"},{"taxonomy":"product_brand","embeddable":true,"href":"https:\/\/glotomania.com\/pt-pt\/wp-json\/wp\/v2\/product_brand?post=387673"},{"taxonomy":"product_cat","embeddable":true,"href":"https:\/\/glotomania.com\/pt-pt\/wp-json\/wp\/v2\/product_cat?post=387673"},{"taxonomy":"product_tag","embeddable":true,"href":"https:\/\/glotomania.com\/pt-pt\/wp-json\/wp\/v2\/product_tag?post=387673"}],"curies":[{"name":"wp","href":"https:\/\/api.w.org\/{rel}","templated":true}]}}