{"id":387686,"date":"2025-09-02T10:25:51","date_gmt":"2025-09-02T10:25:51","guid":{"rendered":"https:\/\/glotomania.com\/p\/laminas-comestibles-sin-azucar-y-sin-e-171-dekora-2\/"},"modified":"2026-03-31T05:27:45","modified_gmt":"2026-03-31T05:27:45","slug":"laminas-comestibles-sin-azucar-y-sin-e-171-dekora-2","status":"publish","type":"product","link":"https:\/\/glotomania.com\/pt-pt\/p\/laminas-comestibles-sin-azucar-y-sin-e-171-dekora-2\/","title":{"rendered":"Folhas Comest\u00cdveis Sem A\u00c7\u00dacar E Sem E-171 Dekora"},"content":{"rendered":"<p>\n<span style=\"font-size:14px\"><span style=\"color:#000000\">Vem sobre uma base de pl&aacute;stico, tamanho A4, para ser utilizado em impressoras a jacto de tinta. A base pl&aacute;stica &eacute; utilizada para facilitar a entrada na impressora. Uma vez terminada a impress&atilde;o, a folha &eacute; separada do pl&aacute;stico, e colocada na nossa elabora&ccedil;&atilde;o.<\/span><\/span><\/p>\n<p>\n&nbsp;<\/p>\n","protected":false},"excerpt":{"rendered":"<p>A caixa inclui 25 unidades de papel comest\u00edvel de tamanho A4.<\/p>\n","protected":false},"featured_media":152403,"comment_status":"open","ping_status":"closed","template":"","meta":{"_acf_changed":false},"pwb-brand":[],"product_brand":[],"product_cat":[2925,2927,2931,2996,3002,3001,1832,1841,1896,1845,1877,1891],"product_tag":[],"class_list":{"0":"post-387686","1":"product","2":"type-product","3":"status-publish","4":"has-post-thumbnail","6":"product_cat-impressoes-comestiveis","7":"product_cat-papel-comestivel","8":"product_cat-papel-sem-acucar-comestivel-2","9":"product_cat-produtos-vegetarianos","10":"product_cat-sem-acucar","11":"product_cat-sem-e-171-2","12":"product_cat-diestas-especiales","13":"product_cat-impresiones","14":"product_cat-dieta-sin-azucar","15":"product_cat-dieta-sin-e-171","16":"product_cat-papel-comestible","17":"product_cat-papel-sin-azucar","19":"first","20":"instock","21":"taxable","22":"shipping-taxable","23":"purchasable","24":"product-type-simple"},"acf":[],"df_price":32.5,"df_sale_price":"","df_regular_price":32.5,"df_image_link":"https:\/\/glotomania.com\/wp-content\/uploads\/2025\/09\/img_11288_1276ed91a7c4c04351a4ed203f660b1c_1-300x300.png","brands":[],"_links":{"self":[{"href":"https:\/\/glotomania.com\/pt-pt\/wp-json\/wp\/v2\/product\/387686","targetHints":{"allow":["GET"]}}],"collection":[{"href":"https:\/\/glotomania.com\/pt-pt\/wp-json\/wp\/v2\/product"}],"about":[{"href":"https:\/\/glotomania.com\/pt-pt\/wp-json\/wp\/v2\/types\/product"}],"replies":[{"embeddable":true,"href":"https:\/\/glotomania.com\/pt-pt\/wp-json\/wp\/v2\/comments?post=387686"}],"wp:featuredmedia":[{"embeddable":true,"href":"https:\/\/glotomania.com\/pt-pt\/wp-json\/wp\/v2\/media\/152403"}],"wp:attachment":[{"href":"https:\/\/glotomania.com\/pt-pt\/wp-json\/wp\/v2\/media?parent=387686"}],"wp:term":[{"taxonomy":"pwb-brand","embeddable":true,"href":"https:\/\/glotomania.com\/pt-pt\/wp-json\/wp\/v2\/pwb-brand?post=387686"},{"taxonomy":"product_brand","embeddable":true,"href":"https:\/\/glotomania.com\/pt-pt\/wp-json\/wp\/v2\/product_brand?post=387686"},{"taxonomy":"product_cat","embeddable":true,"href":"https:\/\/glotomania.com\/pt-pt\/wp-json\/wp\/v2\/product_cat?post=387686"},{"taxonomy":"product_tag","embeddable":true,"href":"https:\/\/glotomania.com\/pt-pt\/wp-json\/wp\/v2\/product_tag?post=387686"}],"curies":[{"name":"wp","href":"https:\/\/api.w.org\/{rel}","templated":true}]}}