{"id":387703,"date":"2025-09-02T10:26:05","date_gmt":"2025-09-02T10:26:05","guid":{"rendered":"https:\/\/glotomania.com\/p\/nata-vegetal-chantypak-1-l-2\/"},"modified":"2026-04-15T09:10:16","modified_gmt":"2026-04-15T09:10:16","slug":"nata-vegetal-chantypak-1-l-2","status":"publish","type":"product","link":"https:\/\/glotomania.com\/pt-pt\/p\/nata-vegetal-chantypak-1-l-2\/","title":{"rendered":"Nata Vegetal Chantypak 1 L"},"content":{"rendered":"<p>&nbsp;<\/p>\n<p><span style=\"color:#000000\"><span style=\"font-size:14px\"><strong>Mix vegetal<\/strong> ideal para rechear massa folhada, pastelaria, bolos, tortas, na prepara&ccedil;&atilde;o de &quot;Chantilly&quot; e gelados. <strong>Gra&ccedil;as &agrave; sua cor branca<\/strong>, &eacute; ideal para adicionar corantes, obtendo excelentes resultados.&nbsp;<\/span><\/span><\/p>\n<p><span style=\"color:#000000\"><span style=\"font-size:14px\">Podemos combin&aacute;-lo com compotas e cremes de fruta. Al&eacute;m disso, pode ser misturado com creme de chantilly comum para obter o nosso <strong>creme de chantilly caseiro <\/strong>com maior estabilidade.&nbsp;<\/span><\/span><\/p>\n<p><span style=\"color:#000000\"><span style=\"font-size:14px\">A sua textura cremosa e uniforme permite um perfeito alisamento e estabilidade. Mant&eacute;m a sua <strong>estabilidade<\/strong> mesmo a<u> temperaturas extremas.<\/u><\/span><\/span><\/p>\n<p><span style=\"color:#000000\"><span style=\"font-size:14px\"><strong>M&eacute;todo de utiliza&ccedil;&atilde;o:<\/strong><\/span><\/span><\/p>\n<ul>\n<li><span style=\"color:#000000\"><span style=\"font-size:14px\">Monta-se em poucos minutos e, uma vez montado, aumenta o seu volume em quatro.&nbsp;<\/span><\/span><\/li>\n<li><span style=\"color:#000000\"><span style=\"font-size:14px\">Deve ser deixado a arrefecer no frigor&iacute;fico durante um m&iacute;nimo de 12 horas, para atingir 5 \/ 8 &deg; C antes de bater, conseguindo assim uma maior estabilidade. Bater &agrave; velocidade m&eacute;dia num recipiente frio e seco at&eacute; atingir o ponto desejado.<\/span><\/span><\/li>\n<li><span style=\"color:#000000\"><span style=\"font-size:14px\">O creme j&aacute; batido que n&atilde;o vamos utilizar deve ser guardado no frigor&iacute;fico, podendo ser remontado mais tarde sem alterar a elabora&ccedil;&atilde;o. <em>Uma vez batido, o produto &eacute; est&aacute;vel ao congelamento e descongelamento.&nbsp;<\/em><\/span><\/span><\/li>\n<\/ul>\n","protected":false},"excerpt":{"rendered":"<p>Nata vegetal Chantypak, ideal para decora\u00e7\u00f5es e recheios, com linhas perfeitas e est\u00e1veis.<\/p>\n","protected":false},"featured_media":38731,"comment_status":"open","ping_status":"closed","template":"","meta":{"_acf_changed":false},"pwb-brand":[],"product_brand":[],"product_cat":[2996,3004,3036,3036,2996,3004],"product_tag":[],"class_list":{"0":"post-387703","1":"product","2":"type-product","3":"status-publish","4":"has-post-thumbnail","6":"product_cat-produtos-vegetarianos","7":"product_cat-sem-gluten-2","8":"product_cat-natas-vegetais-2","13":"first","14":"instock","15":"taxable","16":"shipping-taxable","17":"purchasable","18":"product-type-simple"},"acf":[],"df_price":4.01,"df_sale_price":"","df_regular_price":4.01,"df_image_link":"https:\/\/glotomania.com\/wp-content\/uploads\/2022\/09\/img_19262_a42fb4a69df1290187a85b4e7616acd9_1-300x300.png","brands":[],"_links":{"self":[{"href":"https:\/\/glotomania.com\/pt-pt\/wp-json\/wp\/v2\/product\/387703","targetHints":{"allow":["GET"]}}],"collection":[{"href":"https:\/\/glotomania.com\/pt-pt\/wp-json\/wp\/v2\/product"}],"about":[{"href":"https:\/\/glotomania.com\/pt-pt\/wp-json\/wp\/v2\/types\/product"}],"replies":[{"embeddable":true,"href":"https:\/\/glotomania.com\/pt-pt\/wp-json\/wp\/v2\/comments?post=387703"}],"wp:featuredmedia":[{"embeddable":true,"href":"https:\/\/glotomania.com\/pt-pt\/wp-json\/wp\/v2\/media\/38731"}],"wp:attachment":[{"href":"https:\/\/glotomania.com\/pt-pt\/wp-json\/wp\/v2\/media?parent=387703"}],"wp:term":[{"taxonomy":"pwb-brand","embeddable":true,"href":"https:\/\/glotomania.com\/pt-pt\/wp-json\/wp\/v2\/pwb-brand?post=387703"},{"taxonomy":"product_brand","embeddable":true,"href":"https:\/\/glotomania.com\/pt-pt\/wp-json\/wp\/v2\/product_brand?post=387703"},{"taxonomy":"product_cat","embeddable":true,"href":"https:\/\/glotomania.com\/pt-pt\/wp-json\/wp\/v2\/product_cat?post=387703"},{"taxonomy":"product_tag","embeddable":true,"href":"https:\/\/glotomania.com\/pt-pt\/wp-json\/wp\/v2\/product_tag?post=387703"}],"curies":[{"name":"wp","href":"https:\/\/api.w.org\/{rel}","templated":true}]}}