{"id":387708,"date":"2025-09-02T10:26:13","date_gmt":"2025-09-02T10:26:13","guid":{"rendered":"https:\/\/glotomania.com\/p\/marcador-by-silvia-mancini-eyebrows-cejas-2\/"},"modified":"2026-04-24T00:16:51","modified_gmt":"2026-04-24T00:16:51","slug":"marcador-by-silvia-mancini-eyebrows-cejas-2","status":"publish","type":"product","link":"https:\/\/glotomania.com\/pt-pt\/p\/marcador-by-silvia-mancini-eyebrows-cejas-2\/","title":{"rendered":"Marcador &#8220;by Silvia Mancini&#8221; &#8211; Eyebrows \/ Sobrancelhas"},"content":{"rendered":"<p>\n<span style=\"font-size:14px\">O conjunto inclui: 3 marcadores de sobrancelhas adequados para 50\/90 g de faces, cerca de 2,5 &#8211; 3,5 cm.<\/span><\/p>\n<p><span style=\"font-size:14px\">Esta &eacute; a ferramenta ideal para conseguir sobrancelhas perfeitas, alinhadas, iguais e equidistantes do nariz e dos olhos em apenas alguns passos.&nbsp;<\/span><\/p>\n<p><span style=\"font-size:14px\">Adequado para utiliza&ccedil;&atilde;o com diferentes materiais: pasta de a&ccedil;&uacute;car, pasta de flores, pasta de goma, chocolate de pl&aacute;stico, ma&ccedil;ap&atilde;o e porcelana fria<\/span><\/p>\n","protected":false},"excerpt":{"rendered":"<p>Inclui 3 ferramentas de modela\u00e7\u00e3o em 3 tamanhos, para conseguir sobrancelhas perfeitas, r\u00e1pida e facilmente.<\/p>\n","protected":false},"featured_media":348894,"comment_status":"open","ping_status":"closed","template":"","meta":{"_acf_changed":false},"pwb-brand":[],"product_brand":[],"product_cat":[3106,3124,3215,3214,3087,1820,1823,1801,1809,1767],"product_tag":[],"class_list":{"0":"post-387708","1":"product","2":"type-product","3":"status-publish","4":"has-post-thumbnail","6":"product_cat-basicos-de-pastelaria","7":"product_cat-ferramentas-de-corte-e-modelacao-2","8":"product_cat-marcadores","9":"product_cat-moldes-de-pastelaria","10":"product_cat-ordem-e-armazenamento","11":"product_cat-basicos","12":"product_cat-herramientas-corte-y-modelado","13":"product_cat-moldes","14":"product_cat-moldes-marcadores","15":"product_cat-utensilios","17":"first","18":"instock","19":"taxable","20":"shipping-taxable","21":"purchasable","22":"product-type-simple"},"acf":[],"df_price":8.41,"df_sale_price":8.41,"df_regular_price":16.82,"df_image_link":"https:\/\/glotomania.com\/wp-content\/uploads\/2025\/11\/img_12495_6edeaa2adcddfe5000bf5165b8f5ca05_1-13-300x300.jpg","brands":[],"_links":{"self":[{"href":"https:\/\/glotomania.com\/pt-pt\/wp-json\/wp\/v2\/product\/387708","targetHints":{"allow":["GET"]}}],"collection":[{"href":"https:\/\/glotomania.com\/pt-pt\/wp-json\/wp\/v2\/product"}],"about":[{"href":"https:\/\/glotomania.com\/pt-pt\/wp-json\/wp\/v2\/types\/product"}],"replies":[{"embeddable":true,"href":"https:\/\/glotomania.com\/pt-pt\/wp-json\/wp\/v2\/comments?post=387708"}],"wp:featuredmedia":[{"embeddable":true,"href":"https:\/\/glotomania.com\/pt-pt\/wp-json\/wp\/v2\/media\/348894"}],"wp:attachment":[{"href":"https:\/\/glotomania.com\/pt-pt\/wp-json\/wp\/v2\/media?parent=387708"}],"wp:term":[{"taxonomy":"pwb-brand","embeddable":true,"href":"https:\/\/glotomania.com\/pt-pt\/wp-json\/wp\/v2\/pwb-brand?post=387708"},{"taxonomy":"product_brand","embeddable":true,"href":"https:\/\/glotomania.com\/pt-pt\/wp-json\/wp\/v2\/product_brand?post=387708"},{"taxonomy":"product_cat","embeddable":true,"href":"https:\/\/glotomania.com\/pt-pt\/wp-json\/wp\/v2\/product_cat?post=387708"},{"taxonomy":"product_tag","embeddable":true,"href":"https:\/\/glotomania.com\/pt-pt\/wp-json\/wp\/v2\/product_tag?post=387708"}],"curies":[{"name":"wp","href":"https:\/\/api.w.org\/{rel}","templated":true}]}}