{"id":387725,"date":"2025-09-02T10:26:23","date_gmt":"2025-09-02T10:26:23","guid":{"rendered":"https:\/\/glotomania.com\/p\/molde-de-aluminio-anodizado-corazon-pme-o-254-cm-h-76-cm-2\/"},"modified":"2026-04-21T20:51:12","modified_gmt":"2026-04-21T20:51:12","slug":"molde-de-aluminio-anodizado-corazon-pme-o-254-cm-h-76-cm-2","status":"publish","type":"product","link":"https:\/\/glotomania.com\/pt-pt\/p\/molde-de-aluminio-anodizado-corazon-pme-o-254-cm-h-76-cm-2\/","title":{"rendered":"Molde Cora\u00c7\u00c3o De Alum\u00cdnio Anodizado Pme &#8211; \u00d8 25,4 Cm \/ H 7,6 Cm"},"content":{"rendered":"<p>\n<span style=\"font-size: 14px\">Os moldes para bolos PME s&atilde;o feitos de alum&iacute;nio&nbsp;<strong>anodizado&nbsp;<\/strong>forte e dur&aacute;vel n&atilde;o reactivo, tornando-os f&aacute;ceis de usar, limpos e dur&aacute;veis.&nbsp;<\/span><\/p>\n<p><span style=\"font-size: 14px\">Fabricado com uma espessura de parede&nbsp;<strong>uniforme&nbsp;<\/strong>e um acabamento sem&nbsp;<strong>costuras<\/strong>, conseguindo um bolo liso e rectil&iacute;neo.<\/span><\/p>\n<p><span style=\"font-size: 14px\"><strong>Medidas<\/strong>:&nbsp;<\/span><span style=\"font-family: Helvetica;font-size: 14px\">&Oslash; 25,4<\/span><span style=\"font-size: 14px\">&nbsp;cm &#8211; Altura 7,6&nbsp;cm.<\/span><\/p>\n","protected":false},"excerpt":{"rendered":"<p>Molde de acabamento profissional PME, limpo e forte, perfeito para bolos de cora\u00e7\u00e3o perfeito.<\/p>\n","protected":false},"featured_media":36983,"comment_status":"open","ping_status":"closed","template":"","meta":{"_acf_changed":false},"pwb-brand":[],"product_brand":[],"product_cat":[2907,3217,3214,3087,2924,1852,1802,1801,1849,1767],"product_tag":[],"class_list":{"0":"post-387725","1":"product","2":"type-product","3":"status-publish","4":"has-post-thumbnail","6":"product_cat-festas","7":"product_cat-moldes-de-formas-especiais","8":"product_cat-moldes-de-pastelaria","9":"product_cat-ordem-e-armazenamento","10":"product_cat-sao-valentim-2","11":"product_cat-san-valentin","12":"product_cat-moldes-metal","13":"product_cat-moldes","14":"product_cat-fiestas","15":"product_cat-utensilios","17":"first","18":"instock","19":"taxable","20":"shipping-taxable","21":"purchasable","22":"product-type-simple"},"acf":[],"df_price":16.94,"df_sale_price":"","df_regular_price":16.94,"df_image_link":"https:\/\/glotomania.com\/wp-content\/uploads\/2022\/09\/img_12781_104685d73fe41d309b621e641f050df8_1-300x300.png","brands":[],"_links":{"self":[{"href":"https:\/\/glotomania.com\/pt-pt\/wp-json\/wp\/v2\/product\/387725","targetHints":{"allow":["GET"]}}],"collection":[{"href":"https:\/\/glotomania.com\/pt-pt\/wp-json\/wp\/v2\/product"}],"about":[{"href":"https:\/\/glotomania.com\/pt-pt\/wp-json\/wp\/v2\/types\/product"}],"replies":[{"embeddable":true,"href":"https:\/\/glotomania.com\/pt-pt\/wp-json\/wp\/v2\/comments?post=387725"}],"wp:featuredmedia":[{"embeddable":true,"href":"https:\/\/glotomania.com\/pt-pt\/wp-json\/wp\/v2\/media\/36983"}],"wp:attachment":[{"href":"https:\/\/glotomania.com\/pt-pt\/wp-json\/wp\/v2\/media?parent=387725"}],"wp:term":[{"taxonomy":"pwb-brand","embeddable":true,"href":"https:\/\/glotomania.com\/pt-pt\/wp-json\/wp\/v2\/pwb-brand?post=387725"},{"taxonomy":"product_brand","embeddable":true,"href":"https:\/\/glotomania.com\/pt-pt\/wp-json\/wp\/v2\/product_brand?post=387725"},{"taxonomy":"product_cat","embeddable":true,"href":"https:\/\/glotomania.com\/pt-pt\/wp-json\/wp\/v2\/product_cat?post=387725"},{"taxonomy":"product_tag","embeddable":true,"href":"https:\/\/glotomania.com\/pt-pt\/wp-json\/wp\/v2\/product_tag?post=387725"}],"curies":[{"name":"wp","href":"https:\/\/api.w.org\/{rel}","templated":true}]}}