{"id":387764,"date":"2025-09-24T15:55:59","date_gmt":"2025-09-24T15:55:59","guid":{"rendered":"https:\/\/glotomania.com\/p\/caja-para-galletas-kraft-2\/"},"modified":"2026-03-10T12:46:55","modified_gmt":"2026-03-10T12:46:55","slug":"caja-para-galletas-kraft-2","status":"publish","type":"product","link":"https:\/\/glotomania.com\/pt-pt\/p\/caja-para-galletas-kraft-2\/","title":{"rendered":"Caixa De Biscoitos Kraft Com Janela &#8211; H 3,5 Cm"},"content":{"rendered":"<p>\u00a0<\/p>\n<p><span style=\"font-size: 14px\">Caixa de papel\u00e3o craft. Ideal para apresentar ou transportar biscoitos, por\u00e7\u00f5es de bolo e outras prepara\u00e7\u00f5es.<\/span><\/p>\n<p><span style=\"font-size: 14px\">F\u00e1cil de desdobrar, \u00e9 servido dobrado para melhor armazenamento e conserva\u00e7\u00e3o.<\/span><\/p>\n<p><span style=\"font-size: 14px\">Feito de papel\u00e3o forte adequado para uso alimentar.<\/span><\/p>\n<p><span style=\"font-size: 14px\"><strong>Medidas<\/strong>: Comprimento 17,3\u00a0cm &#8211; Largura 17,3\u00a0cm &#8211; Altura 3,5\u00a0cm.<\/span><\/p>\n","protected":false},"excerpt":{"rendered":"<p>Caixa de biscoitos com janela de cart\u00e3o micro-ondulado de alta resist\u00eancia na cor kraft<\/p>\n","protected":false},"featured_media":349960,"comment_status":"open","ping_status":"closed","template":"","meta":{"_acf_changed":false},"pwb-brand":[],"product_brand":[],"product_cat":[2905,2905],"product_tag":[],"class_list":{"0":"post-387764","1":"product","2":"type-product","3":"status-publish","4":"has-post-thumbnail","6":"product_cat-data-de-expiracao-proxima","9":"first","10":"instock","11":"taxable","12":"shipping-taxable","13":"purchasable","14":"product-type-simple"},"acf":[],"df_price":0.35,"df_sale_price":"","df_regular_price":0.35,"df_image_link":"https:\/\/glotomania.com\/wp-content\/uploads\/2025\/11\/img_20985_ea168296c4492737c1f50ffe9e1726f3_1-181-300x300.jpg","brands":[],"_links":{"self":[{"href":"https:\/\/glotomania.com\/pt-pt\/wp-json\/wp\/v2\/product\/387764","targetHints":{"allow":["GET"]}}],"collection":[{"href":"https:\/\/glotomania.com\/pt-pt\/wp-json\/wp\/v2\/product"}],"about":[{"href":"https:\/\/glotomania.com\/pt-pt\/wp-json\/wp\/v2\/types\/product"}],"replies":[{"embeddable":true,"href":"https:\/\/glotomania.com\/pt-pt\/wp-json\/wp\/v2\/comments?post=387764"}],"wp:featuredmedia":[{"embeddable":true,"href":"https:\/\/glotomania.com\/pt-pt\/wp-json\/wp\/v2\/media\/349960"}],"wp:attachment":[{"href":"https:\/\/glotomania.com\/pt-pt\/wp-json\/wp\/v2\/media?parent=387764"}],"wp:term":[{"taxonomy":"pwb-brand","embeddable":true,"href":"https:\/\/glotomania.com\/pt-pt\/wp-json\/wp\/v2\/pwb-brand?post=387764"},{"taxonomy":"product_brand","embeddable":true,"href":"https:\/\/glotomania.com\/pt-pt\/wp-json\/wp\/v2\/product_brand?post=387764"},{"taxonomy":"product_cat","embeddable":true,"href":"https:\/\/glotomania.com\/pt-pt\/wp-json\/wp\/v2\/product_cat?post=387764"},{"taxonomy":"product_tag","embeddable":true,"href":"https:\/\/glotomania.com\/pt-pt\/wp-json\/wp\/v2\/product_tag?post=387764"}],"curies":[{"name":"wp","href":"https:\/\/api.w.org\/{rel}","templated":true}]}}