{"id":387765,"date":"2025-09-02T10:26:45","date_gmt":"2025-09-02T10:26:45","guid":{"rendered":"https:\/\/glotomania.com\/p\/papel-de-arroz-wafer-paper-50-unidades-2\/"},"modified":"2026-03-26T19:37:41","modified_gmt":"2026-03-26T19:37:41","slug":"papel-de-arroz-wafer-paper-50-unidades-2","status":"publish","type":"product","link":"https:\/\/glotomania.com\/pt-pt\/p\/papel-de-arroz-wafer-paper-50-unidades-2\/","title":{"rendered":"Pap\u00c9is De Obreia Finas &#8211; 50 Unidades"},"content":{"rendered":"<p>\n<span style=\"color:#000000\"><span style=\"font-size:14px\">A nossa obreia tem a espessura perfeita para fazer flores. &Eacute; muito resistente, e tem uma flexibilidade extraordin&aacute;ria, pelo que n&atilde;o se parte quando dobrada ou manuseada.<\/span><\/span><\/p>\n<p><span style=\"color:#000000\"><span style=\"font-size:14px\">Pode ser cortado com tesouras, cisalhas ou perfuradoras e pode utilizar corantes em p&oacute; para dar um toque de cor extra &agrave; flor com um pincel.<\/span><\/span><\/p>\n<p><span style=\"color:#000000\"><span style=\"font-size:14px\">De cor branca.<\/span><\/span><\/p>\n<p><span style=\"color:#000000\"><span style=\"font-size:14px\"><strong>Medidas:<\/strong>&nbsp;formato DIN A4 &#8211; Comprimento 29 cm &#8211; Largura 21 cm &#8211; Espessura 0,03 cm.<\/span><\/span><\/p>\n","protected":false},"excerpt":{"rendered":"<p>Folhas de papel comest\u00edvel de 0,03 cm de espessura, ideal para imprimir ou decorar \u00e0 m\u00e3o.<\/p>\n","protected":false},"featured_media":346316,"comment_status":"open","ping_status":"closed","template":"","meta":{"_acf_changed":false,"_joinchat":[]},"pwb-brand":[],"product_brand":[],"product_cat":[2925,2927,2996,3004,2933,1832,1841,1833,1877,1922],"product_tag":[],"class_list":{"0":"post-387765","1":"product","2":"type-product","3":"status-publish","4":"has-post-thumbnail","6":"product_cat-impressoes-comestiveis","7":"product_cat-papel-comestivel","8":"product_cat-produtos-vegetarianos","9":"product_cat-sem-gluten-2","10":"product_cat-wafer-paper","11":"product_cat-diestas-especiales","12":"product_cat-impresiones","13":"product_cat-dieta-sin-gluten","14":"product_cat-papel-comestible","15":"product_cat-wafer-transfer","17":"first","18":"instock","19":"taxable","20":"shipping-taxable","21":"purchasable","22":"product-type-simple"},"acf":[],"df_price":15.95,"df_sale_price":"","df_regular_price":15.95,"df_image_link":"https:\/\/e622tfk5wxd.exactdn.com\/wp-content\/uploads\/2025\/11\/img_20194_05eb15fa1eed1750f975acac2286e641_1-18-300x300.jpg?strip=all","brands":[],"_links":{"self":[{"href":"https:\/\/glotomania.com\/pt-pt\/wp-json\/wp\/v2\/product\/387765","targetHints":{"allow":["GET"]}}],"collection":[{"href":"https:\/\/glotomania.com\/pt-pt\/wp-json\/wp\/v2\/product"}],"about":[{"href":"https:\/\/glotomania.com\/pt-pt\/wp-json\/wp\/v2\/types\/product"}],"replies":[{"embeddable":true,"href":"https:\/\/glotomania.com\/pt-pt\/wp-json\/wp\/v2\/comments?post=387765"}],"wp:featuredmedia":[{"embeddable":true,"href":"https:\/\/glotomania.com\/pt-pt\/wp-json\/wp\/v2\/media\/346316"}],"wp:attachment":[{"href":"https:\/\/glotomania.com\/pt-pt\/wp-json\/wp\/v2\/media?parent=387765"}],"wp:term":[{"taxonomy":"pwb-brand","embeddable":true,"href":"https:\/\/glotomania.com\/pt-pt\/wp-json\/wp\/v2\/pwb-brand?post=387765"},{"taxonomy":"product_brand","embeddable":true,"href":"https:\/\/glotomania.com\/pt-pt\/wp-json\/wp\/v2\/product_brand?post=387765"},{"taxonomy":"product_cat","embeddable":true,"href":"https:\/\/glotomania.com\/pt-pt\/wp-json\/wp\/v2\/product_cat?post=387765"},{"taxonomy":"product_tag","embeddable":true,"href":"https:\/\/glotomania.com\/pt-pt\/wp-json\/wp\/v2\/product_tag?post=387765"}],"curies":[{"name":"wp","href":"https:\/\/api.w.org\/{rel}","templated":true}]}}