{"id":387766,"date":"2025-09-02T10:26:45","date_gmt":"2025-09-02T10:26:45","guid":{"rendered":"https:\/\/glotomania.com\/p\/set-capsulas-cupcake-pme-unicornio-2\/"},"modified":"2026-04-30T00:19:40","modified_gmt":"2026-04-30T00:19:40","slug":"set-capsulas-cupcake-pme-unicornio-2","status":"publish","type":"product","link":"https:\/\/glotomania.com\/pt-pt\/p\/set-capsulas-cupcake-pme-unicornio-2\/","title":{"rendered":"Set C\u00c1psulas De Cupcake Pme &#8211; Unic\u00d3rnio"},"content":{"rendered":"<p>\n<span style=\"font-size:14px\">S&atilde;o revestidas com folha de alum&iacute;nio no interior para evitar qualquer poss&iacute;vel mancha de gordura.<\/span><\/p>\n<p><span style=\"font-size:14px\"><strong>Medidas: <\/strong>&Oslash; base 50 mm &#8211; &Oslash; topo 70 mm &#8211; Altura 28 mm.&nbsp;<\/span><\/p>\n","protected":false},"excerpt":{"rendered":"<p>Set de 60 c\u00e1psulas de papel vegetal PME, inclui tr\u00eas modelos diferentes de unic\u00f3rnios.<\/p>\n","protected":false},"featured_media":38864,"comment_status":"open","ping_status":"closed","template":"","meta":{"_acf_changed":false},"pwb-brand":[],"product_brand":[],"product_cat":[3191,3193,3087,2009,2010,1767],"product_tag":[],"class_list":{"0":"post-387766","1":"product","2":"type-product","3":"status-publish","4":"has-post-thumbnail","6":"product_cat-capacillos-de-papel-2","7":"product_cat-capsulas-para-cupcakes-2","8":"product_cat-ordem-e-armazenamento","9":"product_cat-capsulas","10":"product_cat-capsulas-cupcakes","11":"product_cat-utensilios","13":"first","14":"instock","15":"taxable","16":"shipping-taxable","17":"purchasable","18":"product-type-simple"},"acf":[],"df_price":2.37,"df_sale_price":2.37,"df_regular_price":3.39,"df_image_link":"https:\/\/glotomania.com\/wp-content\/uploads\/2022\/09\/img_12942_b2c9279a6aa72236df67d75150aac062_1-300x300.png","brands":[],"_links":{"self":[{"href":"https:\/\/glotomania.com\/pt-pt\/wp-json\/wp\/v2\/product\/387766","targetHints":{"allow":["GET"]}}],"collection":[{"href":"https:\/\/glotomania.com\/pt-pt\/wp-json\/wp\/v2\/product"}],"about":[{"href":"https:\/\/glotomania.com\/pt-pt\/wp-json\/wp\/v2\/types\/product"}],"replies":[{"embeddable":true,"href":"https:\/\/glotomania.com\/pt-pt\/wp-json\/wp\/v2\/comments?post=387766"}],"wp:featuredmedia":[{"embeddable":true,"href":"https:\/\/glotomania.com\/pt-pt\/wp-json\/wp\/v2\/media\/38864"}],"wp:attachment":[{"href":"https:\/\/glotomania.com\/pt-pt\/wp-json\/wp\/v2\/media?parent=387766"}],"wp:term":[{"taxonomy":"pwb-brand","embeddable":true,"href":"https:\/\/glotomania.com\/pt-pt\/wp-json\/wp\/v2\/pwb-brand?post=387766"},{"taxonomy":"product_brand","embeddable":true,"href":"https:\/\/glotomania.com\/pt-pt\/wp-json\/wp\/v2\/product_brand?post=387766"},{"taxonomy":"product_cat","embeddable":true,"href":"https:\/\/glotomania.com\/pt-pt\/wp-json\/wp\/v2\/product_cat?post=387766"},{"taxonomy":"product_tag","embeddable":true,"href":"https:\/\/glotomania.com\/pt-pt\/wp-json\/wp\/v2\/product_tag?post=387766"}],"curies":[{"name":"wp","href":"https:\/\/api.w.org\/{rel}","templated":true}]}}