{"id":387767,"date":"2025-09-02T10:26:45","date_gmt":"2025-09-02T10:26:45","guid":{"rendered":"https:\/\/glotomania.com\/p\/capsulas-cupcakes-pme-sombrero-de-bruja-2\/"},"modified":"2026-04-30T00:19:41","modified_gmt":"2026-04-30T00:19:41","slug":"capsulas-cupcakes-pme-sombrero-de-bruja-2","status":"publish","type":"product","link":"https:\/\/glotomania.com\/pt-pt\/p\/capsulas-cupcakes-pme-sombrero-de-bruja-2\/","title":{"rendered":"C\u00c1psulas Cupcake Pme &#8211; Chapeu De Bruxa"},"content":{"rendered":"<p>&nbsp;<\/p>\n<p><span style=\"font-size: 14px\">S&atilde;o revestidas com folha de alum&iacute;nio no interior para evitar qualquer poss&iacute;vel mancha de gordura.<\/span><\/p>\n<p><span style=\"font-size: 14px\"><strong>Medidas:&nbsp;<\/strong>&Oslash; base 50 mm &#8211; &Oslash; topo 70 mm &#8211; Altura 28 mm.<\/span><\/p>\n","protected":false},"excerpt":{"rendered":"<p>Conjunto de 30 c\u00e1psulas de papel PME, ideal para dar um toque m\u00e1gico \u00e0s nossas pequenas elabora\u00e7\u00f5es.<\/p>\n","protected":false},"featured_media":346318,"comment_status":"open","ping_status":"closed","template":"","meta":{"_acf_changed":false},"pwb-brand":[],"product_brand":[],"product_cat":[3191,3193,2907,2917,3087,2009,2010,1849,1863,1767],"product_tag":[],"class_list":{"0":"post-387767","1":"product","2":"type-product","3":"status-publish","4":"has-post-thumbnail","6":"product_cat-capacillos-de-papel-2","7":"product_cat-capsulas-para-cupcakes-2","8":"product_cat-festas","9":"product_cat-halloween","10":"product_cat-ordem-e-armazenamento","11":"product_cat-capsulas","12":"product_cat-capsulas-cupcakes","13":"product_cat-fiestas","15":"product_cat-utensilios","17":"first","18":"instock","19":"taxable","20":"shipping-taxable","21":"purchasable","22":"product-type-simple"},"acf":[],"df_price":2.07,"df_sale_price":2.07,"df_regular_price":2.95,"df_image_link":"https:\/\/glotomania.com\/wp-content\/uploads\/2025\/11\/img_12959_f0011a57df307d0605aa241565243e93_1-6-300x300.jpg","brands":[],"_links":{"self":[{"href":"https:\/\/glotomania.com\/pt-pt\/wp-json\/wp\/v2\/product\/387767","targetHints":{"allow":["GET"]}}],"collection":[{"href":"https:\/\/glotomania.com\/pt-pt\/wp-json\/wp\/v2\/product"}],"about":[{"href":"https:\/\/glotomania.com\/pt-pt\/wp-json\/wp\/v2\/types\/product"}],"replies":[{"embeddable":true,"href":"https:\/\/glotomania.com\/pt-pt\/wp-json\/wp\/v2\/comments?post=387767"}],"wp:featuredmedia":[{"embeddable":true,"href":"https:\/\/glotomania.com\/pt-pt\/wp-json\/wp\/v2\/media\/346318"}],"wp:attachment":[{"href":"https:\/\/glotomania.com\/pt-pt\/wp-json\/wp\/v2\/media?parent=387767"}],"wp:term":[{"taxonomy":"pwb-brand","embeddable":true,"href":"https:\/\/glotomania.com\/pt-pt\/wp-json\/wp\/v2\/pwb-brand?post=387767"},{"taxonomy":"product_brand","embeddable":true,"href":"https:\/\/glotomania.com\/pt-pt\/wp-json\/wp\/v2\/product_brand?post=387767"},{"taxonomy":"product_cat","embeddable":true,"href":"https:\/\/glotomania.com\/pt-pt\/wp-json\/wp\/v2\/product_cat?post=387767"},{"taxonomy":"product_tag","embeddable":true,"href":"https:\/\/glotomania.com\/pt-pt\/wp-json\/wp\/v2\/product_tag?post=387767"}],"curies":[{"name":"wp","href":"https:\/\/api.w.org\/{rel}","templated":true}]}}