{"id":387768,"date":"2025-09-02T10:26:46","date_gmt":"2025-09-02T10:26:46","guid":{"rendered":"https:\/\/glotomania.com\/p\/capsulas-cupcakes-pme-santa-claus-con-saco-2\/"},"modified":"2026-05-09T00:24:14","modified_gmt":"2026-05-09T00:24:14","slug":"capsulas-cupcakes-pme-santa-claus-con-saco-2","status":"publish","type":"product","link":"https:\/\/glotomania.com\/pt-pt\/p\/capsulas-cupcakes-pme-santa-claus-con-saco-2\/","title":{"rendered":"C\u00c1psulas Cupcake Pme &#8211; Papai Noel Com Saco"},"content":{"rendered":"<p>&nbsp;<\/p>\n<p><span style=\"font-size: 14px\">S&atilde;o revestidas com folha de alum&iacute;nio no interior para evitar qualquer poss&iacute;vel mancha de gordura.<\/span><\/p>\n<p><span style=\"font-size: 14px\"><strong>Medidas:&nbsp;<\/strong>&Oslash; base 50 mm &#8211; &Oslash; topo 70 mm &#8211; Altura 28 mm.<\/span><\/p>\n","protected":false},"excerpt":{"rendered":"<p>Conjunto de 30 c\u00e1psulas de papel PME, ideal para dar um toque de Natal \u00e0s nossas pequenas prepara\u00e7\u00f5es.<\/p>\n","protected":false},"featured_media":37972,"comment_status":"open","ping_status":"closed","template":"","meta":{"_acf_changed":false},"pwb-brand":[],"product_brand":[],"product_cat":[3191,2009,2010,3193,2907,2920,3087,1849,1866,1767],"product_tag":[],"class_list":{"0":"post-387768","1":"product","2":"type-product","3":"status-publish","4":"has-post-thumbnail","6":"product_cat-capacillos-de-papel-2","7":"product_cat-capsulas","8":"product_cat-capsulas-cupcakes","9":"product_cat-capsulas-para-cupcakes-2","10":"product_cat-festas","11":"product_cat-natal-2","12":"product_cat-ordem-e-armazenamento","13":"product_cat-fiestas","14":"product_cat-navidad","15":"product_cat-utensilios","17":"first","18":"instock","19":"taxable","20":"shipping-taxable","21":"purchasable","22":"product-type-simple"},"acf":[],"df_price":2.95,"df_sale_price":2.07,"df_regular_price":2.95,"df_image_link":"https:\/\/glotomania.com\/wp-content\/uploads\/2022\/09\/img_12964_c989c2adbb678dd0ba99ea0a6e0ebe06_1-300x300.png","brands":[],"_links":{"self":[{"href":"https:\/\/glotomania.com\/pt-pt\/wp-json\/wp\/v2\/product\/387768","targetHints":{"allow":["GET"]}}],"collection":[{"href":"https:\/\/glotomania.com\/pt-pt\/wp-json\/wp\/v2\/product"}],"about":[{"href":"https:\/\/glotomania.com\/pt-pt\/wp-json\/wp\/v2\/types\/product"}],"replies":[{"embeddable":true,"href":"https:\/\/glotomania.com\/pt-pt\/wp-json\/wp\/v2\/comments?post=387768"}],"wp:featuredmedia":[{"embeddable":true,"href":"https:\/\/glotomania.com\/pt-pt\/wp-json\/wp\/v2\/media\/37972"}],"wp:attachment":[{"href":"https:\/\/glotomania.com\/pt-pt\/wp-json\/wp\/v2\/media?parent=387768"}],"wp:term":[{"taxonomy":"pwb-brand","embeddable":true,"href":"https:\/\/glotomania.com\/pt-pt\/wp-json\/wp\/v2\/pwb-brand?post=387768"},{"taxonomy":"product_brand","embeddable":true,"href":"https:\/\/glotomania.com\/pt-pt\/wp-json\/wp\/v2\/product_brand?post=387768"},{"taxonomy":"product_cat","embeddable":true,"href":"https:\/\/glotomania.com\/pt-pt\/wp-json\/wp\/v2\/product_cat?post=387768"},{"taxonomy":"product_tag","embeddable":true,"href":"https:\/\/glotomania.com\/pt-pt\/wp-json\/wp\/v2\/product_tag?post=387768"}],"curies":[{"name":"wp","href":"https:\/\/api.w.org\/{rel}","templated":true}]}}