{"id":387773,"date":"2025-09-02T10:26:49","date_gmt":"2025-09-02T10:26:49","guid":{"rendered":"https:\/\/glotomania.com\/p\/aerografo-portatil-usb-pme-2\/"},"modified":"2026-03-10T12:47:14","modified_gmt":"2026-03-10T12:47:14","slug":"aerografo-portatil-usb-pme-2","status":"publish","type":"product","link":"https:\/\/glotomania.com\/pt-pt\/p\/aerografo-portatil-usb-pme-2\/","title":{"rendered":"Aer\u00d3grafo Port\u00c1til Usb Pme"},"content":{"rendered":"<div>\n<span style=\"font-size:14px\">Liberte a sua criatividade com este aer&oacute;grafo leve que pode transportar e utilizar em qualquer lugar. N&atilde;o usar fios com este kit leve de escova de ar port&aacute;til.<\/span><\/div>\n<div>&nbsp;<\/div>\n<div><span style=\"font-size:14px\">Compressor de ar recarreg&aacute;vel USB, com cabo de recarga&nbsp;<\/span><\/div>\n<div>&nbsp;<\/div>\n<div><span style=\"font-size:14px\"><strong>O sistema de opera&ccedil;&atilde;o de alavanca &uacute;nica <\/strong>d&aacute;-lhe um controlo perfeito, e um <strong>reservat&oacute;rio<\/strong> f&aacute;cil de encher, que enrosca directamente na unidade compressora. &Eacute; terminado numa bela cor <strong>dourada<\/strong>.<\/span><\/div>\n<div>&nbsp;<\/div>\n<div><span style=\"font-size:14px\">O compressor port&aacute;til de alta qualidade tem uma sa&iacute;da de <strong>11PSI<\/strong> para cobrir uniformemente os seus bolos.<\/span><\/div>\n<div>\n<span style=\"font-size:14px\">O tempo de trabalho &eacute; de aproximadamente <strong>50 minutos<\/strong> e pode ser facilmente recarregado em cerca de <strong>1,5 horas.<\/strong><\/span><\/div>\n<div>&nbsp;<\/div>\n<div><span style=\"font-size:14px\">O kit inclui um cabo de carregamento USB de <strong>90cm<\/strong>, que lhe permite carregar a partir de uma tomada, de um port&aacute;til ou mesmo do seu carro, se estiver em movimento.<\/span><\/div>\n<div>\n&nbsp;<\/div>\n","protected":false},"excerpt":{"rendered":"<p>Aer\u00f3grafo port\u00e1til USB PME de alta qualidade, com copo de alimenta\u00e7\u00e3o por gravidade.<\/p>\n","protected":false},"featured_media":161660,"comment_status":"open","ping_status":"closed","template":"","meta":{"_acf_changed":false},"pwb-brand":[],"product_brand":[],"product_cat":[3109,3087,3226,1995,1811,1767],"product_tag":[],"class_list":{"0":"post-387773","1":"product","2":"type-product","3":"status-publish","4":"has-post-thumbnail","6":"product_cat-aerografos","7":"product_cat-ordem-e-armazenamento","8":"product_cat-pequenos-eletrodomesticos","10":"product_cat-cocina","11":"product_cat-utensilios","13":"first","14":"instock","15":"taxable","16":"shipping-taxable","17":"purchasable","18":"product-type-simple"},"acf":[],"df_price":78,"df_sale_price":"","df_regular_price":78,"df_image_link":"https:\/\/glotomania.com\/wp-content\/uploads\/2025\/09\/img_12988_f79f5e8218600df515b67b9db6ba74bf_1-300x300.png","brands":[],"_links":{"self":[{"href":"https:\/\/glotomania.com\/pt-pt\/wp-json\/wp\/v2\/product\/387773","targetHints":{"allow":["GET"]}}],"collection":[{"href":"https:\/\/glotomania.com\/pt-pt\/wp-json\/wp\/v2\/product"}],"about":[{"href":"https:\/\/glotomania.com\/pt-pt\/wp-json\/wp\/v2\/types\/product"}],"replies":[{"embeddable":true,"href":"https:\/\/glotomania.com\/pt-pt\/wp-json\/wp\/v2\/comments?post=387773"}],"wp:featuredmedia":[{"embeddable":true,"href":"https:\/\/glotomania.com\/pt-pt\/wp-json\/wp\/v2\/media\/161660"}],"wp:attachment":[{"href":"https:\/\/glotomania.com\/pt-pt\/wp-json\/wp\/v2\/media?parent=387773"}],"wp:term":[{"taxonomy":"pwb-brand","embeddable":true,"href":"https:\/\/glotomania.com\/pt-pt\/wp-json\/wp\/v2\/pwb-brand?post=387773"},{"taxonomy":"product_brand","embeddable":true,"href":"https:\/\/glotomania.com\/pt-pt\/wp-json\/wp\/v2\/product_brand?post=387773"},{"taxonomy":"product_cat","embeddable":true,"href":"https:\/\/glotomania.com\/pt-pt\/wp-json\/wp\/v2\/product_cat?post=387773"},{"taxonomy":"product_tag","embeddable":true,"href":"https:\/\/glotomania.com\/pt-pt\/wp-json\/wp\/v2\/product_tag?post=387773"}],"curies":[{"name":"wp","href":"https:\/\/api.w.org\/{rel}","templated":true}]}}