{"id":387788,"date":"2025-09-02T10:27:00","date_gmt":"2025-09-02T10:27:00","guid":{"rendered":"https:\/\/glotomania.com\/p\/caja-para-tarta-blanca-25-cm-extensiones-305-cm-sin-emblistar-2\/"},"modified":"2026-04-23T04:50:11","modified_gmt":"2026-04-23T04:50:11","slug":"caja-para-tarta-blanca-25-cm-extensiones-305-cm-sin-emblistar-2","status":"publish","type":"product","link":"https:\/\/glotomania.com\/pt-pt\/p\/caja-para-tarta-blanca-25-cm-extensiones-305-cm-sin-emblistar-2\/","title":{"rendered":"Caixa De Bolo Branca &#8211; Extens\u00d5es De 25 Cm + 30,5 Cm (n\u00c3o Embalados)"},"content":{"rendered":"<p>&nbsp;<\/p>\n<p><span style=\"color:#000000\"><span style=\"font-size:14px\">A caixa &eacute; constitu&iacute;da por 2 pe&ccedil;as (base e tampa) e &eacute; enviada desmontada para evitar danos durante o transporte.<\/span><\/span><\/p>\n<p><span style=\"color:#000000\"><span style=\"font-size:14px\">Fabricado em cart&atilde;o resistente, adequado para uso alimentar.<\/span><\/span><\/p>\n<p><span style=\"color:#000000\"><span style=\"font-size:14px\"><strong>Medidas<\/strong>: 25&nbsp;cm x 25&nbsp;cm x 15 cm &#8211; 8&quot;.<\/span><\/span><\/p>\n<p><span style=\"color:#000000\"><span style=\"font-size:14px\">As extens&otilde;es s&atilde;o feitas de cart&atilde;o de cetim branco robusto, f&aacute;cil de montar.<\/span><\/span><\/p>\n<p><span style=\"color:#000000\"><span style=\"font-size:14px\">Produto recicl&aacute;vel e adequado para uso alimentar.<\/span><\/span><\/p>\n<p><span style=\"color:#000000\"><span style=\"font-size:14px\"><strong>Medidas<\/strong>: Altura 30,5 cm.<\/span><\/span><\/p>\n<p><span style=\"color:#000000\"><em style=\"font-size: 14px\">Este produto &eacute; vendido em unidades soltas sem pl&aacute;stico protector por unidade.&nbsp;<\/em><\/span><\/p><\/p>\n","protected":false},"excerpt":{"rendered":"<p>Caixa de cart\u00e3o forte, ideal para o cuidado e transporte das suas cria\u00e7\u00f5es, mais um conjunto de 4 pe\u00e7as para transportar e preservar os bolos de maior altura.<\/p>\n","protected":false},"featured_media":348943,"comment_status":"open","ping_status":"closed","template":"","meta":{"_acf_changed":false},"pwb-brand":[],"product_brand":[],"product_cat":[3158,3178,3189,3087,1782,1783,1925,1767],"product_tag":[],"class_list":{"0":"post-387788","1":"product","2":"type-product","3":"status-publish","4":"has-post-thumbnail","6":"product_cat-caixas-de-pastelaria","7":"product_cat-caixas-para-bolos-2","8":"product_cat-extensoes-para-caixas-3","9":"product_cat-ordem-e-armazenamento","10":"product_cat-cajas","11":"product_cat-cajas-tartas","12":"product_cat-extensiones-cajas","13":"product_cat-utensilios","15":"first","16":"outofstock","17":"taxable","18":"shipping-taxable","19":"purchasable","20":"product-type-simple"},"acf":[],"df_price":2.1,"df_sale_price":"","df_regular_price":2.1,"df_image_link":"https:\/\/glotomania.com\/wp-content\/uploads\/2025\/11\/img_20010_785a22e082f3d8c7eaefbffbc5953904_1-9-300x300.jpg","brands":[],"_links":{"self":[{"href":"https:\/\/glotomania.com\/pt-pt\/wp-json\/wp\/v2\/product\/387788","targetHints":{"allow":["GET"]}}],"collection":[{"href":"https:\/\/glotomania.com\/pt-pt\/wp-json\/wp\/v2\/product"}],"about":[{"href":"https:\/\/glotomania.com\/pt-pt\/wp-json\/wp\/v2\/types\/product"}],"replies":[{"embeddable":true,"href":"https:\/\/glotomania.com\/pt-pt\/wp-json\/wp\/v2\/comments?post=387788"}],"wp:featuredmedia":[{"embeddable":true,"href":"https:\/\/glotomania.com\/pt-pt\/wp-json\/wp\/v2\/media\/348943"}],"wp:attachment":[{"href":"https:\/\/glotomania.com\/pt-pt\/wp-json\/wp\/v2\/media?parent=387788"}],"wp:term":[{"taxonomy":"pwb-brand","embeddable":true,"href":"https:\/\/glotomania.com\/pt-pt\/wp-json\/wp\/v2\/pwb-brand?post=387788"},{"taxonomy":"product_brand","embeddable":true,"href":"https:\/\/glotomania.com\/pt-pt\/wp-json\/wp\/v2\/product_brand?post=387788"},{"taxonomy":"product_cat","embeddable":true,"href":"https:\/\/glotomania.com\/pt-pt\/wp-json\/wp\/v2\/product_cat?post=387788"},{"taxonomy":"product_tag","embeddable":true,"href":"https:\/\/glotomania.com\/pt-pt\/wp-json\/wp\/v2\/product_tag?post=387788"}],"curies":[{"name":"wp","href":"https:\/\/api.w.org\/{rel}","templated":true}]}}