{"id":387790,"date":"2025-09-02T10:27:02","date_gmt":"2025-09-02T10:27:02","guid":{"rendered":"https:\/\/glotomania.com\/p\/preparado-funcakes-para-crema-suiza-500-g-2\/"},"modified":"2026-03-10T12:47:51","modified_gmt":"2026-03-10T12:47:51","slug":"preparado-funcakes-para-crema-suiza-500-g-2","status":"publish","type":"product","link":"https:\/\/glotomania.com\/pt-pt\/p\/preparado-funcakes-para-crema-suiza-500-g-2\/","title":{"rendered":"Prepara\u00c7\u00c3o De Funcakes Para Creme Su\u00cd\u00c7o 500 G"},"content":{"rendered":"<p>\n<span style=\"font-size:14px\">A prepara&ccedil;&atilde;o para creme su&iacute;&ccedil;o FunCakes, tamb&eacute;m conhecida como uma mistura criada entre creme de pastelaria e creme de chantilly.&nbsp;<\/span><\/p>\n<p><span style=\"font-size:14px\">O Swiss Cream n&atilde;o &eacute; adequado para cobrir um bolo, mas pode ser usado como recheio para bolos, cremes, pudins e muito mais.<\/span><\/p>\n<p><strong><span style=\"font-size:14px\">Como prepar&aacute;-lo:&nbsp;<\/span><\/strong><\/p>\n<p><span style=\"font-size:14px\">Misturar 250 g de prepara&ccedil;&atilde;o e 550 ml de &aacute;gua durante 5 minutos a alta velocidade. Deixar o creme descansar durante algum tempo antes de o utilizar.&nbsp;<\/span><\/p>\n<p><em><span style=\"font-size:14px\">As prepara&ccedil;&otilde;es FunCakes Special Edition s&atilde;o uma gama de prepara&ccedil;&otilde;es novas ou sazonais e s&atilde;o frequentemente tempor&aacute;rias.<\/span><\/em><\/p>\n","protected":false},"excerpt":{"rendered":"<p>Prepara\u00e7\u00e3o de creme su\u00ed\u00e7o para funcakes, ideal para todos os tipos de recheios e cremes.<\/p>\n","protected":false},"featured_media":326066,"comment_status":"open","ping_status":"closed","template":"","meta":{"_acf_changed":false},"pwb-brand":[],"product_brand":[],"product_cat":[1832,2997,1901,3054,1854,2996],"product_tag":[],"class_list":{"0":"post-387790","1":"product","2":"type-product","3":"status-publish","4":"has-post-thumbnail","6":"product_cat-diestas-especiales","7":"product_cat-halal","8":"product_cat-dieta-halal","9":"product_cat-preparados-de-pastelaria-2","10":"product_cat-preparados","11":"product_cat-produtos-vegetarianos","13":"first","14":"instock","15":"taxable","16":"shipping-taxable","17":"purchasable","18":"product-type-simple"},"acf":[],"df_price":6.3,"df_sale_price":"","df_regular_price":6.3,"df_image_link":"https:\/\/glotomania.com\/wp-content\/uploads\/2025\/11\/img_18353_b31591639c1eb7b0dcd68082d1539636_1-10-300x300.jpg","brands":[],"_links":{"self":[{"href":"https:\/\/glotomania.com\/pt-pt\/wp-json\/wp\/v2\/product\/387790","targetHints":{"allow":["GET"]}}],"collection":[{"href":"https:\/\/glotomania.com\/pt-pt\/wp-json\/wp\/v2\/product"}],"about":[{"href":"https:\/\/glotomania.com\/pt-pt\/wp-json\/wp\/v2\/types\/product"}],"replies":[{"embeddable":true,"href":"https:\/\/glotomania.com\/pt-pt\/wp-json\/wp\/v2\/comments?post=387790"}],"wp:featuredmedia":[{"embeddable":true,"href":"https:\/\/glotomania.com\/pt-pt\/wp-json\/wp\/v2\/media\/326066"}],"wp:attachment":[{"href":"https:\/\/glotomania.com\/pt-pt\/wp-json\/wp\/v2\/media?parent=387790"}],"wp:term":[{"taxonomy":"pwb-brand","embeddable":true,"href":"https:\/\/glotomania.com\/pt-pt\/wp-json\/wp\/v2\/pwb-brand?post=387790"},{"taxonomy":"product_brand","embeddable":true,"href":"https:\/\/glotomania.com\/pt-pt\/wp-json\/wp\/v2\/product_brand?post=387790"},{"taxonomy":"product_cat","embeddable":true,"href":"https:\/\/glotomania.com\/pt-pt\/wp-json\/wp\/v2\/product_cat?post=387790"},{"taxonomy":"product_tag","embeddable":true,"href":"https:\/\/glotomania.com\/pt-pt\/wp-json\/wp\/v2\/product_tag?post=387790"}],"curies":[{"name":"wp","href":"https:\/\/api.w.org\/{rel}","templated":true}]}}