{"id":387791,"date":"2025-09-02T10:27:03","date_gmt":"2025-09-02T10:27:03","guid":{"rendered":"https:\/\/glotomania.com\/p\/preparado-funcakes-para-galletas-1-kg-2\/"},"modified":"2026-03-10T12:47:53","modified_gmt":"2026-03-10T12:47:53","slug":"preparado-funcakes-para-galletas-1-kg-2","status":"publish","type":"product","link":"https:\/\/glotomania.com\/pt-pt\/p\/preparado-funcakes-para-galletas-1-kg-2\/","title":{"rendered":"Prepara\u00c7\u00c3o De Funcake Para Biscoitos 1 Kg"},"content":{"rendered":"<p>\n<span style=\"font-size:14px\"><strong>M&eacute;todo de prepara&ccedil;&atilde;o:&nbsp;<\/strong><\/span><\/p>\n<p><span style=\"font-size:14px\">Preparar todos os ingredientes &agrave; temperatura ambiente.&nbsp;<\/span><\/p>\n<p><span style=\"font-size:14px\"><strong>Para aproximadamente 25 bolachas de 7-10 cm<\/strong> (dependendo da espessura e forma):&nbsp;<\/span><\/p>\n<p><span style=\"font-size:14px\">Misturar 500 g de prepara&ccedil;&atilde;o, 150 g de manteiga (nata) e 1 ovo (50 g) numa massa. Deixar a massa descansar na geladeira durante 1 hora.&nbsp;<\/span><\/p>\n<p><span style=\"font-size:14px\">Pr&eacute;-aquecer o forno a 180&deg;C (forno de convec&ccedil;&atilde;o a 160&deg;C). Esticar a massa sobre uma superf&iacute;cie enfarinhada (3 mm de espessura). Cortar as formas dos biscoitos. Cozer as bolachas no centro do forno durante cerca de 12 minutos, at&eacute; ficarem&nbsp;douradas. Deixar os biscoitos arrefecer e decorar como desejado.<\/span><\/p>\n<p><span style=\"font-size:14px\"><strong>Tarte de ma&ccedil;&atilde;: c<\/strong>obrir o fundo e os lados de uma forma com uma camada de massa de biscoito. Encher com ma&ccedil;&atilde;s, a&ccedil;&uacute;car e canela. Cozer durante aproximadamente 50-60 minutos a 170&deg;C (forno de convec&ccedil;&atilde;o a 150&deg;C).<\/span><\/p>\n","protected":false},"excerpt":{"rendered":"<p>Com a prepara\u00e7\u00e3o de Funcakes ir\u00e1 fazer bolos perfeitos e crocantes, e tamb\u00e9m uma deliciosa tarte de ma\u00e7\u00e3.<\/p>\n","protected":false},"featured_media":38750,"comment_status":"open","ping_status":"closed","template":"","meta":{"_acf_changed":false},"pwb-brand":[],"product_brand":[],"product_cat":[1832,2997,1901,3054,1854,2996],"product_tag":[],"class_list":{"0":"post-387791","1":"product","2":"type-product","3":"status-publish","4":"has-post-thumbnail","6":"product_cat-diestas-especiales","7":"product_cat-halal","8":"product_cat-dieta-halal","9":"product_cat-preparados-de-pastelaria-2","10":"product_cat-preparados","11":"product_cat-produtos-vegetarianos","13":"first","14":"instock","15":"taxable","16":"shipping-taxable","17":"purchasable","18":"product-type-simple"},"acf":[],"df_price":6.85,"df_sale_price":"","df_regular_price":6.85,"df_image_link":"https:\/\/glotomania.com\/wp-content\/uploads\/2022\/09\/img_15011_2d2fab441ffdea0ab482a168d987883b_1-300x300.png","brands":[],"_links":{"self":[{"href":"https:\/\/glotomania.com\/pt-pt\/wp-json\/wp\/v2\/product\/387791","targetHints":{"allow":["GET"]}}],"collection":[{"href":"https:\/\/glotomania.com\/pt-pt\/wp-json\/wp\/v2\/product"}],"about":[{"href":"https:\/\/glotomania.com\/pt-pt\/wp-json\/wp\/v2\/types\/product"}],"replies":[{"embeddable":true,"href":"https:\/\/glotomania.com\/pt-pt\/wp-json\/wp\/v2\/comments?post=387791"}],"wp:featuredmedia":[{"embeddable":true,"href":"https:\/\/glotomania.com\/pt-pt\/wp-json\/wp\/v2\/media\/38750"}],"wp:attachment":[{"href":"https:\/\/glotomania.com\/pt-pt\/wp-json\/wp\/v2\/media?parent=387791"}],"wp:term":[{"taxonomy":"pwb-brand","embeddable":true,"href":"https:\/\/glotomania.com\/pt-pt\/wp-json\/wp\/v2\/pwb-brand?post=387791"},{"taxonomy":"product_brand","embeddable":true,"href":"https:\/\/glotomania.com\/pt-pt\/wp-json\/wp\/v2\/product_brand?post=387791"},{"taxonomy":"product_cat","embeddable":true,"href":"https:\/\/glotomania.com\/pt-pt\/wp-json\/wp\/v2\/product_cat?post=387791"},{"taxonomy":"product_tag","embeddable":true,"href":"https:\/\/glotomania.com\/pt-pt\/wp-json\/wp\/v2\/product_tag?post=387791"}],"curies":[{"name":"wp","href":"https:\/\/api.w.org\/{rel}","templated":true}]}}