{"id":387796,"date":"2025-09-02T10:27:06","date_gmt":"2025-09-02T10:27:06","guid":{"rendered":"https:\/\/glotomania.com\/p\/preparado-funcakes-para-bizcocho-galleta-caramelo-400-g-2\/"},"modified":"2026-03-15T02:04:23","modified_gmt":"2026-03-15T02:04:23","slug":"preparado-funcakes-para-bizcocho-galleta-caramelo-400-g-2","status":"publish","type":"product","link":"https:\/\/glotomania.com\/pt-pt\/p\/preparado-funcakes-para-bizcocho-galleta-caramelo-400-g-2\/","title":{"rendered":"Prepara\u00c7\u00c3o De Funcakes Para Crunchy Caramel Cake 400 G (edi\u00c7\u00c3o Especial)"},"content":{"rendered":"<p>\n<span style=\"font-size:14px\"><strong>Modo de prepara&ccedil;&atilde;o:&nbsp;<\/strong><\/span><\/p>\n<p><span style=\"font-size:14px\">Certifique-se de que todos os ingredientes est&atilde;o &agrave; temperatura ambiente.&nbsp;<\/span><\/p>\n<p><span style=\"font-size:14px\">Aquecer o forno a 160&deg;C (forno de convec&ccedil;&atilde;o, 140&deg;C). Misturar 400 g do produto com 200 g de manteiga, 3,5 ovos (175 g) e 35 ml de &aacute;gua. Bater durante 4 minutos a baixa velocidade at&eacute; obter uma massa lisa.&nbsp;<\/span><\/p>\n<p><span style=\"font-size:14px\">Unte uma forma para bolos de 24 cm ou um tabuleiro redondo para bolos de 20 cm. Verter a massa na forma e cozer o bolo num forno pr&eacute;-aquecido durante aproximadamente 70 minutos.<\/span><\/p>\n<p><span style=\"font-size:14px\"><strong>Para fazer cupcakes:<\/strong> colocar c&aacute;psulas de cupcakes (aproximadamente 20 pe&ccedil;as) numa lata de muffin, encher as latas at&eacute; meio e cozer a 180&deg;C (forno de convec&ccedil;&atilde;o, 160&deg;C) durante aproximadamente 18 minutos.<\/span><\/p>\n<p><span style=\"font-size:14px\">Esmagar uma bolacha cheia de caramelo e adicion&aacute;-la durante a mistura.<\/span><\/p>\n","protected":false},"excerpt":{"rendered":"<p>Prepara\u00e7\u00e3o de p\u00e3o-de-l\u00f3 com um delicioso sabor a biscoito recheado com caramelo, um doce t\u00edpico holand\u00eas conhecido como Stroopwafel.<\/p>\n","protected":false},"featured_media":346338,"comment_status":"open","ping_status":"closed","template":"","meta":{"_acf_changed":false},"pwb-brand":[],"product_brand":[],"product_cat":[1832,2997,1901,3054,1854,2996],"product_tag":[],"class_list":{"0":"post-387796","1":"product","2":"type-product","3":"status-publish","4":"has-post-thumbnail","6":"product_cat-diestas-especiales","7":"product_cat-halal","8":"product_cat-dieta-halal","9":"product_cat-preparados-de-pastelaria-2","10":"product_cat-preparados","11":"product_cat-produtos-vegetarianos","13":"first","14":"instock","15":"taxable","16":"shipping-taxable","17":"purchasable","18":"product-type-simple"},"acf":[],"df_price":5.2,"df_sale_price":"","df_regular_price":5.2,"df_image_link":"https:\/\/glotomania.com\/wp-content\/uploads\/2025\/11\/img_18048_8fdaf7c86f4ded3d420857b2d10e7cfc_1-15-300x300.jpg","brands":[],"_links":{"self":[{"href":"https:\/\/glotomania.com\/pt-pt\/wp-json\/wp\/v2\/product\/387796","targetHints":{"allow":["GET"]}}],"collection":[{"href":"https:\/\/glotomania.com\/pt-pt\/wp-json\/wp\/v2\/product"}],"about":[{"href":"https:\/\/glotomania.com\/pt-pt\/wp-json\/wp\/v2\/types\/product"}],"replies":[{"embeddable":true,"href":"https:\/\/glotomania.com\/pt-pt\/wp-json\/wp\/v2\/comments?post=387796"}],"wp:featuredmedia":[{"embeddable":true,"href":"https:\/\/glotomania.com\/pt-pt\/wp-json\/wp\/v2\/media\/346338"}],"wp:attachment":[{"href":"https:\/\/glotomania.com\/pt-pt\/wp-json\/wp\/v2\/media?parent=387796"}],"wp:term":[{"taxonomy":"pwb-brand","embeddable":true,"href":"https:\/\/glotomania.com\/pt-pt\/wp-json\/wp\/v2\/pwb-brand?post=387796"},{"taxonomy":"product_brand","embeddable":true,"href":"https:\/\/glotomania.com\/pt-pt\/wp-json\/wp\/v2\/product_brand?post=387796"},{"taxonomy":"product_cat","embeddable":true,"href":"https:\/\/glotomania.com\/pt-pt\/wp-json\/wp\/v2\/product_cat?post=387796"},{"taxonomy":"product_tag","embeddable":true,"href":"https:\/\/glotomania.com\/pt-pt\/wp-json\/wp\/v2\/product_tag?post=387796"}],"curies":[{"name":"wp","href":"https:\/\/api.w.org\/{rel}","templated":true}]}}