{"id":387798,"date":"2025-09-02T10:27:07","date_gmt":"2025-09-02T10:27:07","guid":{"rendered":"https:\/\/glotomania.com\/p\/preparado-funcakes-para-bizcocho-zanahoria-500-g-2\/"},"modified":"2026-04-07T21:06:50","modified_gmt":"2026-04-07T21:06:50","slug":"preparado-funcakes-para-bizcocho-zanahoria-500-g-2","status":"publish","type":"product","link":"https:\/\/glotomania.com\/pt-pt\/p\/preparado-funcakes-para-bizcocho-zanahoria-500-g-2\/","title":{"rendered":"Prepara\u00c7\u00c3o De Funcakes Para Bolo De Cenoura 500 G"},"content":{"rendered":"<p>\n<span style=\"font-size:14px\"><strong>Modo de prepara&ccedil;&atilde;o:&nbsp;<\/strong><\/span><\/p>\n<p><span style=\"font-size:14px\">Os ingredientes devem estar &agrave; temperatura ambiente.<\/span><\/p>\n<p><span style=\"font-size:14px\">Pr&eacute;-aquecer o forno a 175&ordm;C (ou 160&ordm;C se este tiver ventilador). Misturar 500 g da prepara&ccedil;&atilde;o com 80 ml de &aacute;gua, 3 ovos (150 g), 150 ml de &oacute;leo de girassol (140 g) e 150 g de cenouras raladas. Se desejar, pode tamb&eacute;m adicionar algumas nozes ou passas de uva picadas. Bater durante 5 minutos e verter para uma forma untada com 22 cm de di&acirc;metro e cozer durante 50-60 minutos.<\/span><\/p>\n<p><span style=\"font-size:14px\">Tamb&eacute;m pode utiliz&aacute;-lo para fazer <strong>cupcakes<\/strong>&nbsp;deliciosos: cozer durante cerca de 25 minutos.<\/span><\/p>\n<p><em><span style=\"font-size:14px\">As prepara&ccedil;&otilde;es FunCakes Special Edition s&atilde;o uma s&eacute;rie de prepara&ccedil;&otilde;es novas ou sazonais e s&atilde;o frequentemente de natureza tempor&aacute;ria.<\/span><\/em><\/p>\n","protected":false},"excerpt":{"rendered":"<p>Prepara\u00e7\u00e3o de funcakes com os quais pode facilmente fazer o seu pr\u00f3prio bolo de cenoura com um sabor espectacular.<\/p>\n","protected":false},"featured_media":348950,"comment_status":"open","ping_status":"closed","template":"","meta":{"_acf_changed":false},"pwb-brand":[],"product_brand":[],"product_cat":[2997,3054,2996,1832,1901,1854],"product_tag":[],"class_list":{"0":"post-387798","1":"product","2":"type-product","3":"status-publish","4":"has-post-thumbnail","6":"product_cat-halal","7":"product_cat-preparados-de-pastelaria-2","8":"product_cat-produtos-vegetarianos","9":"product_cat-diestas-especiales","10":"product_cat-dieta-halal","11":"product_cat-preparados","13":"first","14":"instock","15":"taxable","16":"shipping-taxable","17":"purchasable","18":"product-type-simple"},"acf":[],"df_price":4.5,"df_sale_price":"","df_regular_price":4.5,"df_image_link":"https:\/\/glotomania.com\/wp-content\/uploads\/2025\/11\/img_19062_e91fd70812610a218a7d585a1931d767_1-18-300x300.jpg","brands":[],"_links":{"self":[{"href":"https:\/\/glotomania.com\/pt-pt\/wp-json\/wp\/v2\/product\/387798","targetHints":{"allow":["GET"]}}],"collection":[{"href":"https:\/\/glotomania.com\/pt-pt\/wp-json\/wp\/v2\/product"}],"about":[{"href":"https:\/\/glotomania.com\/pt-pt\/wp-json\/wp\/v2\/types\/product"}],"replies":[{"embeddable":true,"href":"https:\/\/glotomania.com\/pt-pt\/wp-json\/wp\/v2\/comments?post=387798"}],"wp:featuredmedia":[{"embeddable":true,"href":"https:\/\/glotomania.com\/pt-pt\/wp-json\/wp\/v2\/media\/348950"}],"wp:attachment":[{"href":"https:\/\/glotomania.com\/pt-pt\/wp-json\/wp\/v2\/media?parent=387798"}],"wp:term":[{"taxonomy":"pwb-brand","embeddable":true,"href":"https:\/\/glotomania.com\/pt-pt\/wp-json\/wp\/v2\/pwb-brand?post=387798"},{"taxonomy":"product_brand","embeddable":true,"href":"https:\/\/glotomania.com\/pt-pt\/wp-json\/wp\/v2\/product_brand?post=387798"},{"taxonomy":"product_cat","embeddable":true,"href":"https:\/\/glotomania.com\/pt-pt\/wp-json\/wp\/v2\/product_cat?post=387798"},{"taxonomy":"product_tag","embeddable":true,"href":"https:\/\/glotomania.com\/pt-pt\/wp-json\/wp\/v2\/product_tag?post=387798"}],"curies":[{"name":"wp","href":"https:\/\/api.w.org\/{rel}","templated":true}]}}