{"id":387800,"date":"2025-09-02T10:27:08","date_gmt":"2025-09-02T10:27:08","guid":{"rendered":"https:\/\/glotomania.com\/p\/preparado-funcakes-para-red-velvet-1-kg-2\/"},"modified":"2026-04-13T07:45:12","modified_gmt":"2026-04-13T07:45:12","slug":"preparado-funcakes-para-red-velvet-1-kg-2","status":"publish","type":"product","link":"https:\/\/glotomania.com\/pt-pt\/p\/preparado-funcakes-para-red-velvet-1-kg-2\/","title":{"rendered":"Prepara\u00c7\u00c3o De Funcakes Para Red Velvet 1 Kg"},"content":{"rendered":"<p>\n<span style=\"color:#000000\"><span style=\"font-size:14px\"><strong>M&eacute;todo de prepara&ccedil;&atilde;o:<\/strong><\/span><\/span><\/p>\n<p><span style=\"color:#000000\"><span style=\"font-size:14px\">Os ingredientes devem estar &agrave; temperatura ambiente.<\/span><\/span><\/p>\n<p><span style=\"color:#000000\"><span style=\"font-size:14px\">Pr&eacute;-aquecer o forno a 175&deg;C (forno de convec&ccedil;&atilde;o a 160&deg;C). Colocar a prepara&ccedil;&atilde;o juntamente com os outros ingredientes numa tigela e misturar durante 6-8 minutos at&eacute; se obter uma massa leve. Verter a massa para uma forma untada com manteiga (1\/2 a 2\/3 cheia) e cozer.<\/span><\/span><\/p>\n<p><span style=\"color:#000000\"><span style=\"font-size:14px\"><strong>Dica:<\/strong> Decorar com creme de manteiga ou uma cobertura de queijo.&nbsp;<\/span><\/span><\/p>\n<p><span style=\"color:#000000\"><span style=\"font-size:14px\">Tamb&eacute;m perfeito para fazer cupcakes (aprox. 20 cupcakes com uma receita de 500 g de prepara&ccedil;&atilde;o), tempo de cozedura aprox. 20 minutos a 175&deg;C (forno de convec&ccedil;&atilde;o 160&deg;C).<\/span><\/span><\/p>\n","protected":false},"excerpt":{"rendered":"<p>Prepara\u00e7\u00e3o de bolo de veludo vermelho por FunCakes, ideal para fazer um delicioso e tenro bolo de veludo vermelho. Tamb\u00e9m para assar bolos com sabor a chocolate leve.<\/p>\n","protected":false},"featured_media":342922,"comment_status":"open","ping_status":"closed","template":"","meta":{"_acf_changed":false},"pwb-brand":[],"product_brand":[],"product_cat":[1852,1832,2907,2997,1901,3054,1854,2996,1849,2924],"product_tag":[],"class_list":{"0":"post-387800","1":"product","2":"type-product","3":"status-publish","4":"has-post-thumbnail","6":"product_cat-san-valentin","7":"product_cat-diestas-especiales","8":"product_cat-festas","9":"product_cat-halal","10":"product_cat-dieta-halal","11":"product_cat-preparados-de-pastelaria-2","12":"product_cat-preparados","13":"product_cat-produtos-vegetarianos","14":"product_cat-fiestas","15":"product_cat-sao-valentim-2","17":"first","18":"instock","19":"taxable","20":"shipping-taxable","21":"purchasable","22":"product-type-simple"},"acf":[],"df_price":8.95,"df_sale_price":"","df_regular_price":8.95,"df_image_link":"https:\/\/glotomania.com\/wp-content\/uploads\/2025\/11\/img_15017_f635af8be51cfc73fb12c74a0b02f971_1-13-300x300.jpg","brands":[],"_links":{"self":[{"href":"https:\/\/glotomania.com\/pt-pt\/wp-json\/wp\/v2\/product\/387800","targetHints":{"allow":["GET"]}}],"collection":[{"href":"https:\/\/glotomania.com\/pt-pt\/wp-json\/wp\/v2\/product"}],"about":[{"href":"https:\/\/glotomania.com\/pt-pt\/wp-json\/wp\/v2\/types\/product"}],"replies":[{"embeddable":true,"href":"https:\/\/glotomania.com\/pt-pt\/wp-json\/wp\/v2\/comments?post=387800"}],"wp:featuredmedia":[{"embeddable":true,"href":"https:\/\/glotomania.com\/pt-pt\/wp-json\/wp\/v2\/media\/342922"}],"wp:attachment":[{"href":"https:\/\/glotomania.com\/pt-pt\/wp-json\/wp\/v2\/media?parent=387800"}],"wp:term":[{"taxonomy":"pwb-brand","embeddable":true,"href":"https:\/\/glotomania.com\/pt-pt\/wp-json\/wp\/v2\/pwb-brand?post=387800"},{"taxonomy":"product_brand","embeddable":true,"href":"https:\/\/glotomania.com\/pt-pt\/wp-json\/wp\/v2\/product_brand?post=387800"},{"taxonomy":"product_cat","embeddable":true,"href":"https:\/\/glotomania.com\/pt-pt\/wp-json\/wp\/v2\/product_cat?post=387800"},{"taxonomy":"product_tag","embeddable":true,"href":"https:\/\/glotomania.com\/pt-pt\/wp-json\/wp\/v2\/product_tag?post=387800"}],"curies":[{"name":"wp","href":"https:\/\/api.w.org\/{rel}","templated":true}]}}