{"id":387801,"date":"2025-09-02T10:27:09","date_gmt":"2025-09-02T10:27:09","guid":{"rendered":"https:\/\/glotomania.com\/p\/preparado-funcakes-para-donuts-500-g-edicion-especial-2\/"},"modified":"2026-03-10T12:48:14","modified_gmt":"2026-03-10T12:48:14","slug":"preparado-funcakes-para-donuts-500-g-edicion-especial-2","status":"publish","type":"product","link":"https:\/\/glotomania.com\/pt-pt\/p\/preparado-funcakes-para-donuts-500-g-edicion-especial-2\/","title":{"rendered":"Prepara\u00c7\u00c3o De Funcakes Para Donuts 500 G (edi\u00c7\u00c3o Especial)"},"content":{"rendered":"<p>&nbsp;<\/p>\n<p><strong><span style=\"font-size:14px\">M&eacute;todo de prepara&ccedil;&atilde;o:<\/span><\/strong><\/p>\n<p><span style=\"font-size:14px\">Para melhores resultados prepare-se em fritadeira profunda. Todos os ingredientes devem estar &agrave; temperatura ambiente.&nbsp;<\/span><\/p>\n<p><span style=\"font-size:14px\">Amassar 500 g da prepara&ccedil;&atilde;o, 215 ml de &aacute;gua e 65 ml (55 g) de &oacute;leo vegetal com um misturador de gancho durante 5 minutos. Estender a massa a uma espessura de 5 mm. Cortar os donuts e deixar em p&eacute; durante 25 minutos.&nbsp;<\/span><\/p>\n<p><span style=\"font-size:14px\">Pr&eacute;-aquecer a fritadeira a 180&deg;C ou o forno a 200&deg;C (forno convencional a 180&deg;C):<\/span><\/p>\n<ul>\n<li><span style=\"font-size:14px\"><strong>Fritadeira: <\/strong>Fritar os donuts durante aproximadamente 90 segundos de cada lado at&eacute; ficarem castanhos dourados.<\/span><\/li>\n<li><span style=\"font-size:14px\"><strong>Forno: <\/strong>Colocar os donuts num tabuleiro de donuts e cozer durante aproximadamente 12 minutos at&eacute; ficarem ligeiramente dourados. Escovar os donuts com manteiga derretida e decorar a gosto.<\/span><\/li>\n<\/ul>\n<p><em><span style=\"font-size:14px\">As prepara&ccedil;&otilde;es FunCakes Special Edition s&atilde;o uma gama de prepara&ccedil;&otilde;es novas ou sazonais e t&ecirc;m frequentemente um car&aacute;cter tempor&aacute;rio.<\/span><\/em><\/p>\n<p>&nbsp;<\/p>\n","protected":false},"excerpt":{"rendered":"<p>Prepara\u00e7\u00e3o de funcakes com os quais pode facilmente fazer os seus pr\u00f3prios donuts deliciosos e fofos.<\/p>\n","protected":false},"featured_media":348951,"comment_status":"open","ping_status":"closed","template":"","meta":{"_acf_changed":false},"pwb-brand":[],"product_brand":[],"product_cat":[2997,3054,2996,1832,1901,1854],"product_tag":[],"class_list":{"0":"post-387801","1":"product","2":"type-product","3":"status-publish","4":"has-post-thumbnail","6":"product_cat-halal","7":"product_cat-preparados-de-pastelaria-2","8":"product_cat-produtos-vegetarianos","9":"product_cat-diestas-especiales","10":"product_cat-dieta-halal","11":"product_cat-preparados","13":"first","14":"instock","15":"taxable","16":"shipping-taxable","17":"purchasable","18":"product-type-simple"},"acf":[],"df_price":4.99,"df_sale_price":"","df_regular_price":4.99,"df_image_link":"https:\/\/glotomania.com\/wp-content\/uploads\/2025\/11\/img_19275_47536161c8ae45042062e45bb0d91e7f_1-11-300x300.jpg","brands":[],"_links":{"self":[{"href":"https:\/\/glotomania.com\/pt-pt\/wp-json\/wp\/v2\/product\/387801","targetHints":{"allow":["GET"]}}],"collection":[{"href":"https:\/\/glotomania.com\/pt-pt\/wp-json\/wp\/v2\/product"}],"about":[{"href":"https:\/\/glotomania.com\/pt-pt\/wp-json\/wp\/v2\/types\/product"}],"replies":[{"embeddable":true,"href":"https:\/\/glotomania.com\/pt-pt\/wp-json\/wp\/v2\/comments?post=387801"}],"wp:featuredmedia":[{"embeddable":true,"href":"https:\/\/glotomania.com\/pt-pt\/wp-json\/wp\/v2\/media\/348951"}],"wp:attachment":[{"href":"https:\/\/glotomania.com\/pt-pt\/wp-json\/wp\/v2\/media?parent=387801"}],"wp:term":[{"taxonomy":"pwb-brand","embeddable":true,"href":"https:\/\/glotomania.com\/pt-pt\/wp-json\/wp\/v2\/pwb-brand?post=387801"},{"taxonomy":"product_brand","embeddable":true,"href":"https:\/\/glotomania.com\/pt-pt\/wp-json\/wp\/v2\/product_brand?post=387801"},{"taxonomy":"product_cat","embeddable":true,"href":"https:\/\/glotomania.com\/pt-pt\/wp-json\/wp\/v2\/product_cat?post=387801"},{"taxonomy":"product_tag","embeddable":true,"href":"https:\/\/glotomania.com\/pt-pt\/wp-json\/wp\/v2\/product_tag?post=387801"}],"curies":[{"name":"wp","href":"https:\/\/api.w.org\/{rel}","templated":true}]}}