{"id":387802,"date":"2025-09-02T10:27:09","date_gmt":"2025-09-02T10:27:09","guid":{"rendered":"https:\/\/glotomania.com\/p\/preparado-funcakes-para-tarta-vegana-400-g-edicion-especial-2\/"},"modified":"2026-03-10T12:48:16","modified_gmt":"2026-03-10T12:48:16","slug":"preparado-funcakes-para-tarta-vegana-400-g-edicion-especial-2","status":"publish","type":"product","link":"https:\/\/glotomania.com\/pt-pt\/p\/preparado-funcakes-para-tarta-vegana-400-g-edicion-especial-2\/","title":{"rendered":"[p. Caduc.] Prepara\u00c7\u00c3o De Funcakes Para Vengan Cake 400 G (edi\u00c7\u00c3o Especial)"},"content":{"rendered":"<p>\n<span style=\"font-size:14px\">Preparado com sabor de baunilha. Tamb&eacute;m perfeito para fazer tortas de ma&ccedil;&atilde; e cenoura.<\/span><\/p>\n<p><span style=\"font-size:14px\"><strong>M&eacute;todo de prepara&ccedil;&atilde;o:<\/strong><br \/>\nOs ingredientes devem estar &agrave; temperatura ambiente.<\/span><\/p>\n<p><span style=\"font-size:14px\">Pr&eacute;-aquecer o forno a 180&deg;C (forno de convec&ccedil;&atilde;o a 160&deg;C). Misturar 400 g (14 oz) da prepara&ccedil;&atilde;o, 160 ml (4 fl oz) de &aacute;gua e 180 ml (4 fl oz) de &oacute;leo vegetal com uma amassadeira plana\/flex&iacute;vel durante 3 minutos na velocidade m&eacute;dia-alta para obter uma massa lisa.&nbsp;<\/span><\/p>\n<p><span style=\"font-size:14px\">Lubrificar um molde de cerca de 25 cm ou um molde redondo de cerca de 20 cm de di&acirc;metro. Verter a massa na forma e cozer o bolo no centro do forno durante cerca de 50-55 minutos at&eacute; ficar dourado. Retirar o bolo imediatamente ap&oacute;s a cozedura e deix&aacute;-lo arrefecer sobre uma grelha de arame.<\/span><\/p>\n<p><em><span style=\"font-size:14px\">As prepara&ccedil;&otilde;es FunCakes Special Edition s&atilde;o uma gama de prepara&ccedil;&otilde;es novas ou sazonais e t&ecirc;m frequentemente um car&aacute;cter tempor&aacute;rio.<\/span><\/em><\/p>\n","protected":false},"excerpt":{"rendered":"<p>Prepara\u00e7\u00e3o de FunCakes para fazer um bolo vegan perfeito com um sabor suave a baunilha.<\/p>\n","protected":false},"featured_media":346342,"comment_status":"open","ping_status":"closed","template":"","meta":{"_acf_changed":false},"pwb-brand":[],"product_brand":[],"product_cat":[3054,2996,1832,1854],"product_tag":[],"class_list":{"0":"post-387802","1":"product","2":"type-product","3":"status-publish","4":"has-post-thumbnail","6":"product_cat-preparados-de-pastelaria-2","7":"product_cat-produtos-vegetarianos","8":"product_cat-diestas-especiales","9":"product_cat-preparados","11":"first","12":"outofstock","13":"taxable","14":"shipping-taxable","15":"purchasable","16":"product-type-simple"},"acf":[],"df_price":3.52,"df_sale_price":"","df_regular_price":3.52,"df_image_link":"https:\/\/glotomania.com\/wp-content\/uploads\/2025\/11\/img_19278_ebec13ba2ff1347b2fa5052a26e57385_1-12-300x300.jpg","brands":[],"_links":{"self":[{"href":"https:\/\/glotomania.com\/pt-pt\/wp-json\/wp\/v2\/product\/387802","targetHints":{"allow":["GET"]}}],"collection":[{"href":"https:\/\/glotomania.com\/pt-pt\/wp-json\/wp\/v2\/product"}],"about":[{"href":"https:\/\/glotomania.com\/pt-pt\/wp-json\/wp\/v2\/types\/product"}],"replies":[{"embeddable":true,"href":"https:\/\/glotomania.com\/pt-pt\/wp-json\/wp\/v2\/comments?post=387802"}],"wp:featuredmedia":[{"embeddable":true,"href":"https:\/\/glotomania.com\/pt-pt\/wp-json\/wp\/v2\/media\/346342"}],"wp:attachment":[{"href":"https:\/\/glotomania.com\/pt-pt\/wp-json\/wp\/v2\/media?parent=387802"}],"wp:term":[{"taxonomy":"pwb-brand","embeddable":true,"href":"https:\/\/glotomania.com\/pt-pt\/wp-json\/wp\/v2\/pwb-brand?post=387802"},{"taxonomy":"product_brand","embeddable":true,"href":"https:\/\/glotomania.com\/pt-pt\/wp-json\/wp\/v2\/product_brand?post=387802"},{"taxonomy":"product_cat","embeddable":true,"href":"https:\/\/glotomania.com\/pt-pt\/wp-json\/wp\/v2\/product_cat?post=387802"},{"taxonomy":"product_tag","embeddable":true,"href":"https:\/\/glotomania.com\/pt-pt\/wp-json\/wp\/v2\/product_tag?post=387802"}],"curies":[{"name":"wp","href":"https:\/\/api.w.org\/{rel}","templated":true}]}}