{"id":387805,"date":"2025-09-02T10:27:10","date_gmt":"2025-09-02T10:27:10","guid":{"rendered":"https:\/\/glotomania.com\/p\/preparado-funcakes-para-galletas-y-tartaletas-500-g-2\/"},"modified":"2026-03-10T12:48:25","modified_gmt":"2026-03-10T12:48:25","slug":"preparado-funcakes-para-galletas-y-tartaletas-500-g-2","status":"publish","type":"product","link":"https:\/\/glotomania.com\/pt-pt\/p\/preparado-funcakes-para-galletas-y-tartaletas-500-g-2\/","title":{"rendered":"Prepara\u00c7\u00c3o De Funcakes Para Sweet Cookies &amp; Crust 500 G"},"content":{"rendered":"<p>\n<span style=\"font-size:14px\">Tamb&eacute;m pode utiliz&aacute;-lo para fazer biscoitos doces, biscoitos recheados, bolos de am&ecirc;ndoa e muito mais. A massa aumenta de volume durante a cozedura e tem uma crosta crocante deliciosa.<\/span><\/p>\n<p><strong><span style=\"font-size:14px\">M&eacute;todo de prepara&ccedil;&atilde;o:<\/span><\/strong><\/p>\n<p><span style=\"font-size:14px\">Misturar 500 g de prepara&ccedil;&atilde;o, 155 g de manteiga e 1 ovo (50 g). Amassar a uma massa firme e deixar no frigor&iacute;fico durante aproximadamente 1 hora.&nbsp;<\/span><\/p>\n<p><span style=\"font-size:14px\"><strong>Para bolachas:<\/strong> estender a massa at&eacute; uma espessura de cerca de 3 mm e recortar as formas. Cozer durante aproximadamente 12 minutos a 180&deg;C (forno de convec&ccedil;&atilde;o a 160&deg;C).&nbsp;<\/span><\/p>\n<p><span style=\"font-size:14px\"><strong>Para tarte de ma&ccedil;&atilde;: <\/strong>estender a massa at&eacute; uma espessura de aproximadamente 5 mm, cobrir uma forma (22-24 cm) com a massa e rechear com 1 kg de peda&ccedil;os de ma&ccedil;&atilde;, misturados com um pouco de canela e a&ccedil;&uacute;car. Colocar uma grelha de tiras de massa sobre as ma&ccedil;&atilde;s e cobri-las com ovo batido. Cozer durante aproximadamente 50 minutos a 170&deg;C (forno de convec&ccedil;&atilde;o a 150&deg;C).<\/span><\/p>\n<p><em><span style=\"font-size:14px\">As prepara&ccedil;&otilde;es FunCakes Special Edition s&atilde;o uma gama de prepara&ccedil;&otilde;es novas ou sazonais e s&atilde;o frequentemente tempor&aacute;rias.<\/span><\/em><\/p>\n","protected":false},"excerpt":{"rendered":"<p>Preparado para biscoitos crocantes e tartes, uma mistura vers\u00e1til e ideal para fazer, por exemplo, uma deliciosa tarte de ma\u00e7\u00e3 ou biscoitos recheados.<\/p>\n","protected":false},"featured_media":161745,"comment_status":"open","ping_status":"closed","template":"","meta":{"_acf_changed":false},"pwb-brand":[],"product_brand":[],"product_cat":[2997,3054,2996,1832,1901,1854],"product_tag":[],"class_list":{"0":"post-387805","1":"product","2":"type-product","3":"status-publish","4":"has-post-thumbnail","6":"product_cat-halal","7":"product_cat-preparados-de-pastelaria-2","8":"product_cat-produtos-vegetarianos","9":"product_cat-diestas-especiales","10":"product_cat-dieta-halal","11":"product_cat-preparados","13":"first","14":"instock","15":"taxable","16":"shipping-taxable","17":"purchasable","18":"product-type-simple"},"acf":[],"df_price":4.39,"df_sale_price":"","df_regular_price":4.39,"df_image_link":"https:\/\/glotomania.com\/wp-content\/uploads\/2025\/09\/img_19279_58febf2048cafd240456f929b67f0587_1.png","brands":[],"_links":{"self":[{"href":"https:\/\/glotomania.com\/pt-pt\/wp-json\/wp\/v2\/product\/387805","targetHints":{"allow":["GET"]}}],"collection":[{"href":"https:\/\/glotomania.com\/pt-pt\/wp-json\/wp\/v2\/product"}],"about":[{"href":"https:\/\/glotomania.com\/pt-pt\/wp-json\/wp\/v2\/types\/product"}],"replies":[{"embeddable":true,"href":"https:\/\/glotomania.com\/pt-pt\/wp-json\/wp\/v2\/comments?post=387805"}],"wp:featuredmedia":[{"embeddable":true,"href":"https:\/\/glotomania.com\/pt-pt\/wp-json\/wp\/v2\/media\/161745"}],"wp:attachment":[{"href":"https:\/\/glotomania.com\/pt-pt\/wp-json\/wp\/v2\/media?parent=387805"}],"wp:term":[{"taxonomy":"pwb-brand","embeddable":true,"href":"https:\/\/glotomania.com\/pt-pt\/wp-json\/wp\/v2\/pwb-brand?post=387805"},{"taxonomy":"product_brand","embeddable":true,"href":"https:\/\/glotomania.com\/pt-pt\/wp-json\/wp\/v2\/product_brand?post=387805"},{"taxonomy":"product_cat","embeddable":true,"href":"https:\/\/glotomania.com\/pt-pt\/wp-json\/wp\/v2\/product_cat?post=387805"},{"taxonomy":"product_tag","embeddable":true,"href":"https:\/\/glotomania.com\/pt-pt\/wp-json\/wp\/v2\/product_tag?post=387805"}],"curies":[{"name":"wp","href":"https:\/\/api.w.org\/{rel}","templated":true}]}}