{"id":387807,"date":"2025-09-02T10:27:11","date_gmt":"2025-09-02T10:27:11","guid":{"rendered":"https:\/\/glotomania.com\/p\/preparado-funcakes-para-royal-icing-glasa-real-900-g-2\/"},"modified":"2026-03-10T12:48:29","modified_gmt":"2026-03-10T12:48:29","slug":"preparado-funcakes-para-royal-icing-glasa-real-900-g-2","status":"publish","type":"product","link":"https:\/\/glotomania.com\/pt-pt\/p\/preparado-funcakes-para-royal-icing-glasa-real-900-g-2\/","title":{"rendered":"Prepara\u00c7\u00c3o Funcakes Para &#8220;royal Icing&#8221; 900 G"},"content":{"rendered":"<p>\n<span style=\"font-size:14px\"><span style=\"color:#000000\"><strong>M&eacute;todo de prepara&ccedil;&atilde;o:<\/strong><br \/>\nPeneira 450 g de prepara&ccedil;&atilde;o. Em seguida, misturar com 55 ml de &aacute;gua para obter uma verdadeira consist&ecirc;ncia de esmalte s&oacute;lido. Misturar a prepara&ccedil;&atilde;o e a &aacute;gua durante aproximadamente 7-10 minutos a baixa velocidade, at&eacute; que o esmalte seja branco, n&atilde;o brilhe e tenha a consist&ecirc;ncia desejada.<\/span><\/span><\/p>\n<p><span style=\"font-size:14px\"><span style=\"color:#000000\">Tenha cuidado se utilizar um misturador manual, pois pode ficar preso.<\/span><\/span><\/p>\n<p><span style=\"font-size:14px\"><span style=\"color:#000000\">Para cada 200 g de esmalte produzido, adicionar 1 colher pequena de &aacute;gua para obter uma consist&ecirc;ncia m&eacute;dia; adicionar 2 colheres pequenas de &aacute;gua para obter uma consist&ecirc;ncia fina.<\/span><\/span><\/p>\n<ul>\n<li><span style=\"font-size:14px\"><span style=\"color:#000000\">Um pacote de 450 g de glac&ecirc; real, com uma consist&ecirc;ncia m&eacute;dia, rende <strong>aproximadamente <\/strong>50 biscoitos (tamb&eacute;m depende muito dos pormenores, mas estimamos <strong>aproximadamente <\/strong>10 g para cada biscoito de cerca de 8 cm).<\/span><\/span><\/li>\n<\/ul>\n","protected":false},"excerpt":{"rendered":"<p>Com a prepara\u00e7\u00e3o FunCakes pode fazer um verdadeiro esmalte perfeito para as suas decora\u00e7\u00f5es.<\/p>\n","protected":false},"featured_media":348953,"comment_status":"open","ping_status":"closed","template":"","meta":{"_acf_changed":false},"pwb-brand":[],"product_brand":[],"product_cat":[2997,3054,2996,1832,1901,1854],"product_tag":[],"class_list":{"0":"post-387807","1":"product","2":"type-product","3":"status-publish","4":"has-post-thumbnail","6":"product_cat-halal","7":"product_cat-preparados-de-pastelaria-2","8":"product_cat-produtos-vegetarianos","9":"product_cat-diestas-especiales","10":"product_cat-dieta-halal","11":"product_cat-preparados","13":"first","14":"instock","15":"taxable","16":"shipping-taxable","17":"purchasable","18":"product-type-simple"},"acf":[],"df_price":6.95,"df_sale_price":"","df_regular_price":6.95,"df_image_link":"https:\/\/glotomania.com\/wp-content\/uploads\/2025\/11\/img_15019_5252d5256812558aaf1d38794d611fad_1-16-300x300.jpg","brands":[],"_links":{"self":[{"href":"https:\/\/glotomania.com\/pt-pt\/wp-json\/wp\/v2\/product\/387807","targetHints":{"allow":["GET"]}}],"collection":[{"href":"https:\/\/glotomania.com\/pt-pt\/wp-json\/wp\/v2\/product"}],"about":[{"href":"https:\/\/glotomania.com\/pt-pt\/wp-json\/wp\/v2\/types\/product"}],"replies":[{"embeddable":true,"href":"https:\/\/glotomania.com\/pt-pt\/wp-json\/wp\/v2\/comments?post=387807"}],"wp:featuredmedia":[{"embeddable":true,"href":"https:\/\/glotomania.com\/pt-pt\/wp-json\/wp\/v2\/media\/348953"}],"wp:attachment":[{"href":"https:\/\/glotomania.com\/pt-pt\/wp-json\/wp\/v2\/media?parent=387807"}],"wp:term":[{"taxonomy":"pwb-brand","embeddable":true,"href":"https:\/\/glotomania.com\/pt-pt\/wp-json\/wp\/v2\/pwb-brand?post=387807"},{"taxonomy":"product_brand","embeddable":true,"href":"https:\/\/glotomania.com\/pt-pt\/wp-json\/wp\/v2\/product_brand?post=387807"},{"taxonomy":"product_cat","embeddable":true,"href":"https:\/\/glotomania.com\/pt-pt\/wp-json\/wp\/v2\/product_cat?post=387807"},{"taxonomy":"product_tag","embeddable":true,"href":"https:\/\/glotomania.com\/pt-pt\/wp-json\/wp\/v2\/product_tag?post=387807"}],"curies":[{"name":"wp","href":"https:\/\/api.w.org\/{rel}","templated":true}]}}