{"id":387808,"date":"2025-09-02T10:27:12","date_gmt":"2025-09-02T10:27:12","guid":{"rendered":"https:\/\/glotomania.com\/p\/preparado-funcakes-para-crema-encantada-choco-450-g-edicion-especial-2\/"},"modified":"2026-03-10T12:48:31","modified_gmt":"2026-03-10T12:48:31","slug":"preparado-funcakes-para-crema-encantada-choco-450-g-edicion-especial-2","status":"publish","type":"product","link":"https:\/\/glotomania.com\/pt-pt\/p\/preparado-funcakes-para-crema-encantada-choco-450-g-edicion-especial-2\/","title":{"rendered":"Prepara\u00c7\u00c3o De Funcakes Para Creme Encantado Chocolate 450 G (edi\u00c7\u00c3o Especial)"},"content":{"rendered":"<p>&nbsp;<\/p>\n<p><span style=\"font-size: 14px\">A prepara&ccedil;&atilde;o &eacute; a mesma que para o Creme Encantado, por isso &eacute; igualmente r&aacute;pida e f&aacute;cil de fazer. E, claro, a vers&atilde;o Choco &eacute; tamb&eacute;m mais leve do que o creme de manteiga.<\/span><\/p>\n<p><strong><span style=\"font-size: 14px\">Prepara&ccedil;&atilde;o para 1 por&ccedil;&atilde;o de Crema Encantada:&nbsp;<\/span><\/strong><\/p>\n<p><span style=\"font-size: 14px\">Misturar 150 g de prepara&ccedil;&atilde;o, 100 ml de leite e 100 ml de &aacute;gua durante 3 minutos a alta velocidade. O creme pode ser utilizado imediatamente, como recheio ou para decora&ccedil;&atilde;o.<\/span><\/p>\n<p><span style=\"font-size: 14px\">O creme pode ser mantido no frigor&iacute;fico durante v&aacute;rios dias, agitando-o antes de o utilizar novamente. Se preferir, pode tamb&eacute;m prepar&aacute;-lo apenas com leite (200 ml) ou apenas com &aacute;gua (200 ml).&nbsp;<\/span><\/p>\n<p><span style=\"font-size: 14px\">1 por&ccedil;&atilde;o de Crema Encantada &eacute; suficiente para encher 2 camadas e cobrir 1 bolo (&Oslash; 25 cm) ou para decorar aproximadamente 24-30 cupcakes.<\/span><\/p>\n<p><em><span style=\"font-size: 14px\">As prepara&ccedil;&otilde;es FunCakes Special Edition s&atilde;o uma s&eacute;rie de prepara&ccedil;&otilde;es novas ou sazonais e t&ecirc;m frequentemente um car&aacute;cter tempor&aacute;rio.<\/span><\/em><\/p>\n","protected":false},"excerpt":{"rendered":"<p>A prepara\u00e7\u00e3o perfeita para fazer um creme leve e fofo com sabor a chocolate e uma cor de chocolate muito atraente e apetec\u00edvel.<\/p>\n","protected":false},"featured_media":348955,"comment_status":"open","ping_status":"closed","template":"","meta":{"_acf_changed":false},"pwb-brand":[],"product_brand":[],"product_cat":[3054,1854],"product_tag":[],"class_list":{"0":"post-387808","1":"product","2":"type-product","3":"status-publish","4":"has-post-thumbnail","6":"product_cat-preparados-de-pastelaria-2","7":"product_cat-preparados","9":"first","10":"instock","11":"taxable","12":"shipping-taxable","13":"purchasable","14":"product-type-simple"},"acf":[],"df_price":7.5,"df_sale_price":"","df_regular_price":7.5,"df_image_link":"https:\/\/glotomania.com\/wp-content\/uploads\/2025\/11\/img_16729_4e257392bedf3e1ee1443014eb1db95f_1-16-300x300.jpg","brands":[],"_links":{"self":[{"href":"https:\/\/glotomania.com\/pt-pt\/wp-json\/wp\/v2\/product\/387808","targetHints":{"allow":["GET"]}}],"collection":[{"href":"https:\/\/glotomania.com\/pt-pt\/wp-json\/wp\/v2\/product"}],"about":[{"href":"https:\/\/glotomania.com\/pt-pt\/wp-json\/wp\/v2\/types\/product"}],"replies":[{"embeddable":true,"href":"https:\/\/glotomania.com\/pt-pt\/wp-json\/wp\/v2\/comments?post=387808"}],"wp:featuredmedia":[{"embeddable":true,"href":"https:\/\/glotomania.com\/pt-pt\/wp-json\/wp\/v2\/media\/348955"}],"wp:attachment":[{"href":"https:\/\/glotomania.com\/pt-pt\/wp-json\/wp\/v2\/media?parent=387808"}],"wp:term":[{"taxonomy":"pwb-brand","embeddable":true,"href":"https:\/\/glotomania.com\/pt-pt\/wp-json\/wp\/v2\/pwb-brand?post=387808"},{"taxonomy":"product_brand","embeddable":true,"href":"https:\/\/glotomania.com\/pt-pt\/wp-json\/wp\/v2\/product_brand?post=387808"},{"taxonomy":"product_cat","embeddable":true,"href":"https:\/\/glotomania.com\/pt-pt\/wp-json\/wp\/v2\/product_cat?post=387808"},{"taxonomy":"product_tag","embeddable":true,"href":"https:\/\/glotomania.com\/pt-pt\/wp-json\/wp\/v2\/product_tag?post=387808"}],"curies":[{"name":"wp","href":"https:\/\/api.w.org\/{rel}","templated":true}]}}