{"id":387812,"date":"2025-09-02T10:27:14","date_gmt":"2025-09-02T10:27:14","guid":{"rendered":"https:\/\/glotomania.com\/p\/preparado-funcakes-para-buttercream-de-merengue-suizo-400-g-edicion-especial-2\/"},"modified":"2026-04-15T08:15:09","modified_gmt":"2026-04-15T08:15:09","slug":"preparado-funcakes-para-buttercream-de-merengue-suizo-400-g-edicion-especial-2","status":"publish","type":"product","link":"https:\/\/glotomania.com\/pt-pt\/p\/preparado-funcakes-para-buttercream-de-merengue-suizo-400-g-edicion-especial-2\/","title":{"rendered":"Prepara\u00c7\u00c3o De Funcakes Para Buttercream Merengue Su\u00cd\u00c7o 400 G (edi\u00c7\u00c3o Especial)"},"content":{"rendered":"<p>\n<span style=\"font-size:14px\">Este creme n&atilde;o &eacute; t&atilde;o doce como o tradicional creme de manteiga, &eacute; mais sedoso e mais delicado.<\/span><\/p>\n<p><strong><span style=\"font-size:14px\">M&eacute;todo de prepara&ccedil;&atilde;o:<\/span><\/strong><\/p>\n<p><span style=\"font-size:14px\">Todos os ingredientes devem estar &agrave; temperatura ambiente.&nbsp;<\/span><\/p>\n<p><span style=\"font-size:14px\"><strong>Para uma por&ccedil;&atilde;o de creme: <\/strong>misturar 100 g da prepara&ccedil;&atilde;o com 70 ml de &aacute;gua. Misturar a prepara&ccedil;&atilde;o com um misturador durante 8 minutos &agrave; velocidade m&aacute;xima at&eacute; obter um creme suave com ar. Adicionar 220 g de manteiga sem sal em 4 partes &agrave; mistura, e bater at&eacute; a manteiga ser completamente absorvida, antes de adicionar a parte seguinte. Bater at&eacute; ser obtido um creme de manteiga suave a alta velocidade durante cerca de 8 minutos.&nbsp;<\/span><\/p>\n<p><span style=\"font-size:14px\">Uma por&ccedil;&atilde;o de creme de manteiga &eacute; suficiente para encher e cobrir um bolo de 20 cm, ou para decorar cerca de 12 cupcakes.<\/span><\/p>\n<p><em><span style=\"font-size:14px\">As prepara&ccedil;&otilde;es FunCakes Special Edition s&atilde;o uma gama de prepara&ccedil;&otilde;es novas ou sazonais e t&ecirc;m frequentemente um car&aacute;cter tempor&aacute;rio.<\/span><\/em><\/p>\n<p>&nbsp;<\/p>\n","protected":false},"excerpt":{"rendered":"<p>Prepara\u00e7\u00e3o Funcakes, perfeito para fazer um creme mais suave e mais delicado do que o tradicional creme de manteiga.<\/p>\n","protected":false},"featured_media":348959,"comment_status":"open","ping_status":"closed","template":"","meta":{"_acf_changed":false},"pwb-brand":[],"product_brand":[],"product_cat":[3054,1854],"product_tag":[],"class_list":{"0":"post-387812","1":"product","2":"type-product","3":"status-publish","4":"has-post-thumbnail","6":"product_cat-preparados-de-pastelaria-2","7":"product_cat-preparados","9":"first","10":"instock","11":"taxable","12":"shipping-taxable","13":"purchasable","14":"product-type-simple"},"acf":[],"df_price":5.15,"df_sale_price":"","df_regular_price":5.15,"df_image_link":"https:\/\/glotomania.com\/wp-content\/uploads\/2025\/11\/img_19282_a2f51cefc20ef782788cd360fd7389fb_1-20-300x300.jpg","brands":[],"_links":{"self":[{"href":"https:\/\/glotomania.com\/pt-pt\/wp-json\/wp\/v2\/product\/387812","targetHints":{"allow":["GET"]}}],"collection":[{"href":"https:\/\/glotomania.com\/pt-pt\/wp-json\/wp\/v2\/product"}],"about":[{"href":"https:\/\/glotomania.com\/pt-pt\/wp-json\/wp\/v2\/types\/product"}],"replies":[{"embeddable":true,"href":"https:\/\/glotomania.com\/pt-pt\/wp-json\/wp\/v2\/comments?post=387812"}],"wp:featuredmedia":[{"embeddable":true,"href":"https:\/\/glotomania.com\/pt-pt\/wp-json\/wp\/v2\/media\/348959"}],"wp:attachment":[{"href":"https:\/\/glotomania.com\/pt-pt\/wp-json\/wp\/v2\/media?parent=387812"}],"wp:term":[{"taxonomy":"pwb-brand","embeddable":true,"href":"https:\/\/glotomania.com\/pt-pt\/wp-json\/wp\/v2\/pwb-brand?post=387812"},{"taxonomy":"product_brand","embeddable":true,"href":"https:\/\/glotomania.com\/pt-pt\/wp-json\/wp\/v2\/product_brand?post=387812"},{"taxonomy":"product_cat","embeddable":true,"href":"https:\/\/glotomania.com\/pt-pt\/wp-json\/wp\/v2\/product_cat?post=387812"},{"taxonomy":"product_tag","embeddable":true,"href":"https:\/\/glotomania.com\/pt-pt\/wp-json\/wp\/v2\/product_tag?post=387812"}],"curies":[{"name":"wp","href":"https:\/\/api.w.org\/{rel}","templated":true}]}}