{"id":387839,"date":"2025-09-02T10:27:31","date_gmt":"2025-09-02T10:27:31","guid":{"rendered":"https:\/\/glotomania.com\/p\/colorante-en-gel-de-funcakes-claret-clarete-30-g-2\/"},"modified":"2026-04-22T12:50:45","modified_gmt":"2026-04-22T12:50:45","slug":"colorante-en-gel-de-funcakes-claret-clarete-30-g-2","status":"publish","type":"product","link":"https:\/\/glotomania.com\/pt-pt\/p\/colorante-en-gel-de-funcakes-claret-clarete-30-g-2\/","title":{"rendered":"Corante Em Gel Funcakes &#8211; Claret 30 G"},"content":{"rendered":"<p>\n<span style=\"font-size: 14px\">Gel Concentrado<\/span><span style=\"font-size: 14px\">&nbsp;FunColours de&nbsp;<\/span><span style=\"font-size: 14px\">FunCakes<\/span><span style=\"font-size: 14px\">&nbsp;&eacute; ideal para colorir fondant, gelados, ma&ccedil;ap&atilde;o, cremes, bolos, smoothies, pasta de goma e muito mais.&nbsp;<\/span><\/p>\n<p><span style=\"font-size: 14px\">Apenas uma gota de gel &eacute; suficiente para criar cores vibrantes, pelo que o colorante durar&aacute; muito tempo. O corante tamb&eacute;m &eacute; est&aacute;vel em massas cozidas a 200 &deg;C.<\/span><\/p>\n<p><span style=\"font-size: 14px\">O tubo foi concebido para controlar a distribui&ccedil;&atilde;o com muita precis&atilde;o, doseia muito facilmente e deixa a tampa limpa.<\/span><\/p>\n<p><span style=\"font-size: 14px\"><strong>Dosagem m&aacute;xima recomendada:&nbsp;<\/strong>6,5&nbsp;g por 1 kg de massa<\/span><\/p>\n","protected":false},"excerpt":{"rendered":"<p>Ideal para tingir qualquer massa. Permite-nos obter cores intensas gra\u00e7as \u00e0 sua alta concentra\u00e7\u00e3o.<\/p>\n","protected":false},"featured_media":348981,"comment_status":"open","ping_status":"closed","template":"","meta":{"_acf_changed":false},"pwb-brand":[],"product_brand":[],"product_cat":[1835,1897,2953,2957,1832,2997,1901,2996],"product_tag":[],"class_list":{"0":"post-387839","1":"product","2":"type-product","3":"status-publish","4":"has-post-thumbnail","6":"product_cat-colorantes","7":"product_cat-colorantes-gel","8":"product_cat-corantes-e-pinturas","9":"product_cat-corantes-em-gel-2","10":"product_cat-diestas-especiales","11":"product_cat-halal","12":"product_cat-dieta-halal","13":"product_cat-produtos-vegetarianos","15":"first","16":"instock","17":"taxable","18":"shipping-taxable","19":"purchasable","20":"product-type-simple"},"acf":[],"df_price":3.15,"df_sale_price":"","df_regular_price":3.15,"df_image_link":"https:\/\/glotomania.com\/wp-content\/uploads\/2025\/11\/img_16183_fbac188f44adb895d57cf9e0f4243ec1_1-19-300x300.jpg","brands":[],"_links":{"self":[{"href":"https:\/\/glotomania.com\/pt-pt\/wp-json\/wp\/v2\/product\/387839","targetHints":{"allow":["GET"]}}],"collection":[{"href":"https:\/\/glotomania.com\/pt-pt\/wp-json\/wp\/v2\/product"}],"about":[{"href":"https:\/\/glotomania.com\/pt-pt\/wp-json\/wp\/v2\/types\/product"}],"replies":[{"embeddable":true,"href":"https:\/\/glotomania.com\/pt-pt\/wp-json\/wp\/v2\/comments?post=387839"}],"wp:featuredmedia":[{"embeddable":true,"href":"https:\/\/glotomania.com\/pt-pt\/wp-json\/wp\/v2\/media\/348981"}],"wp:attachment":[{"href":"https:\/\/glotomania.com\/pt-pt\/wp-json\/wp\/v2\/media?parent=387839"}],"wp:term":[{"taxonomy":"pwb-brand","embeddable":true,"href":"https:\/\/glotomania.com\/pt-pt\/wp-json\/wp\/v2\/pwb-brand?post=387839"},{"taxonomy":"product_brand","embeddable":true,"href":"https:\/\/glotomania.com\/pt-pt\/wp-json\/wp\/v2\/product_brand?post=387839"},{"taxonomy":"product_cat","embeddable":true,"href":"https:\/\/glotomania.com\/pt-pt\/wp-json\/wp\/v2\/product_cat?post=387839"},{"taxonomy":"product_tag","embeddable":true,"href":"https:\/\/glotomania.com\/pt-pt\/wp-json\/wp\/v2\/product_tag?post=387839"}],"curies":[{"name":"wp","href":"https:\/\/api.w.org\/{rel}","templated":true}]}}