{"id":387840,"date":"2025-09-02T10:27:31","date_gmt":"2025-09-02T10:27:31","guid":{"rendered":"https:\/\/glotomania.com\/p\/colorante-en-gel-de-funcakes-holly-green-verde-acebo-30-g-2\/"},"modified":"2026-04-25T19:33:43","modified_gmt":"2026-04-25T19:33:43","slug":"colorante-en-gel-de-funcakes-holly-green-verde-acebo-30-g-2","status":"publish","type":"product","link":"https:\/\/glotomania.com\/pt-pt\/p\/colorante-en-gel-de-funcakes-holly-green-verde-acebo-30-g-2\/","title":{"rendered":"Corante Em Gel Funcakes &#8211; Holly Green \/ Verde Azevinho 30 G"},"content":{"rendered":"<p>\n<span style=\"font-size: 14px\">Gel Concentrado<\/span><span style=\"font-size: 14px\">&nbsp;FunColours de&nbsp;<\/span><span style=\"font-size: 14px\">FunCakes<\/span><span style=\"font-size: 14px\">&nbsp;&eacute; ideal para colorir fondant, gelados, ma&ccedil;ap&atilde;o, cremes, bolos, smoothies, pasta de goma e muito mais.&nbsp;<\/span><\/p>\n<p><span style=\"font-size: 14px\">Apenas uma gota de gel &eacute; suficiente para criar cores vibrantes, pelo que o colorante durar&aacute; muito tempo. O corante tamb&eacute;m &eacute; est&aacute;vel em massas cozidas a 200 &deg;C.<\/span><\/p>\n<p><span style=\"font-size: 14px\">O tubo foi concebido para controlar a distribui&ccedil;&atilde;o com muita precis&atilde;o, doseia muito facilmente e deixa a tampa limpa.<\/span><\/p>\n<p><span style=\"font-size: 14px\"><strong>Dosagem m&aacute;xima recomendada:&nbsp;<\/strong>6,8&nbsp;g por 1 kg de massa<\/span><\/p>\n","protected":false},"excerpt":{"rendered":"<p>Ideal para tingir qualquer massa. Permite-nos obter cores intensas gra\u00e7as \u00e0 sua alta concentra\u00e7\u00e3o.<\/p>\n","protected":false},"featured_media":348982,"comment_status":"open","ping_status":"closed","template":"","meta":{"_acf_changed":false},"pwb-brand":[],"product_brand":[],"product_cat":[2953,2957,2997,2920,2996,1835,1897,1832,1901,1866],"product_tag":[],"class_list":{"0":"post-387840","1":"product","2":"type-product","3":"status-publish","4":"has-post-thumbnail","6":"product_cat-corantes-e-pinturas","7":"product_cat-corantes-em-gel-2","8":"product_cat-halal","9":"product_cat-natal-2","10":"product_cat-produtos-vegetarianos","11":"product_cat-colorantes","12":"product_cat-colorantes-gel","13":"product_cat-diestas-especiales","14":"product_cat-dieta-halal","15":"product_cat-navidad","17":"first","18":"instock","19":"taxable","20":"shipping-taxable","21":"purchasable","22":"product-type-simple"},"acf":[],"df_price":3.25,"df_sale_price":"","df_regular_price":3.25,"df_image_link":"https:\/\/glotomania.com\/wp-content\/uploads\/2025\/11\/img_16185_6102f79c745616c5b95eadc26f2beacb_1-17-300x300.jpg","brands":[],"_links":{"self":[{"href":"https:\/\/glotomania.com\/pt-pt\/wp-json\/wp\/v2\/product\/387840","targetHints":{"allow":["GET"]}}],"collection":[{"href":"https:\/\/glotomania.com\/pt-pt\/wp-json\/wp\/v2\/product"}],"about":[{"href":"https:\/\/glotomania.com\/pt-pt\/wp-json\/wp\/v2\/types\/product"}],"replies":[{"embeddable":true,"href":"https:\/\/glotomania.com\/pt-pt\/wp-json\/wp\/v2\/comments?post=387840"}],"wp:featuredmedia":[{"embeddable":true,"href":"https:\/\/glotomania.com\/pt-pt\/wp-json\/wp\/v2\/media\/348982"}],"wp:attachment":[{"href":"https:\/\/glotomania.com\/pt-pt\/wp-json\/wp\/v2\/media?parent=387840"}],"wp:term":[{"taxonomy":"pwb-brand","embeddable":true,"href":"https:\/\/glotomania.com\/pt-pt\/wp-json\/wp\/v2\/pwb-brand?post=387840"},{"taxonomy":"product_brand","embeddable":true,"href":"https:\/\/glotomania.com\/pt-pt\/wp-json\/wp\/v2\/product_brand?post=387840"},{"taxonomy":"product_cat","embeddable":true,"href":"https:\/\/glotomania.com\/pt-pt\/wp-json\/wp\/v2\/product_cat?post=387840"},{"taxonomy":"product_tag","embeddable":true,"href":"https:\/\/glotomania.com\/pt-pt\/wp-json\/wp\/v2\/product_tag?post=387840"}],"curies":[{"name":"wp","href":"https:\/\/api.w.org\/{rel}","templated":true}]}}