{"id":387848,"date":"2025-09-02T10:27:37","date_gmt":"2025-09-02T10:27:37","guid":{"rendered":"https:\/\/glotomania.com\/p\/purpurina-en-polvo-funcakes-golden-ginger-jengibre-dorado-2\/"},"modified":"2026-03-10T12:50:05","modified_gmt":"2026-03-10T12:50:05","slug":"purpurina-en-polvo-funcakes-golden-ginger-jengibre-dorado-2","status":"publish","type":"product","link":"https:\/\/glotomania.com\/pt-pt\/p\/purpurina-en-polvo-funcakes-golden-ginger-jengibre-dorado-2\/","title":{"rendered":"Purpurina Em P\u00d3 Brilhante Funcakes &#8211; Golden Ginger \/ Jengibre Dourado"},"content":{"rendered":"<div>\n<span style=\"font-size: 14px\">Os Glitters comest&iacute;veis FunColours de&nbsp;FunCakes s&atilde;o 100% comest&iacute;veis, ideais para adicionar brilho aos seus bolos e decora&ccedil;&otilde;es. Basta real&ccedil;ar as suas decora&ccedil;&otilde;es, escovando um pouco de p&oacute; brilhante sobre elas.<\/span><\/div>\n<div>&nbsp;<\/div>\n<div><span style=\"font-size: 14px\">Pode misturar as cores para obter cores mais profundas, mais suaves ou mais delicadas.&nbsp;<\/span><\/div>\n<div>&nbsp;<\/div>\n<div><span style=\"font-size: 14px\">Os p&oacute;s brilhantes tamb&eacute;m podem ser usados para preparar a sua pr&oacute;pria<strong>&nbsp;tinta comest&iacute;vel<\/strong>, basta mistur&aacute;-la com &aacute;lcool alimentar branco.<\/span><\/div>\n<div>&nbsp;<\/div>\n<div><span style=\"font-size: 14px\"><strong>Cont&eacute;m<\/strong>&nbsp;3,5 g.<\/span><\/div>\n","protected":false},"excerpt":{"rendered":"<p>Adicione um toque cintilante \u00e0s suas prepara\u00e7\u00f5es com o brilho comest\u00edvel Funcolours de Funcakes.<\/p>\n","protected":false},"featured_media":346370,"comment_status":"open","ping_status":"closed","template":"","meta":{"_acf_changed":false},"pwb-brand":[],"product_brand":[],"product_cat":[2908,2955,2997,2996,1900,1832,1901,1885],"product_tag":[],"class_list":{"0":"post-387848","1":"product","2":"type-product","3":"status-publish","4":"has-post-thumbnail","6":"product_cat-batizados","7":"product_cat-brilhos-comestiveis-2","8":"product_cat-halal","9":"product_cat-produtos-vegetarianos","10":"product_cat-brillos-comestibles","11":"product_cat-diestas-especiales","12":"product_cat-dieta-halal","13":"product_cat-bautizos","15":"first","16":"instock","17":"taxable","18":"shipping-taxable","19":"purchasable","20":"product-type-simple"},"acf":[],"df_price":3.55,"df_sale_price":"","df_regular_price":3.55,"df_image_link":"https:\/\/glotomania.com\/wp-content\/uploads\/2025\/11\/img_16401_fc8be5709521e1c81d04ebcc2a9700aa_1-14-300x300.jpg","brands":[],"_links":{"self":[{"href":"https:\/\/glotomania.com\/pt-pt\/wp-json\/wp\/v2\/product\/387848","targetHints":{"allow":["GET"]}}],"collection":[{"href":"https:\/\/glotomania.com\/pt-pt\/wp-json\/wp\/v2\/product"}],"about":[{"href":"https:\/\/glotomania.com\/pt-pt\/wp-json\/wp\/v2\/types\/product"}],"replies":[{"embeddable":true,"href":"https:\/\/glotomania.com\/pt-pt\/wp-json\/wp\/v2\/comments?post=387848"}],"wp:featuredmedia":[{"embeddable":true,"href":"https:\/\/glotomania.com\/pt-pt\/wp-json\/wp\/v2\/media\/346370"}],"wp:attachment":[{"href":"https:\/\/glotomania.com\/pt-pt\/wp-json\/wp\/v2\/media?parent=387848"}],"wp:term":[{"taxonomy":"pwb-brand","embeddable":true,"href":"https:\/\/glotomania.com\/pt-pt\/wp-json\/wp\/v2\/pwb-brand?post=387848"},{"taxonomy":"product_brand","embeddable":true,"href":"https:\/\/glotomania.com\/pt-pt\/wp-json\/wp\/v2\/product_brand?post=387848"},{"taxonomy":"product_cat","embeddable":true,"href":"https:\/\/glotomania.com\/pt-pt\/wp-json\/wp\/v2\/product_cat?post=387848"},{"taxonomy":"product_tag","embeddable":true,"href":"https:\/\/glotomania.com\/pt-pt\/wp-json\/wp\/v2\/product_tag?post=387848"}],"curies":[{"name":"wp","href":"https:\/\/api.w.org\/{rel}","templated":true}]}}