{"id":387862,"date":"2025-09-02T10:27:49","date_gmt":"2025-09-02T10:27:49","guid":{"rendered":"https:\/\/glotomania.com\/p\/pegamento-comestible-funcakes-22-g-2\/"},"modified":"2026-04-15T10:23:20","modified_gmt":"2026-04-15T10:23:20","slug":"pegamento-comestible-funcakes-22-g-2","status":"publish","type":"product","link":"https:\/\/glotomania.com\/pt-pt\/p\/pegamento-comestible-funcakes-22-g-2\/","title":{"rendered":"Cola Comest\u00cdvel Funcakes 22 G"},"content":{"rendered":"<p>\n<span style=\"font-size:14px\">A cola comest&iacute;vel FunCakes &eacute; perfeita para colar pe&ccedil;as decorativas de fondant ou marzipan. Tamb&eacute;m pode usar a cola para colar decora&ccedil;&otilde;es e papel comest&iacute;vel aos seus bolos, bolinhos, bolachas,&#8230;&nbsp;<\/span><\/p>\n<p><span style=\"font-size:14px\">Vem com uma escova embutida na tampa por conveni&ecirc;ncia.<\/span><\/p>\n","protected":false},"excerpt":{"rendered":"<p>Cola comest\u00edvel Funcakes, perfeita para colar as nossas decora\u00e7\u00f5es em seguran\u00e7a.<\/p>\n","protected":false},"featured_media":349000,"comment_status":"open","ping_status":"closed","template":"","meta":{"_acf_changed":false},"pwb-brand":[],"product_brand":[],"product_cat":[3038,2997,2996,1832,1901,1853],"product_tag":[],"class_list":{"0":"post-387862","1":"product","2":"type-product","3":"status-publish","4":"has-post-thumbnail","6":"product_cat-cola-comestivel-2","7":"product_cat-halal","8":"product_cat-produtos-vegetarianos","9":"product_cat-diestas-especiales","10":"product_cat-dieta-halal","11":"product_cat-pegamento-comestible","13":"first","14":"outofstock","15":"taxable","16":"shipping-taxable","17":"purchasable","18":"product-type-simple"},"acf":[],"df_price":2.25,"df_sale_price":"","df_regular_price":2.25,"df_image_link":"https:\/\/glotomania.com\/wp-content\/uploads\/2025\/11\/img_16731_c9358afa854cf88685792160983a578e_1-18-300x300.jpg","brands":[],"_links":{"self":[{"href":"https:\/\/glotomania.com\/pt-pt\/wp-json\/wp\/v2\/product\/387862","targetHints":{"allow":["GET"]}}],"collection":[{"href":"https:\/\/glotomania.com\/pt-pt\/wp-json\/wp\/v2\/product"}],"about":[{"href":"https:\/\/glotomania.com\/pt-pt\/wp-json\/wp\/v2\/types\/product"}],"replies":[{"embeddable":true,"href":"https:\/\/glotomania.com\/pt-pt\/wp-json\/wp\/v2\/comments?post=387862"}],"wp:featuredmedia":[{"embeddable":true,"href":"https:\/\/glotomania.com\/pt-pt\/wp-json\/wp\/v2\/media\/349000"}],"wp:attachment":[{"href":"https:\/\/glotomania.com\/pt-pt\/wp-json\/wp\/v2\/media?parent=387862"}],"wp:term":[{"taxonomy":"pwb-brand","embeddable":true,"href":"https:\/\/glotomania.com\/pt-pt\/wp-json\/wp\/v2\/pwb-brand?post=387862"},{"taxonomy":"product_brand","embeddable":true,"href":"https:\/\/glotomania.com\/pt-pt\/wp-json\/wp\/v2\/product_brand?post=387862"},{"taxonomy":"product_cat","embeddable":true,"href":"https:\/\/glotomania.com\/pt-pt\/wp-json\/wp\/v2\/product_cat?post=387862"},{"taxonomy":"product_tag","embeddable":true,"href":"https:\/\/glotomania.com\/pt-pt\/wp-json\/wp\/v2\/product_tag?post=387862"}],"curies":[{"name":"wp","href":"https:\/\/api.w.org\/{rel}","templated":true}]}}