{"id":387869,"date":"2025-09-02T10:27:53","date_gmt":"2025-09-02T10:27:53","guid":{"rendered":"https:\/\/glotomania.com\/p\/preparado-funcakes-para-macarons-sin-gluten-300-g-2\/"},"modified":"2026-04-30T12:06:19","modified_gmt":"2026-04-30T12:06:19","slug":"preparado-funcakes-para-macarons-sin-gluten-300-g-2","status":"publish","type":"product","link":"https:\/\/glotomania.com\/pt-pt\/p\/preparado-funcakes-para-macarons-sin-gluten-300-g-2\/","title":{"rendered":"Prepara\u00c7\u00c3o De Funcakes Para Macarons (sem Gluten) 300 G"},"content":{"rendered":"<p>\n<span style=\"font-size:14px\"><strong>M&eacute;todo de prepara&ccedil;&atilde;o:<\/strong><\/span><\/p>\n<p><span style=\"font-size:14px\">Os ingredientes devem estar &agrave; temperatura ambiente.<\/span><\/p>\n<p><span style=\"font-size:14px\">Misturar a prepara&ccedil;&atilde;o com 70 g de clara de ovo, adicionar a colora&ccedil;&atilde;o de que gosta. Bater a alta velocidade durante pelo menos 5 minutos. Encher uma manga e fazer c&iacute;rculos sobre um tapete de macarr&atilde;o. Deixar de p&eacute; durante duas horas. Pr&eacute;-aquecer o forno a 140&deg;C (forno de convec&ccedil;&atilde;o a 130&deg;C). Cozer durante 15-20 minutos.<\/span><\/p>\n<p><em><span style=\"font-size:14px\">As prepara&ccedil;&otilde;es sem gl&uacute;ten de FunCakes s&atilde;o produzidas numa instala&ccedil;&atilde;o sem gl&uacute;ten. O FunCakes pode garantir que as prepara&ccedil;&otilde;es cont&ecirc;m menos de 20mg \/ 20ppm de gl&uacute;ten por kg.<\/span><\/em><\/p>\n<p><em><span style=\"font-size:14px\">A maioria das pessoas com doen&ccedil;a cel&iacute;aca ou sensibilidade ao gl&uacute;ten n&atilde;o ter&aacute; sintomas com esta baixa quantidade. Portanto, qualquer pessoa que siga uma dieta estrita sem gl&uacute;ten pode desfrutar de prepara&ccedil;&otilde;es de cozedura de FunCakes.<\/span><\/em><\/p>\n","protected":false},"excerpt":{"rendered":"<p>Fa\u00e7a facilmente os seus pr\u00f3prios macarons caseiros com esta prepara\u00e7\u00e3o de FunCakes.<\/p>\n","protected":false},"featured_media":346394,"comment_status":"open","ping_status":"closed","template":"","meta":{"_acf_changed":false},"pwb-brand":[],"product_brand":[],"product_cat":[2997,3054,2996,3004,1832,1901,1833,1854],"product_tag":[],"class_list":{"0":"post-387869","1":"product","2":"type-product","3":"status-publish","4":"has-post-thumbnail","6":"product_cat-halal","7":"product_cat-preparados-de-pastelaria-2","8":"product_cat-produtos-vegetarianos","9":"product_cat-sem-gluten-2","10":"product_cat-diestas-especiales","11":"product_cat-dieta-halal","12":"product_cat-dieta-sin-gluten","13":"product_cat-preparados","15":"first","16":"instock","17":"taxable","18":"shipping-taxable","19":"purchasable","20":"product-type-simple"},"acf":[],"df_price":5.25,"df_sale_price":"","df_regular_price":5.25,"df_image_link":"https:\/\/glotomania.com\/wp-content\/uploads\/2025\/11\/img_18435_3d4922267d3e08c4dc14882bc9f72345_1-12-300x300.jpg","brands":[],"_links":{"self":[{"href":"https:\/\/glotomania.com\/pt-pt\/wp-json\/wp\/v2\/product\/387869","targetHints":{"allow":["GET"]}}],"collection":[{"href":"https:\/\/glotomania.com\/pt-pt\/wp-json\/wp\/v2\/product"}],"about":[{"href":"https:\/\/glotomania.com\/pt-pt\/wp-json\/wp\/v2\/types\/product"}],"replies":[{"embeddable":true,"href":"https:\/\/glotomania.com\/pt-pt\/wp-json\/wp\/v2\/comments?post=387869"}],"wp:featuredmedia":[{"embeddable":true,"href":"https:\/\/glotomania.com\/pt-pt\/wp-json\/wp\/v2\/media\/346394"}],"wp:attachment":[{"href":"https:\/\/glotomania.com\/pt-pt\/wp-json\/wp\/v2\/media?parent=387869"}],"wp:term":[{"taxonomy":"pwb-brand","embeddable":true,"href":"https:\/\/glotomania.com\/pt-pt\/wp-json\/wp\/v2\/pwb-brand?post=387869"},{"taxonomy":"product_brand","embeddable":true,"href":"https:\/\/glotomania.com\/pt-pt\/wp-json\/wp\/v2\/product_brand?post=387869"},{"taxonomy":"product_cat","embeddable":true,"href":"https:\/\/glotomania.com\/pt-pt\/wp-json\/wp\/v2\/product_cat?post=387869"},{"taxonomy":"product_tag","embeddable":true,"href":"https:\/\/glotomania.com\/pt-pt\/wp-json\/wp\/v2\/product_tag?post=387869"}],"curies":[{"name":"wp","href":"https:\/\/api.w.org\/{rel}","templated":true}]}}