{"id":387870,"date":"2025-09-02T10:27:54","date_gmt":"2025-09-02T10:27:54","guid":{"rendered":"https:\/\/glotomania.com\/p\/preparado-funcakes-para-glasa-encaje-blanco-sin-gluten-400-g-2\/"},"modified":"2026-03-13T10:16:03","modified_gmt":"2026-03-13T10:16:03","slug":"preparado-funcakes-para-glasa-encaje-blanco-sin-gluten-400-g-2","status":"publish","type":"product","link":"https:\/\/glotomania.com\/pt-pt\/p\/preparado-funcakes-para-glasa-encaje-blanco-sin-gluten-400-g-2\/","title":{"rendered":"Preparado Funcakes Para Glac\u00ca Renda Branca (sem Gl\u00daten) 400 G"},"content":{"rendered":"<div>&nbsp;<\/div>\n<div><span style=\"font-size:14px\"><span style=\"color:#000000\">O efeito visual varia conforme o fundo: em superf&iacute;cies claras apresenta um branco delicado; em fundos escuros torna-se mais transl&uacute;cida, criando um contraste elegante e profissional. A textura &eacute; flex&iacute;vel e resistente, ideal para tapetes e moldes de renda, sendo tamb&eacute;m adequada para criar confete comest&iacute;vel.<\/span><\/span><br \/>\n&nbsp;<\/div>\n<div><span style=\"font-size:14px\"><span style=\"color:#000000\"><strong>M&eacute;todo de prepara&ccedil;&atilde;o:<\/strong><\/span><\/span><\/div>\n<ol>\n<li>\n<div><span style=\"font-size:14px\"><span style=\"color:#000000\">Misturar 50 g do preparado com 50 ml de &aacute;gua e bater durante 2 minutos em velocidade m&eacute;dia. Preencher o tapete ou molde de renda e remover o excesso.<\/span><\/span><\/div>\n<\/li>\n<li>\n<div><span style=\"font-size:14px\"><span style=\"color:#000000\"><strong>Secagem:<\/strong><\/span><\/span><\/div>\n<\/li>\n<\/ol>\n<ul>\n<li>\n<div><span style=\"font-size:14px\"><span style=\"color:#000000\"><strong>Forno: <\/strong>9&ndash;12 minutos a 110 &deg;C (100 &deg;C ventilado).<\/span><\/span><\/div>\n<\/li>\n<li>\n<div><span style=\"font-size:14px\"><span style=\"color:#000000\"><strong>Ar:<\/strong> 3&ndash;4 horas &agrave; temperatura ambiente.<\/span><\/span><\/div>\n<\/li>\n<\/ul>\n<div><span style=\"font-size:14px\"><span style=\"color:#000000\">Para evitar que endure&ccedil;a antes de usar, manter coberto com papel de alum&iacute;nio e utilizar no prazo m&aacute;ximo de 2 horas.<\/span><\/span><br \/>\n&nbsp;<\/div>\n<div><span style=\"font-size:14px\"><span style=\"color:#000000\"><em>Os preparados sem gl&uacute;ten FunCakes s&atilde;o produzidos numa instala&ccedil;&atilde;o sem gl&uacute;ten. FunCakes garante menos de 20 mg \/ 20 ppm de gl&uacute;ten por kg. A maioria das pessoas com doen&ccedil;a cel&iacute;aca ou sensibilidade ao gl&uacute;ten n&atilde;o apresentar&aacute; sintomas com esta quantidade reduzida. Assim, qualquer pessoa que siga uma dieta rigorosa sem gl&uacute;ten pode desfrutar com seguran&ccedil;a dos preparados FunCakes.<\/em><\/span><\/span><\/div>\n<div>&nbsp;<\/div>\n","protected":false},"excerpt":{"rendered":"<p>Mistura f\u00e1cil de usar, perfeita para criar renda comest\u00edvel branca ligeiramente transl\u00facida com suave sabor a toffee, ideal para dar um acabamento sofisticado a bolos, cupcakes e mesas doces.<\/p>\n","protected":false},"featured_media":349009,"comment_status":"open","ping_status":"closed","template":"","meta":{"_acf_changed":false},"pwb-brand":[],"product_brand":[],"product_cat":[2997,3054,2996,3004,1832,1901,1833,1854],"product_tag":[],"class_list":{"0":"post-387870","1":"product","2":"type-product","3":"status-publish","4":"has-post-thumbnail","6":"product_cat-halal","7":"product_cat-preparados-de-pastelaria-2","8":"product_cat-produtos-vegetarianos","9":"product_cat-sem-gluten-2","10":"product_cat-diestas-especiales","11":"product_cat-dieta-halal","12":"product_cat-dieta-sin-gluten","13":"product_cat-preparados","15":"first","16":"instock","17":"taxable","18":"shipping-taxable","19":"purchasable","20":"product-type-simple"},"acf":[],"df_price":6.75,"df_sale_price":"","df_regular_price":6.75,"df_image_link":"https:\/\/glotomania.com\/wp-content\/uploads\/2025\/11\/img_14038_470cf17d6b0296e856acdc5a7904d481_1-12-300x300.jpg","brands":[],"_links":{"self":[{"href":"https:\/\/glotomania.com\/pt-pt\/wp-json\/wp\/v2\/product\/387870","targetHints":{"allow":["GET"]}}],"collection":[{"href":"https:\/\/glotomania.com\/pt-pt\/wp-json\/wp\/v2\/product"}],"about":[{"href":"https:\/\/glotomania.com\/pt-pt\/wp-json\/wp\/v2\/types\/product"}],"replies":[{"embeddable":true,"href":"https:\/\/glotomania.com\/pt-pt\/wp-json\/wp\/v2\/comments?post=387870"}],"wp:featuredmedia":[{"embeddable":true,"href":"https:\/\/glotomania.com\/pt-pt\/wp-json\/wp\/v2\/media\/349009"}],"wp:attachment":[{"href":"https:\/\/glotomania.com\/pt-pt\/wp-json\/wp\/v2\/media?parent=387870"}],"wp:term":[{"taxonomy":"pwb-brand","embeddable":true,"href":"https:\/\/glotomania.com\/pt-pt\/wp-json\/wp\/v2\/pwb-brand?post=387870"},{"taxonomy":"product_brand","embeddable":true,"href":"https:\/\/glotomania.com\/pt-pt\/wp-json\/wp\/v2\/product_brand?post=387870"},{"taxonomy":"product_cat","embeddable":true,"href":"https:\/\/glotomania.com\/pt-pt\/wp-json\/wp\/v2\/product_cat?post=387870"},{"taxonomy":"product_tag","embeddable":true,"href":"https:\/\/glotomania.com\/pt-pt\/wp-json\/wp\/v2\/product_tag?post=387870"}],"curies":[{"name":"wp","href":"https:\/\/api.w.org\/{rel}","templated":true}]}}