{"id":387882,"date":"2025-09-02T10:28:02","date_gmt":"2025-09-02T10:28:02","guid":{"rendered":"https:\/\/glotomania.com\/p\/caja-para-panettone-kraft-168-cm-155-cm-h-2\/"},"modified":"2026-03-10T14:00:57","modified_gmt":"2026-03-10T14:00:57","slug":"caja-para-panettone-kraft-168-cm-155-cm-h-2","status":"publish","type":"product","link":"https:\/\/glotomania.com\/pt-pt\/p\/caja-para-panettone-kraft-168-cm-155-cm-h-2\/","title":{"rendered":"Caixa Para Panettone Kraft &#8211; 16,8 Cm \/ 15,5 Cm H"},"content":{"rendered":"<p>&nbsp;<\/p>\n<p><span style=\"color:#000000\"><span style=\"font-size:14px\">Tem um fecho de pega, o que lhe confere um design muito pr&aacute;tico e elegante. &Eacute; de cor kraft, ideal para a personalizar ao nosso gosto, se quisermos.<\/span><\/span><\/p>\n<p><span style=\"color:#000000\"><span style=\"font-size:14px\">Fabricado em cart&atilde;o resistente, adequado para uso alimentar.&nbsp;<\/span><\/span><\/p>\n<p><span style=\"color:#000000\"><span style=\"font-size:14px\"><strong>Medidas<\/strong>: <\/span><span style=\"font-size: 14px\">16<\/span><span style=\"font-size: 14px\">,8<\/span><span style=\"font-size: 14px\">&nbsp;x 16<\/span><span style=\"font-size: 14px\">,8 cm<\/span><span style=\"font-size:14px\"> &#8211; Altura 15,5&nbsp;cm.<\/span><\/span><\/p>\n","protected":false},"excerpt":{"rendered":"<p>Caixa de cart\u00e3o resistente ideal para padaria, \u00e9 f\u00e1cil de transportar gra\u00e7as \u00e0 sua pega integrada.<\/p>\n","protected":false},"featured_media":346400,"comment_status":"open","ping_status":"closed","template":"","meta":{"_acf_changed":false},"pwb-brand":[],"product_brand":[],"product_cat":[3158,3176,2920,3087,1982,1782,1866,1767],"product_tag":[],"class_list":{"0":"post-387882","1":"product","2":"type-product","3":"status-publish","4":"has-post-thumbnail","6":"product_cat-caixas-de-pastelaria","7":"product_cat-caixas-para-panetone-2","8":"product_cat-natal-2","9":"product_cat-ordem-e-armazenamento","10":"product_cat-panettones","11":"product_cat-cajas","12":"product_cat-navidad","13":"product_cat-utensilios","15":"first","16":"outofstock","17":"taxable","18":"shipping-taxable","19":"purchasable","20":"product-type-simple"},"acf":[],"df_price":0.85,"df_sale_price":"","df_regular_price":0.85,"df_image_link":"https:\/\/glotomania.com\/wp-content\/uploads\/2025\/11\/img_13823_bde12afb6c3de9d7f359e7f08ad60274_1-14-300x300.jpg","brands":[],"_links":{"self":[{"href":"https:\/\/glotomania.com\/pt-pt\/wp-json\/wp\/v2\/product\/387882","targetHints":{"allow":["GET"]}}],"collection":[{"href":"https:\/\/glotomania.com\/pt-pt\/wp-json\/wp\/v2\/product"}],"about":[{"href":"https:\/\/glotomania.com\/pt-pt\/wp-json\/wp\/v2\/types\/product"}],"replies":[{"embeddable":true,"href":"https:\/\/glotomania.com\/pt-pt\/wp-json\/wp\/v2\/comments?post=387882"}],"wp:featuredmedia":[{"embeddable":true,"href":"https:\/\/glotomania.com\/pt-pt\/wp-json\/wp\/v2\/media\/346400"}],"wp:attachment":[{"href":"https:\/\/glotomania.com\/pt-pt\/wp-json\/wp\/v2\/media?parent=387882"}],"wp:term":[{"taxonomy":"pwb-brand","embeddable":true,"href":"https:\/\/glotomania.com\/pt-pt\/wp-json\/wp\/v2\/pwb-brand?post=387882"},{"taxonomy":"product_brand","embeddable":true,"href":"https:\/\/glotomania.com\/pt-pt\/wp-json\/wp\/v2\/product_brand?post=387882"},{"taxonomy":"product_cat","embeddable":true,"href":"https:\/\/glotomania.com\/pt-pt\/wp-json\/wp\/v2\/product_cat?post=387882"},{"taxonomy":"product_tag","embeddable":true,"href":"https:\/\/glotomania.com\/pt-pt\/wp-json\/wp\/v2\/product_tag?post=387882"}],"curies":[{"name":"wp","href":"https:\/\/api.w.org\/{rel}","templated":true}]}}