{"id":387886,"date":"2025-09-02T10:28:04","date_gmt":"2025-09-02T10:28:04","guid":{"rendered":"https:\/\/glotomania.com\/p\/aroma-en-pasta-funcakes-platano-120-g-2\/"},"modified":"2026-03-10T14:01:04","modified_gmt":"2026-03-10T14:01:04","slug":"aroma-en-pasta-funcakes-platano-120-g-2","status":"publish","type":"product","link":"https:\/\/glotomania.com\/pt-pt\/p\/aroma-en-pasta-funcakes-platano-120-g-2\/","title":{"rendered":"Aroma Em Pasta Funcakes &#8211; Banana 120 G"},"content":{"rendered":"<p>\n<span style=\"font-size: 14px\">D&ecirc; aos seus cremes, gelados ou qualquer tipo de recheio um sabor delicioso com os aromas em pasta de FunCakes.&nbsp;<\/span><\/p>\n<p><span style=\"font-size: 14px\">Os sabores da massa FunCakes podem ser adicionados a todos os tipos de massas antes da cozedura. Para obter uma massa aromatizada, lembre-se de adicionar um pouco mais de aroma, uma vez que temperaturas elevadas (acima dos 200&deg;C) podem reduzir o aroma.&nbsp;<\/span><\/p>\n<p><span style=\"font-size: 14px\">Com os sabores da massa FunCakes pode criar quantos bolos ou cupcakes diferentes quiser. O aroma tamb&eacute;m pode ser adicionado aos ganaches de chocolate.<\/span><\/p>\n<p><span style=\"font-size: 14px\"><strong>Dosagem recomendada:<\/strong>&nbsp;30 g por 500 g<\/span><\/p>\n","protected":false},"excerpt":{"rendered":"<p>Aroma em pasta de Funcakes, ideal para dar um sabor delicioso \u00e0s nossas elabora\u00e7\u00f5es.<\/p>\n","protected":false},"featured_media":346405,"comment_status":"open","ping_status":"closed","template":"","meta":{"_acf_changed":false},"pwb-brand":[],"product_brand":[],"product_cat":[2943,2945,1834,1830],"product_tag":[],"class_list":{"0":"post-387886","1":"product","2":"type-product","3":"status-publish","4":"has-post-thumbnail","6":"product_cat-aromas-e-extractos","7":"product_cat-aromas-em-pasta","8":"product_cat-aroma-pasta","9":"product_cat-aromas-y-extractos","11":"first","12":"instock","13":"taxable","14":"shipping-taxable","15":"purchasable","16":"product-type-simple"},"acf":[],"df_price":5.75,"df_sale_price":"","df_regular_price":5.75,"df_image_link":"https:\/\/glotomania.com\/wp-content\/uploads\/2025\/11\/img_16331_031fff6f0cdd6d654cb984c1fb282ff6_1-14-300x300.jpg","brands":[],"_links":{"self":[{"href":"https:\/\/glotomania.com\/pt-pt\/wp-json\/wp\/v2\/product\/387886","targetHints":{"allow":["GET"]}}],"collection":[{"href":"https:\/\/glotomania.com\/pt-pt\/wp-json\/wp\/v2\/product"}],"about":[{"href":"https:\/\/glotomania.com\/pt-pt\/wp-json\/wp\/v2\/types\/product"}],"replies":[{"embeddable":true,"href":"https:\/\/glotomania.com\/pt-pt\/wp-json\/wp\/v2\/comments?post=387886"}],"wp:featuredmedia":[{"embeddable":true,"href":"https:\/\/glotomania.com\/pt-pt\/wp-json\/wp\/v2\/media\/346405"}],"wp:attachment":[{"href":"https:\/\/glotomania.com\/pt-pt\/wp-json\/wp\/v2\/media?parent=387886"}],"wp:term":[{"taxonomy":"pwb-brand","embeddable":true,"href":"https:\/\/glotomania.com\/pt-pt\/wp-json\/wp\/v2\/pwb-brand?post=387886"},{"taxonomy":"product_brand","embeddable":true,"href":"https:\/\/glotomania.com\/pt-pt\/wp-json\/wp\/v2\/product_brand?post=387886"},{"taxonomy":"product_cat","embeddable":true,"href":"https:\/\/glotomania.com\/pt-pt\/wp-json\/wp\/v2\/product_cat?post=387886"},{"taxonomy":"product_tag","embeddable":true,"href":"https:\/\/glotomania.com\/pt-pt\/wp-json\/wp\/v2\/product_tag?post=387886"}],"curies":[{"name":"wp","href":"https:\/\/api.w.org\/{rel}","templated":true}]}}