{"id":387909,"date":"2025-09-02T10:28:17","date_gmt":"2025-09-02T10:28:17","guid":{"rendered":"https:\/\/glotomania.com\/p\/sprinkles-funcakes-princesas-50-g-2\/"},"modified":"2026-03-10T14:01:53","modified_gmt":"2026-03-10T14:01:53","slug":"sprinkles-funcakes-princesas-50-g-2","status":"publish","type":"product","link":"https:\/\/glotomania.com\/pt-pt\/p\/sprinkles-funcakes-princesas-50-g-2\/","title":{"rendered":"Sprinkles Funcakes &#8211; Princess Medley 50 G"},"content":{"rendered":"<p>\n<span style=\"font-size:14px\">Inclui coroas cor-de-rosa, contas em relevo cor-de-rosa e lil&aacute;s, cora&ccedil;&otilde;es cor-de-rosa, p&eacute;rolas lil&aacute;s, rosas e prata.<\/span><\/p>\n","protected":false},"excerpt":{"rendered":"<p>Mix de Decora\u00e7\u00e3o comest\u00edveis Funcakes, ideal para decorar as nossas prepara\u00e7\u00f5es com tons brancos, rosas e lilas.<\/p>\n","protected":false},"featured_media":346426,"comment_status":"open","ping_status":"closed","template":"","meta":{"_acf_changed":false},"pwb-brand":[],"product_brand":[],"product_cat":[2908,2911,1839,1840,2979,2982,1832,2907,1845,2996,1862,1885,1849,3001],"product_tag":[],"class_list":{"0":"post-387909","1":"product","2":"type-product","3":"status-publish","4":"has-post-thumbnail","6":"product_cat-batizados","7":"product_cat-comunhoes","8":"product_cat-decoracion-comestible","9":"product_cat-decoraciones-azucar-comestibles","10":"product_cat-decoracoes-comestiveis-2","11":"product_cat-decoracoes-de-acucar","12":"product_cat-diestas-especiales","13":"product_cat-festas","14":"product_cat-dieta-sin-e-171","15":"product_cat-produtos-vegetarianos","16":"product_cat-comuniones","17":"product_cat-bautizos","18":"product_cat-fiestas","19":"product_cat-sem-e-171-2","21":"first","22":"instock","23":"taxable","24":"shipping-taxable","25":"purchasable","26":"product-type-simple"},"acf":[],"df_price":2.95,"df_sale_price":"","df_regular_price":2.95,"df_image_link":"https:\/\/glotomania.com\/wp-content\/uploads\/2025\/11\/img_14111_7bbe45e3b77067679cf0c8adf9d8b317_1-12-300x300.jpg","brands":[],"_links":{"self":[{"href":"https:\/\/glotomania.com\/pt-pt\/wp-json\/wp\/v2\/product\/387909","targetHints":{"allow":["GET"]}}],"collection":[{"href":"https:\/\/glotomania.com\/pt-pt\/wp-json\/wp\/v2\/product"}],"about":[{"href":"https:\/\/glotomania.com\/pt-pt\/wp-json\/wp\/v2\/types\/product"}],"replies":[{"embeddable":true,"href":"https:\/\/glotomania.com\/pt-pt\/wp-json\/wp\/v2\/comments?post=387909"}],"wp:featuredmedia":[{"embeddable":true,"href":"https:\/\/glotomania.com\/pt-pt\/wp-json\/wp\/v2\/media\/346426"}],"wp:attachment":[{"href":"https:\/\/glotomania.com\/pt-pt\/wp-json\/wp\/v2\/media?parent=387909"}],"wp:term":[{"taxonomy":"pwb-brand","embeddable":true,"href":"https:\/\/glotomania.com\/pt-pt\/wp-json\/wp\/v2\/pwb-brand?post=387909"},{"taxonomy":"product_brand","embeddable":true,"href":"https:\/\/glotomania.com\/pt-pt\/wp-json\/wp\/v2\/product_brand?post=387909"},{"taxonomy":"product_cat","embeddable":true,"href":"https:\/\/glotomania.com\/pt-pt\/wp-json\/wp\/v2\/product_cat?post=387909"},{"taxonomy":"product_tag","embeddable":true,"href":"https:\/\/glotomania.com\/pt-pt\/wp-json\/wp\/v2\/product_tag?post=387909"}],"curies":[{"name":"wp","href":"https:\/\/api.w.org\/{rel}","templated":true}]}}