{"id":387912,"date":"2025-09-02T10:28:18","date_gmt":"2025-09-02T10:28:18","guid":{"rendered":"https:\/\/glotomania.com\/p\/sprinkles-funcakes-black-65-g-2\/"},"modified":"2026-03-15T10:14:31","modified_gmt":"2026-03-15T10:14:31","slug":"sprinkles-funcakes-black-65-g-2","status":"publish","type":"product","link":"https:\/\/glotomania.com\/pt-pt\/p\/sprinkles-funcakes-black-65-g-2\/","title":{"rendered":"Sprinkles Funcakes &#8211; Black Medley 65 G"},"content":{"rendered":"<p>&nbsp;<\/p>\n<p><span style=\"font-size:14px\">Inclui p&eacute;rolas de diferentes tamanhos e macarr&atilde;o preto.<\/span><\/p>\n","protected":false},"excerpt":{"rendered":"<p>Mix de Decora\u00e7\u00e3o comest\u00edveis Funcakes, ideal para decorar as nossas prepara\u00e7\u00f5es com tons pretos.<\/p>\n","protected":false},"featured_media":349029,"comment_status":"open","ping_status":"closed","template":"","meta":{"_acf_changed":false},"pwb-brand":[],"product_brand":[],"product_cat":[2979,2982,2907,1839,1840,1849],"product_tag":[],"class_list":{"0":"post-387912","1":"product","2":"type-product","3":"status-publish","4":"has-post-thumbnail","6":"product_cat-decoracoes-comestiveis-2","7":"product_cat-decoracoes-de-acucar","8":"product_cat-festas","9":"product_cat-decoracion-comestible","10":"product_cat-decoraciones-azucar-comestibles","11":"product_cat-fiestas","13":"first","14":"instock","15":"taxable","16":"shipping-taxable","17":"purchasable","18":"product-type-simple"},"acf":[],"df_price":3.29,"df_sale_price":"","df_regular_price":3.29,"df_image_link":"https:\/\/glotomania.com\/wp-content\/uploads\/2025\/11\/img_14134_f595d32824376c837479d71f1c994a49_1-14-300x300.jpg","brands":[],"_links":{"self":[{"href":"https:\/\/glotomania.com\/pt-pt\/wp-json\/wp\/v2\/product\/387912","targetHints":{"allow":["GET"]}}],"collection":[{"href":"https:\/\/glotomania.com\/pt-pt\/wp-json\/wp\/v2\/product"}],"about":[{"href":"https:\/\/glotomania.com\/pt-pt\/wp-json\/wp\/v2\/types\/product"}],"replies":[{"embeddable":true,"href":"https:\/\/glotomania.com\/pt-pt\/wp-json\/wp\/v2\/comments?post=387912"}],"wp:featuredmedia":[{"embeddable":true,"href":"https:\/\/glotomania.com\/pt-pt\/wp-json\/wp\/v2\/media\/349029"}],"wp:attachment":[{"href":"https:\/\/glotomania.com\/pt-pt\/wp-json\/wp\/v2\/media?parent=387912"}],"wp:term":[{"taxonomy":"pwb-brand","embeddable":true,"href":"https:\/\/glotomania.com\/pt-pt\/wp-json\/wp\/v2\/pwb-brand?post=387912"},{"taxonomy":"product_brand","embeddable":true,"href":"https:\/\/glotomania.com\/pt-pt\/wp-json\/wp\/v2\/product_brand?post=387912"},{"taxonomy":"product_cat","embeddable":true,"href":"https:\/\/glotomania.com\/pt-pt\/wp-json\/wp\/v2\/product_cat?post=387912"},{"taxonomy":"product_tag","embeddable":true,"href":"https:\/\/glotomania.com\/pt-pt\/wp-json\/wp\/v2\/product_tag?post=387912"}],"curies":[{"name":"wp","href":"https:\/\/api.w.org\/{rel}","templated":true}]}}