{"id":387913,"date":"2025-09-02T10:28:19","date_gmt":"2025-09-02T10:28:19","guid":{"rendered":"https:\/\/glotomania.com\/p\/sprinkles-funcakes-silver-chic-65-g-2\/"},"modified":"2026-04-29T07:46:45","modified_gmt":"2026-04-29T07:46:45","slug":"sprinkles-funcakes-silver-chic-65-g-2","status":"publish","type":"product","link":"https:\/\/glotomania.com\/pt-pt\/p\/sprinkles-funcakes-silver-chic-65-g-2\/","title":{"rendered":"Sprinkles Funcakes &#8211; Silver Chic Medley 65 G"},"content":{"rendered":"<p>&nbsp;<\/p>\n<p><span style=\"font-size: 14px\">Mistura de decora&ccedil;&otilde;es para as nossas elabora&ccedil;&otilde;es de diferentes formatos e cores.<\/span><\/p>\n","protected":false},"excerpt":{"rendered":"<p>Decora\u00e7\u00f5es comest\u00edveis Funcakes, ideais para decorar as nossas sobremesas de Inverno com tons brancos e prateados.<\/p>\n","protected":false},"featured_media":343012,"comment_status":"open","ping_status":"closed","template":"","meta":{"_acf_changed":false},"pwb-brand":[],"product_brand":[],"product_cat":[2979,2982,2907,2920,2996,3001,1839,1840,1832,1845,1849,1866],"product_tag":[],"class_list":{"0":"post-387913","1":"product","2":"type-product","3":"status-publish","4":"has-post-thumbnail","6":"product_cat-decoracoes-comestiveis-2","7":"product_cat-decoracoes-de-acucar","8":"product_cat-festas","9":"product_cat-natal-2","10":"product_cat-produtos-vegetarianos","11":"product_cat-sem-e-171-2","12":"product_cat-decoracion-comestible","13":"product_cat-decoraciones-azucar-comestibles","14":"product_cat-diestas-especiales","15":"product_cat-dieta-sin-e-171","16":"product_cat-fiestas","17":"product_cat-navidad","19":"first","20":"instock","21":"taxable","22":"shipping-taxable","23":"purchasable","24":"product-type-simple"},"acf":[],"df_price":3.29,"df_sale_price":"","df_regular_price":3.29,"df_image_link":"https:\/\/glotomania.com\/wp-content\/uploads\/2025\/11\/img_14142_c007290b93252c830edaf31bffdaae5b_1-14-300x300.jpg","brands":[],"_links":{"self":[{"href":"https:\/\/glotomania.com\/pt-pt\/wp-json\/wp\/v2\/product\/387913","targetHints":{"allow":["GET"]}}],"collection":[{"href":"https:\/\/glotomania.com\/pt-pt\/wp-json\/wp\/v2\/product"}],"about":[{"href":"https:\/\/glotomania.com\/pt-pt\/wp-json\/wp\/v2\/types\/product"}],"replies":[{"embeddable":true,"href":"https:\/\/glotomania.com\/pt-pt\/wp-json\/wp\/v2\/comments?post=387913"}],"wp:featuredmedia":[{"embeddable":true,"href":"https:\/\/glotomania.com\/pt-pt\/wp-json\/wp\/v2\/media\/343012"}],"wp:attachment":[{"href":"https:\/\/glotomania.com\/pt-pt\/wp-json\/wp\/v2\/media?parent=387913"}],"wp:term":[{"taxonomy":"pwb-brand","embeddable":true,"href":"https:\/\/glotomania.com\/pt-pt\/wp-json\/wp\/v2\/pwb-brand?post=387913"},{"taxonomy":"product_brand","embeddable":true,"href":"https:\/\/glotomania.com\/pt-pt\/wp-json\/wp\/v2\/product_brand?post=387913"},{"taxonomy":"product_cat","embeddable":true,"href":"https:\/\/glotomania.com\/pt-pt\/wp-json\/wp\/v2\/product_cat?post=387913"},{"taxonomy":"product_tag","embeddable":true,"href":"https:\/\/glotomania.com\/pt-pt\/wp-json\/wp\/v2\/product_tag?post=387913"}],"curies":[{"name":"wp","href":"https:\/\/api.w.org\/{rel}","templated":true}]}}