{"id":387914,"date":"2025-09-02T10:28:19","date_gmt":"2025-09-02T10:28:19","guid":{"rendered":"https:\/\/glotomania.com\/p\/sprinkles-funcakes-pretty-sweet-65-g-2\/"},"modified":"2026-04-29T07:40:15","modified_gmt":"2026-04-29T07:40:15","slug":"sprinkles-funcakes-pretty-sweet-65-g-2","status":"publish","type":"product","link":"https:\/\/glotomania.com\/pt-pt\/p\/sprinkles-funcakes-pretty-sweet-65-g-2\/","title":{"rendered":"Sprinkles Funcakes &#8211; Pretty Sweet Medley 65 G"},"content":{"rendered":"<p>&nbsp;<\/p>\n<p><span style=\"font-size: 14px\">Mistura de decora&ccedil;&otilde;es para as nossas elabora&ccedil;&otilde;es de diferentes formatos e cores.<\/span><\/p>\n","protected":false},"excerpt":{"rendered":"<p>Mix de Decora\u00e7\u00e3o comest\u00edveis Funcakes, ideal para decorar as nossas prepara\u00e7\u00f5es com tons vivos.<\/p>\n","protected":false},"featured_media":349031,"comment_status":"open","ping_status":"closed","template":"","meta":{"_acf_changed":false},"pwb-brand":[],"product_brand":[],"product_cat":[1852,2908,1839,1840,2979,2982,1832,2907,1845,2921,2996,1885,1849,1858,2924,3001],"product_tag":[],"class_list":{"0":"post-387914","1":"product","2":"type-product","3":"status-publish","4":"has-post-thumbnail","6":"product_cat-san-valentin","7":"product_cat-batizados","8":"product_cat-decoracion-comestible","9":"product_cat-decoraciones-azucar-comestibles","10":"product_cat-decoracoes-comestiveis-2","11":"product_cat-decoracoes-de-acucar","12":"product_cat-diestas-especiales","13":"product_cat-festas","14":"product_cat-dieta-sin-e-171","15":"product_cat-pascoa","16":"product_cat-produtos-vegetarianos","17":"product_cat-bautizos","18":"product_cat-fiestas","19":"product_cat-pascua","20":"product_cat-sao-valentim-2","21":"product_cat-sem-e-171-2","23":"first","24":"instock","25":"taxable","26":"shipping-taxable","27":"purchasable","28":"product-type-simple"},"acf":[],"df_price":2.99,"df_sale_price":"","df_regular_price":2.99,"df_image_link":"https:\/\/glotomania.com\/wp-content\/uploads\/2025\/11\/img_14150_ab5a66111d69104985227b1dcf9d3ac3_1-8-300x300.jpg","brands":[],"_links":{"self":[{"href":"https:\/\/glotomania.com\/pt-pt\/wp-json\/wp\/v2\/product\/387914","targetHints":{"allow":["GET"]}}],"collection":[{"href":"https:\/\/glotomania.com\/pt-pt\/wp-json\/wp\/v2\/product"}],"about":[{"href":"https:\/\/glotomania.com\/pt-pt\/wp-json\/wp\/v2\/types\/product"}],"replies":[{"embeddable":true,"href":"https:\/\/glotomania.com\/pt-pt\/wp-json\/wp\/v2\/comments?post=387914"}],"wp:featuredmedia":[{"embeddable":true,"href":"https:\/\/glotomania.com\/pt-pt\/wp-json\/wp\/v2\/media\/349031"}],"wp:attachment":[{"href":"https:\/\/glotomania.com\/pt-pt\/wp-json\/wp\/v2\/media?parent=387914"}],"wp:term":[{"taxonomy":"pwb-brand","embeddable":true,"href":"https:\/\/glotomania.com\/pt-pt\/wp-json\/wp\/v2\/pwb-brand?post=387914"},{"taxonomy":"product_brand","embeddable":true,"href":"https:\/\/glotomania.com\/pt-pt\/wp-json\/wp\/v2\/product_brand?post=387914"},{"taxonomy":"product_cat","embeddable":true,"href":"https:\/\/glotomania.com\/pt-pt\/wp-json\/wp\/v2\/product_cat?post=387914"},{"taxonomy":"product_tag","embeddable":true,"href":"https:\/\/glotomania.com\/pt-pt\/wp-json\/wp\/v2\/product_tag?post=387914"}],"curies":[{"name":"wp","href":"https:\/\/api.w.org\/{rel}","templated":true}]}}