{"id":387918,"date":"2025-09-02T10:28:21","date_gmt":"2025-09-02T10:28:21","guid":{"rendered":"https:\/\/glotomania.com\/p\/cobertura-brillante-glaze-topping-funcakes-375-g-2\/"},"modified":"2026-04-15T09:20:25","modified_gmt":"2026-04-15T09:20:25","slug":"cobertura-brillante-glaze-topping-funcakes-375-g-2","status":"publish","type":"product","link":"https:\/\/glotomania.com\/pt-pt\/p\/cobertura-brillante-glaze-topping-funcakes-375-g-2\/","title":{"rendered":"Cobertura Brilhante &#8220;glaze Topping&#8221; Funcakes &#8211; 375 G"},"content":{"rendered":"<p>\n<span style=\"font-size:14px\">D&ecirc;em aos vossos bolos, sobremesas e doces um belo acabamento com o revestimento<strong> brilhante <\/strong>do FunCakes. Pode decorar as suas cria&ccedil;&otilde;es com um efeito de <strong>espelho brilhante<\/strong>.&nbsp;<\/span><\/p>\n<p><span style=\"font-size:14px\"><strong>Instru&ccedil;&otilde;es:<\/strong> Para usar frio, espalhar com uma esp&aacute;tula nas sobremesas e bolos. Pode colori-lo. Agitar antes de usar.<\/span><\/p>\n","protected":false},"excerpt":{"rendered":"<p>Gel frio Funcakes, ideal para dar \u00e0s nossas cria\u00e7\u00f5es um lindo acabamento brilhante.<\/p>\n","protected":false},"featured_media":349034,"comment_status":"open","ping_status":"closed","template":"","meta":{"_acf_changed":false},"pwb-brand":[],"product_brand":[],"product_cat":[2952,2997,2996,3001,1880,1832,1901,1845],"product_tag":[],"class_list":{"0":"post-387918","1":"product","2":"type-product","3":"status-publish","4":"has-post-thumbnail","6":"product_cat-coberturas-2","7":"product_cat-halal","8":"product_cat-produtos-vegetarianos","9":"product_cat-sem-e-171-2","10":"product_cat-cobertura","11":"product_cat-diestas-especiales","12":"product_cat-dieta-halal","13":"product_cat-dieta-sin-e-171","15":"first","16":"instock","17":"taxable","18":"shipping-taxable","19":"purchasable","20":"product-type-simple"},"acf":[],"df_price":4.95,"df_sale_price":"","df_regular_price":4.95,"df_image_link":"https:\/\/glotomania.com\/wp-content\/uploads\/2025\/11\/img_16382_33b87c456925cadb534cc4799a8af0a1_1-11-300x300.jpg","brands":[],"_links":{"self":[{"href":"https:\/\/glotomania.com\/pt-pt\/wp-json\/wp\/v2\/product\/387918","targetHints":{"allow":["GET"]}}],"collection":[{"href":"https:\/\/glotomania.com\/pt-pt\/wp-json\/wp\/v2\/product"}],"about":[{"href":"https:\/\/glotomania.com\/pt-pt\/wp-json\/wp\/v2\/types\/product"}],"replies":[{"embeddable":true,"href":"https:\/\/glotomania.com\/pt-pt\/wp-json\/wp\/v2\/comments?post=387918"}],"wp:featuredmedia":[{"embeddable":true,"href":"https:\/\/glotomania.com\/pt-pt\/wp-json\/wp\/v2\/media\/349034"}],"wp:attachment":[{"href":"https:\/\/glotomania.com\/pt-pt\/wp-json\/wp\/v2\/media?parent=387918"}],"wp:term":[{"taxonomy":"pwb-brand","embeddable":true,"href":"https:\/\/glotomania.com\/pt-pt\/wp-json\/wp\/v2\/pwb-brand?post=387918"},{"taxonomy":"product_brand","embeddable":true,"href":"https:\/\/glotomania.com\/pt-pt\/wp-json\/wp\/v2\/product_brand?post=387918"},{"taxonomy":"product_cat","embeddable":true,"href":"https:\/\/glotomania.com\/pt-pt\/wp-json\/wp\/v2\/product_cat?post=387918"},{"taxonomy":"product_tag","embeddable":true,"href":"https:\/\/glotomania.com\/pt-pt\/wp-json\/wp\/v2\/product_tag?post=387918"}],"curies":[{"name":"wp","href":"https:\/\/api.w.org\/{rel}","templated":true}]}}