{"id":387919,"date":"2025-09-02T10:28:21","date_gmt":"2025-09-02T10:28:21","guid":{"rendered":"https:\/\/glotomania.com\/p\/azucar-invertido-funcakes-375-g-2\/"},"modified":"2026-03-16T17:25:40","modified_gmt":"2026-03-16T17:25:40","slug":"azucar-invertido-funcakes-375-g-2","status":"publish","type":"product","link":"https:\/\/glotomania.com\/pt-pt\/p\/azucar-invertido-funcakes-375-g-2\/","title":{"rendered":"A\u00c7\u00dacar Invertido Funcakes 375 G"},"content":{"rendered":"<p>\n<span style=\"font-size:14px\">O a&ccedil;&uacute;car invertido do FunCakes&nbsp;&eacute; um xarope feito de glucose e frutose. &Eacute; <strong>mais doce <\/strong>do que o a&ccedil;&uacute;car normal e &eacute; <strong>menos suscept&iacute;vel de cristalizar.<\/strong> Tem um sabor ligeiramente diferente e um<strong> efeito hidratante <\/strong>que faz com que os bolos permane&ccedil;am frescos durante mais tempo.<\/span><\/p>\n<p><span style=\"font-size:14px\">&Eacute; muito &uacute;til na prepara&ccedil;&atilde;o do ganache, onde ajuda a obter a suavidade necess&aacute;ria e proporciona uma excelente sensa&ccedil;&atilde;o na boca. Tamb&eacute;m em produtos cozidos, tais como p&atilde;o de gengibre e brownie sacquire, com uma bela cor castanha e um sabor agrad&aacute;vel.<\/span><\/p>\n<p><span style=\"font-size:14px\">Al&eacute;m disso, &eacute; perfeito como um efeito de redu&ccedil;&atilde;o do ponto de congela&ccedil;&atilde;o para que o sorvete de sorvete permane&ccedil;a mais suave.<\/span><\/p>\n","protected":false},"excerpt":{"rendered":"<p>A\u00e7\u00facar invertido em xarope de Funcakes, mais doce do que o a\u00e7\u00facar normal e com menos tend\u00eancia para cristalizar.<\/p>\n","protected":false},"featured_media":346435,"comment_status":"open","ping_status":"closed","template":"","meta":{"_acf_changed":false},"pwb-brand":[],"product_brand":[],"product_cat":[2997,3018,2996,1832,1901,1844],"product_tag":[],"class_list":{"0":"post-387919","1":"product","2":"type-product","3":"status-publish","4":"has-post-thumbnail","6":"product_cat-halal","7":"product_cat-ingredientes-de-pastelaria-2","8":"product_cat-produtos-vegetarianos","9":"product_cat-diestas-especiales","10":"product_cat-dieta-halal","11":"product_cat-ingredientes-reposteria","13":"first","14":"instock","15":"taxable","16":"shipping-taxable","17":"purchasable","18":"product-type-simple"},"acf":[],"df_price":3.5,"df_sale_price":"","df_regular_price":3.5,"df_image_link":"https:\/\/glotomania.com\/wp-content\/uploads\/2025\/11\/img_16313_a54cc36ebdce0dc07adc4230c925ea14_1-16-300x300.jpg","brands":[],"_links":{"self":[{"href":"https:\/\/glotomania.com\/pt-pt\/wp-json\/wp\/v2\/product\/387919","targetHints":{"allow":["GET"]}}],"collection":[{"href":"https:\/\/glotomania.com\/pt-pt\/wp-json\/wp\/v2\/product"}],"about":[{"href":"https:\/\/glotomania.com\/pt-pt\/wp-json\/wp\/v2\/types\/product"}],"replies":[{"embeddable":true,"href":"https:\/\/glotomania.com\/pt-pt\/wp-json\/wp\/v2\/comments?post=387919"}],"wp:featuredmedia":[{"embeddable":true,"href":"https:\/\/glotomania.com\/pt-pt\/wp-json\/wp\/v2\/media\/346435"}],"wp:attachment":[{"href":"https:\/\/glotomania.com\/pt-pt\/wp-json\/wp\/v2\/media?parent=387919"}],"wp:term":[{"taxonomy":"pwb-brand","embeddable":true,"href":"https:\/\/glotomania.com\/pt-pt\/wp-json\/wp\/v2\/pwb-brand?post=387919"},{"taxonomy":"product_brand","embeddable":true,"href":"https:\/\/glotomania.com\/pt-pt\/wp-json\/wp\/v2\/product_brand?post=387919"},{"taxonomy":"product_cat","embeddable":true,"href":"https:\/\/glotomania.com\/pt-pt\/wp-json\/wp\/v2\/product_cat?post=387919"},{"taxonomy":"product_tag","embeddable":true,"href":"https:\/\/glotomania.com\/pt-pt\/wp-json\/wp\/v2\/product_tag?post=387919"}],"curies":[{"name":"wp","href":"https:\/\/api.w.org\/{rel}","templated":true}]}}