{"id":387921,"date":"2025-09-02T10:28:22","date_gmt":"2025-09-02T10:28:22","guid":{"rendered":"https:\/\/glotomania.com\/p\/perlas-de-azucar-funcakes-plata-metalizado-4-mm-80-g-2\/"},"modified":"2026-03-17T21:31:12","modified_gmt":"2026-03-17T21:31:12","slug":"perlas-de-azucar-funcakes-plata-metalizado-4-mm-80-g-2","status":"publish","type":"product","link":"https:\/\/glotomania.com\/pt-pt\/p\/perlas-de-azucar-funcakes-plata-metalizado-4-mm-80-g-2\/","title":{"rendered":"P\u00c9rolas De A\u00c7\u00dacar Funcakes &#8211; Prata Met\u00c1lico (4 Mm) 80 G"},"content":{"rendered":"<p>\n<span style=\"font-size:14px\">H&aacute; muitos acentos decorativos poss&iacute;veis com estas p&eacute;rolas de a&ccedil;&uacute;car, por exemplo, podem ser usadas como centro de uma flor ou como bordado sobre um bolo.&nbsp;<\/span><\/p>\n<p><span style=\"font-size:14px\">Vem num pr&aacute;tico frasco dispensador.<\/span><\/p>\n<p><span style=\"font-size:14px\"><strong>Tamanho<\/strong>: 4 mm de espessura.<\/span><\/p>\n<p>&nbsp;<\/p>\n<p>&nbsp;<\/p>\n","protected":false},"excerpt":{"rendered":"<p>P\u00e9rolas de a\u00e7\u00facar comest\u00edveis Funcakes, de cor prata e 4 mm de espessura.<\/p>\n","protected":false},"featured_media":36273,"comment_status":"open","ping_status":"closed","template":"","meta":{"_acf_changed":false},"pwb-brand":[],"product_brand":[],"product_cat":[1839,1840,2979,2982,1832,2997,1901,2920,2996,1866],"product_tag":[],"class_list":{"0":"post-387921","1":"product","2":"type-product","3":"status-publish","4":"has-post-thumbnail","6":"product_cat-decoracion-comestible","7":"product_cat-decoraciones-azucar-comestibles","8":"product_cat-decoracoes-comestiveis-2","9":"product_cat-decoracoes-de-acucar","10":"product_cat-diestas-especiales","11":"product_cat-halal","12":"product_cat-dieta-halal","13":"product_cat-natal-2","14":"product_cat-produtos-vegetarianos","15":"product_cat-navidad","17":"first","18":"instock","19":"taxable","20":"shipping-taxable","21":"purchasable","22":"product-type-simple"},"acf":[],"df_price":4.5,"df_sale_price":"","df_regular_price":4.5,"df_image_link":"https:\/\/glotomania.com\/wp-content\/uploads\/2022\/09\/img_14177_7faa087b5916bb65327b0f71d45f86d9_1-300x300.png","brands":[],"_links":{"self":[{"href":"https:\/\/glotomania.com\/pt-pt\/wp-json\/wp\/v2\/product\/387921","targetHints":{"allow":["GET"]}}],"collection":[{"href":"https:\/\/glotomania.com\/pt-pt\/wp-json\/wp\/v2\/product"}],"about":[{"href":"https:\/\/glotomania.com\/pt-pt\/wp-json\/wp\/v2\/types\/product"}],"replies":[{"embeddable":true,"href":"https:\/\/glotomania.com\/pt-pt\/wp-json\/wp\/v2\/comments?post=387921"}],"wp:featuredmedia":[{"embeddable":true,"href":"https:\/\/glotomania.com\/pt-pt\/wp-json\/wp\/v2\/media\/36273"}],"wp:attachment":[{"href":"https:\/\/glotomania.com\/pt-pt\/wp-json\/wp\/v2\/media?parent=387921"}],"wp:term":[{"taxonomy":"pwb-brand","embeddable":true,"href":"https:\/\/glotomania.com\/pt-pt\/wp-json\/wp\/v2\/pwb-brand?post=387921"},{"taxonomy":"product_brand","embeddable":true,"href":"https:\/\/glotomania.com\/pt-pt\/wp-json\/wp\/v2\/product_brand?post=387921"},{"taxonomy":"product_cat","embeddable":true,"href":"https:\/\/glotomania.com\/pt-pt\/wp-json\/wp\/v2\/product_cat?post=387921"},{"taxonomy":"product_tag","embeddable":true,"href":"https:\/\/glotomania.com\/pt-pt\/wp-json\/wp\/v2\/product_tag?post=387921"}],"curies":[{"name":"wp","href":"https:\/\/api.w.org\/{rel}","templated":true}]}}