{"id":387926,"date":"2025-09-02T10:28:25","date_gmt":"2025-09-02T10:28:25","guid":{"rendered":"https:\/\/glotomania.com\/p\/cristales-de-azucar-funcakes-rojos-80-g-2\/"},"modified":"2026-03-16T21:42:27","modified_gmt":"2026-03-16T21:42:27","slug":"cristales-de-azucar-funcakes-rojos-80-g-2","status":"publish","type":"product","link":"https:\/\/glotomania.com\/pt-pt\/p\/cristales-de-azucar-funcakes-rojos-80-g-2\/","title":{"rendered":"Cristais De A\u00c7\u00dacar Funcakes &#8211; Vermelho 80 G"},"content":{"rendered":"","protected":false},"excerpt":{"rendered":"<p>Cristais de a\u00e7\u00facar Funcakes, perfeitos para decorar todo o tipo de prepara\u00e7\u00f5es.<\/p>\n","protected":false},"featured_media":349042,"comment_status":"open","ping_status":"closed","template":"","meta":{"_acf_changed":false},"pwb-brand":[],"product_brand":[],"product_cat":[2979,2982,2907,2920,2924,1852,1839,1840,1849,1866],"product_tag":[],"class_list":{"0":"post-387926","1":"product","2":"type-product","3":"status-publish","4":"has-post-thumbnail","6":"product_cat-decoracoes-comestiveis-2","7":"product_cat-decoracoes-de-acucar","8":"product_cat-festas","9":"product_cat-natal-2","10":"product_cat-sao-valentim-2","11":"product_cat-san-valentin","12":"product_cat-decoracion-comestible","13":"product_cat-decoraciones-azucar-comestibles","14":"product_cat-fiestas","15":"product_cat-navidad","17":"first","18":"instock","19":"taxable","20":"shipping-taxable","21":"purchasable","22":"product-type-simple"},"acf":[],"df_price":2.59,"df_sale_price":"","df_regular_price":2.59,"df_image_link":"https:\/\/glotomania.com\/wp-content\/uploads\/2025\/11\/img_14204_d2bdba0dddcc59363bb608723d7384ae_1-13-300x300.jpg","brands":[],"_links":{"self":[{"href":"https:\/\/glotomania.com\/pt-pt\/wp-json\/wp\/v2\/product\/387926","targetHints":{"allow":["GET"]}}],"collection":[{"href":"https:\/\/glotomania.com\/pt-pt\/wp-json\/wp\/v2\/product"}],"about":[{"href":"https:\/\/glotomania.com\/pt-pt\/wp-json\/wp\/v2\/types\/product"}],"replies":[{"embeddable":true,"href":"https:\/\/glotomania.com\/pt-pt\/wp-json\/wp\/v2\/comments?post=387926"}],"wp:featuredmedia":[{"embeddable":true,"href":"https:\/\/glotomania.com\/pt-pt\/wp-json\/wp\/v2\/media\/349042"}],"wp:attachment":[{"href":"https:\/\/glotomania.com\/pt-pt\/wp-json\/wp\/v2\/media?parent=387926"}],"wp:term":[{"taxonomy":"pwb-brand","embeddable":true,"href":"https:\/\/glotomania.com\/pt-pt\/wp-json\/wp\/v2\/pwb-brand?post=387926"},{"taxonomy":"product_brand","embeddable":true,"href":"https:\/\/glotomania.com\/pt-pt\/wp-json\/wp\/v2\/product_brand?post=387926"},{"taxonomy":"product_cat","embeddable":true,"href":"https:\/\/glotomania.com\/pt-pt\/wp-json\/wp\/v2\/product_cat?post=387926"},{"taxonomy":"product_tag","embeddable":true,"href":"https:\/\/glotomania.com\/pt-pt\/wp-json\/wp\/v2\/product_tag?post=387926"}],"curies":[{"name":"wp","href":"https:\/\/api.w.org\/{rel}","templated":true}]}}