{"id":387929,"date":"2025-09-02T10:28:26","date_gmt":"2025-09-02T10:28:26","guid":{"rendered":"https:\/\/glotomania.com\/p\/cristales-de-azucar-funcakes-negros-80-g-2\/"},"modified":"2026-03-16T17:35:56","modified_gmt":"2026-03-16T17:35:56","slug":"cristales-de-azucar-funcakes-negros-80-g-2","status":"publish","type":"product","link":"https:\/\/glotomania.com\/pt-pt\/p\/cristales-de-azucar-funcakes-negros-80-g-2\/","title":{"rendered":"Cristais De A\u00c7\u00dacar Funcakes &#8211; Preto 80 G"},"content":{"rendered":"","protected":false},"excerpt":{"rendered":"<p>Cristais de a\u00e7\u00facar Funcakes, perfeitos para decorar todo o tipo de prepara\u00e7\u00f5es.<\/p>\n","protected":false},"featured_media":15990,"comment_status":"open","ping_status":"closed","template":"","meta":{"_acf_changed":false},"pwb-brand":[],"product_brand":[],"product_cat":[2979,2982,2907,2917,1839,1840,1849,1863],"product_tag":[],"class_list":{"0":"post-387929","1":"product","2":"type-product","3":"status-publish","4":"has-post-thumbnail","6":"product_cat-decoracoes-comestiveis-2","7":"product_cat-decoracoes-de-acucar","8":"product_cat-festas","9":"product_cat-halloween","10":"product_cat-decoracion-comestible","11":"product_cat-decoraciones-azucar-comestibles","12":"product_cat-fiestas","15":"first","16":"instock","17":"taxable","18":"shipping-taxable","19":"purchasable","20":"product-type-simple"},"acf":[],"df_price":2.5,"df_sale_price":"","df_regular_price":2.5,"df_image_link":"https:\/\/glotomania.com\/wp-content\/uploads\/2022\/09\/img_14210_f8c6b17826d1e0d0801eefa3074e99ca_1-300x300.png","brands":[],"_links":{"self":[{"href":"https:\/\/glotomania.com\/pt-pt\/wp-json\/wp\/v2\/product\/387929","targetHints":{"allow":["GET"]}}],"collection":[{"href":"https:\/\/glotomania.com\/pt-pt\/wp-json\/wp\/v2\/product"}],"about":[{"href":"https:\/\/glotomania.com\/pt-pt\/wp-json\/wp\/v2\/types\/product"}],"replies":[{"embeddable":true,"href":"https:\/\/glotomania.com\/pt-pt\/wp-json\/wp\/v2\/comments?post=387929"}],"wp:featuredmedia":[{"embeddable":true,"href":"https:\/\/glotomania.com\/pt-pt\/wp-json\/wp\/v2\/media\/15990"}],"wp:attachment":[{"href":"https:\/\/glotomania.com\/pt-pt\/wp-json\/wp\/v2\/media?parent=387929"}],"wp:term":[{"taxonomy":"pwb-brand","embeddable":true,"href":"https:\/\/glotomania.com\/pt-pt\/wp-json\/wp\/v2\/pwb-brand?post=387929"},{"taxonomy":"product_brand","embeddable":true,"href":"https:\/\/glotomania.com\/pt-pt\/wp-json\/wp\/v2\/product_brand?post=387929"},{"taxonomy":"product_cat","embeddable":true,"href":"https:\/\/glotomania.com\/pt-pt\/wp-json\/wp\/v2\/product_cat?post=387929"},{"taxonomy":"product_tag","embeddable":true,"href":"https:\/\/glotomania.com\/pt-pt\/wp-json\/wp\/v2\/product_tag?post=387929"}],"curies":[{"name":"wp","href":"https:\/\/api.w.org\/{rel}","templated":true}]}}