{"id":387930,"date":"2025-09-02T10:28:27","date_gmt":"2025-09-02T10:28:27","guid":{"rendered":"https:\/\/glotomania.com\/p\/cristales-de-azucar-funcakes-purpuras-80-g-2\/"},"modified":"2026-04-21T16:56:40","modified_gmt":"2026-04-21T16:56:40","slug":"cristales-de-azucar-funcakes-purpuras-80-g-2","status":"publish","type":"product","link":"https:\/\/glotomania.com\/pt-pt\/p\/cristales-de-azucar-funcakes-purpuras-80-g-2\/","title":{"rendered":"Cristais De A\u00c7\u00dacar Funcakes &#8211; Purpura 80 G"},"content":{"rendered":"","protected":false},"excerpt":{"rendered":"<p>Cristais de a\u00e7\u00facar Funcakes, perfeitos para decorar todo o tipo de prepara\u00e7\u00f5es.<\/p>\n","protected":false},"featured_media":343022,"comment_status":"open","ping_status":"closed","template":"","meta":{"_acf_changed":false},"pwb-brand":[],"product_brand":[],"product_cat":[2979,2982,2907,2997,2917,2996,1839,1840,1832,1901,1849,1863],"product_tag":[],"class_list":{"0":"post-387930","1":"product","2":"type-product","3":"status-publish","4":"has-post-thumbnail","6":"product_cat-decoracoes-comestiveis-2","7":"product_cat-decoracoes-de-acucar","8":"product_cat-festas","9":"product_cat-halal","10":"product_cat-halloween","11":"product_cat-produtos-vegetarianos","12":"product_cat-decoracion-comestible","13":"product_cat-decoraciones-azucar-comestibles","14":"product_cat-diestas-especiales","15":"product_cat-dieta-halal","16":"product_cat-fiestas","19":"first","20":"instock","21":"taxable","22":"shipping-taxable","23":"purchasable","24":"product-type-simple"},"acf":[],"df_price":2.59,"df_sale_price":"","df_regular_price":2.59,"df_image_link":"https:\/\/glotomania.com\/wp-content\/uploads\/2025\/11\/img_14213_be880c6eb9ead5fd8dcb7041b446e1d2_1-7-300x300.jpg","brands":[],"_links":{"self":[{"href":"https:\/\/glotomania.com\/pt-pt\/wp-json\/wp\/v2\/product\/387930","targetHints":{"allow":["GET"]}}],"collection":[{"href":"https:\/\/glotomania.com\/pt-pt\/wp-json\/wp\/v2\/product"}],"about":[{"href":"https:\/\/glotomania.com\/pt-pt\/wp-json\/wp\/v2\/types\/product"}],"replies":[{"embeddable":true,"href":"https:\/\/glotomania.com\/pt-pt\/wp-json\/wp\/v2\/comments?post=387930"}],"wp:featuredmedia":[{"embeddable":true,"href":"https:\/\/glotomania.com\/pt-pt\/wp-json\/wp\/v2\/media\/343022"}],"wp:attachment":[{"href":"https:\/\/glotomania.com\/pt-pt\/wp-json\/wp\/v2\/media?parent=387930"}],"wp:term":[{"taxonomy":"pwb-brand","embeddable":true,"href":"https:\/\/glotomania.com\/pt-pt\/wp-json\/wp\/v2\/pwb-brand?post=387930"},{"taxonomy":"product_brand","embeddable":true,"href":"https:\/\/glotomania.com\/pt-pt\/wp-json\/wp\/v2\/product_brand?post=387930"},{"taxonomy":"product_cat","embeddable":true,"href":"https:\/\/glotomania.com\/pt-pt\/wp-json\/wp\/v2\/product_cat?post=387930"},{"taxonomy":"product_tag","embeddable":true,"href":"https:\/\/glotomania.com\/pt-pt\/wp-json\/wp\/v2\/product_tag?post=387930"}],"curies":[{"name":"wp","href":"https:\/\/api.w.org\/{rel}","templated":true}]}}