{"id":387931,"date":"2025-09-02T10:28:27","date_gmt":"2025-09-02T10:28:27","guid":{"rendered":"https:\/\/glotomania.com\/p\/perlas-de-azucar-funcakes-azul-metalizado-4-mm-80-g-2\/"},"modified":"2026-04-23T03:47:52","modified_gmt":"2026-04-23T03:47:52","slug":"perlas-de-azucar-funcakes-azul-metalizado-4-mm-80-g-2","status":"publish","type":"product","link":"https:\/\/glotomania.com\/pt-pt\/p\/perlas-de-azucar-funcakes-azul-metalizado-4-mm-80-g-2\/","title":{"rendered":"P\u00c9rolas De A\u00c7\u00dacar Funcakes &#8211; Azul Met\u00c1lico (4 Mm) 80 G"},"content":{"rendered":"<p>\n<span style=\"font-size: 14px\">H&aacute; muitos acentos decorativos poss&iacute;veis com estas p&eacute;rolas de a&ccedil;&uacute;car, por exemplo, podem ser usadas como centro de uma flor ou como bordado sobre um bolo.&nbsp;<\/span><\/p>\n<p><span style=\"font-size: 14px\">Vem num pr&aacute;tico frasco dispensador.<\/span><\/p>\n<p><span style=\"font-size: 14px\"><strong>Tamanho<\/strong>: 4 mm de espessura.<\/span><\/p>\n<div>&nbsp;<\/div>\n","protected":false},"excerpt":{"rendered":"<p>P\u00e9rolas de a\u00e7\u00facar comest\u00edveis Funcakes, de cor e 4 mm de espessura.<\/p>\n","protected":false},"featured_media":349046,"comment_status":"open","ping_status":"closed","template":"","meta":{"_acf_changed":false},"pwb-brand":[],"product_brand":[],"product_cat":[2908,1839,1840,2979,2982,2907,2921,1885,1849,1858],"product_tag":[],"class_list":{"0":"post-387931","1":"product","2":"type-product","3":"status-publish","4":"has-post-thumbnail","6":"product_cat-batizados","7":"product_cat-decoracion-comestible","8":"product_cat-decoraciones-azucar-comestibles","9":"product_cat-decoracoes-comestiveis-2","10":"product_cat-decoracoes-de-acucar","11":"product_cat-festas","12":"product_cat-pascoa","13":"product_cat-bautizos","14":"product_cat-fiestas","15":"product_cat-pascua","17":"first","18":"instock","19":"taxable","20":"shipping-taxable","21":"purchasable","22":"product-type-simple"},"acf":[],"df_price":4.75,"df_sale_price":"","df_regular_price":4.75,"df_image_link":"https:\/\/glotomania.com\/wp-content\/uploads\/2025\/11\/img_14214_9e832c5fcf3f24f9783d8d8f594b7394_1-15-300x300.jpg","brands":[],"_links":{"self":[{"href":"https:\/\/glotomania.com\/pt-pt\/wp-json\/wp\/v2\/product\/387931","targetHints":{"allow":["GET"]}}],"collection":[{"href":"https:\/\/glotomania.com\/pt-pt\/wp-json\/wp\/v2\/product"}],"about":[{"href":"https:\/\/glotomania.com\/pt-pt\/wp-json\/wp\/v2\/types\/product"}],"replies":[{"embeddable":true,"href":"https:\/\/glotomania.com\/pt-pt\/wp-json\/wp\/v2\/comments?post=387931"}],"wp:featuredmedia":[{"embeddable":true,"href":"https:\/\/glotomania.com\/pt-pt\/wp-json\/wp\/v2\/media\/349046"}],"wp:attachment":[{"href":"https:\/\/glotomania.com\/pt-pt\/wp-json\/wp\/v2\/media?parent=387931"}],"wp:term":[{"taxonomy":"pwb-brand","embeddable":true,"href":"https:\/\/glotomania.com\/pt-pt\/wp-json\/wp\/v2\/pwb-brand?post=387931"},{"taxonomy":"product_brand","embeddable":true,"href":"https:\/\/glotomania.com\/pt-pt\/wp-json\/wp\/v2\/product_brand?post=387931"},{"taxonomy":"product_cat","embeddable":true,"href":"https:\/\/glotomania.com\/pt-pt\/wp-json\/wp\/v2\/product_cat?post=387931"},{"taxonomy":"product_tag","embeddable":true,"href":"https:\/\/glotomania.com\/pt-pt\/wp-json\/wp\/v2\/product_tag?post=387931"}],"curies":[{"name":"wp","href":"https:\/\/api.w.org\/{rel}","templated":true}]}}