{"id":387932,"date":"2025-09-02T10:28:28","date_gmt":"2025-09-02T10:28:28","guid":{"rendered":"https:\/\/glotomania.com\/p\/perlas-de-azucar-funcakes-rosa-metalizado-4-mm-80-g-2\/"},"modified":"2026-04-28T15:25:45","modified_gmt":"2026-04-28T15:25:45","slug":"perlas-de-azucar-funcakes-rosa-metalizado-4-mm-80-g-2","status":"publish","type":"product","link":"https:\/\/glotomania.com\/pt-pt\/p\/perlas-de-azucar-funcakes-rosa-metalizado-4-mm-80-g-2\/","title":{"rendered":"P\u00c9rolas De A\u00c7\u00dacar Funcakes &#8211; Rosa Met\u00c1lico (4 Mm) 80 G"},"content":{"rendered":"<p>\n<span style=\"font-size: 14px\">H&aacute; muitos acentos decorativos poss&iacute;veis com estas p&eacute;rolas de a&ccedil;&uacute;car, por exemplo, podem ser usadas como centro de uma flor ou como bordado sobre um bolo.&nbsp;<\/span><\/p>\n<p><span style=\"font-size: 14px\">Vem num pr&aacute;tico frasco dispensador.<\/span><\/p>\n<p><span style=\"font-size: 14px\"><strong>Tamanho<\/strong>: 4 mm de espessura.<\/span><\/p>\n<div>&nbsp;<\/div>\n","protected":false},"excerpt":{"rendered":"<p>P\u00e9rolas de a\u00e7\u00facar comest\u00edveis Funcakes, de cor e 4 mm de espessura.<\/p>\n","protected":false},"featured_media":35939,"comment_status":"open","ping_status":"closed","template":"","meta":{"_acf_changed":false},"pwb-brand":[],"product_brand":[],"product_cat":[2908,2979,2982,2907,2924,1852,1839,1840,1885,1849],"product_tag":[],"class_list":{"0":"post-387932","1":"product","2":"type-product","3":"status-publish","4":"has-post-thumbnail","6":"product_cat-batizados","7":"product_cat-decoracoes-comestiveis-2","8":"product_cat-decoracoes-de-acucar","9":"product_cat-festas","10":"product_cat-sao-valentim-2","11":"product_cat-san-valentin","12":"product_cat-decoracion-comestible","13":"product_cat-decoraciones-azucar-comestibles","14":"product_cat-bautizos","15":"product_cat-fiestas","17":"first","18":"instock","19":"taxable","20":"shipping-taxable","21":"purchasable","22":"product-type-simple"},"acf":[],"df_price":5.25,"df_sale_price":"","df_regular_price":5.25,"df_image_link":"https:\/\/glotomania.com\/wp-content\/uploads\/2022\/09\/img_14217_3c96ad75557cab3fcea26b9e612d45cf_1-300x300.png","brands":[],"_links":{"self":[{"href":"https:\/\/glotomania.com\/pt-pt\/wp-json\/wp\/v2\/product\/387932","targetHints":{"allow":["GET"]}}],"collection":[{"href":"https:\/\/glotomania.com\/pt-pt\/wp-json\/wp\/v2\/product"}],"about":[{"href":"https:\/\/glotomania.com\/pt-pt\/wp-json\/wp\/v2\/types\/product"}],"replies":[{"embeddable":true,"href":"https:\/\/glotomania.com\/pt-pt\/wp-json\/wp\/v2\/comments?post=387932"}],"wp:featuredmedia":[{"embeddable":true,"href":"https:\/\/glotomania.com\/pt-pt\/wp-json\/wp\/v2\/media\/35939"}],"wp:attachment":[{"href":"https:\/\/glotomania.com\/pt-pt\/wp-json\/wp\/v2\/media?parent=387932"}],"wp:term":[{"taxonomy":"pwb-brand","embeddable":true,"href":"https:\/\/glotomania.com\/pt-pt\/wp-json\/wp\/v2\/pwb-brand?post=387932"},{"taxonomy":"product_brand","embeddable":true,"href":"https:\/\/glotomania.com\/pt-pt\/wp-json\/wp\/v2\/product_brand?post=387932"},{"taxonomy":"product_cat","embeddable":true,"href":"https:\/\/glotomania.com\/pt-pt\/wp-json\/wp\/v2\/product_cat?post=387932"},{"taxonomy":"product_tag","embeddable":true,"href":"https:\/\/glotomania.com\/pt-pt\/wp-json\/wp\/v2\/product_tag?post=387932"}],"curies":[{"name":"wp","href":"https:\/\/api.w.org\/{rel}","templated":true}]}}