{"id":387934,"date":"2025-09-02T10:28:29","date_gmt":"2025-09-02T10:28:29","guid":{"rendered":"https:\/\/glotomania.com\/p\/palitos-de-azucar-xl-funcakes-plata-metalizado-70-g-2\/"},"modified":"2026-04-15T09:09:20","modified_gmt":"2026-04-15T09:09:20","slug":"palitos-de-azucar-xl-funcakes-plata-metalizado-70-g-2","status":"publish","type":"product","link":"https:\/\/glotomania.com\/pt-pt\/p\/palitos-de-azucar-xl-funcakes-plata-metalizado-70-g-2\/","title":{"rendered":"Palitos De A\u00c7\u00dacar Xl Funcakes &#8211; Prata Met\u00c1lizado 70 G"},"content":{"rendered":"<p>&nbsp;<\/p>\n<p><span style=\"font-size:14px\"><strong>Medidas aprox.: <\/strong>Comprimento 2 cm.<\/span><\/p>\n<p>\n&nbsp;<\/p>\n","protected":false},"excerpt":{"rendered":"<p>Os palitos de a\u00e7\u00facar met\u00e1lico FunCakes s\u00e3o ideais para a decora\u00e7\u00e3o de cupcakes e bolos.<\/p>\n","protected":false},"featured_media":343026,"comment_status":"open","ping_status":"closed","template":"","meta":{"_acf_changed":false},"pwb-brand":[],"product_brand":[],"product_cat":[1839,1840,2979,2982,1832,2907,2997,1901,2920,2996,1849,1866],"product_tag":[],"class_list":{"0":"post-387934","1":"product","2":"type-product","3":"status-publish","4":"has-post-thumbnail","6":"product_cat-decoracion-comestible","7":"product_cat-decoraciones-azucar-comestibles","8":"product_cat-decoracoes-comestiveis-2","9":"product_cat-decoracoes-de-acucar","10":"product_cat-diestas-especiales","11":"product_cat-festas","12":"product_cat-halal","13":"product_cat-dieta-halal","14":"product_cat-natal-2","15":"product_cat-produtos-vegetarianos","16":"product_cat-fiestas","17":"product_cat-navidad","19":"first","20":"instock","21":"taxable","22":"shipping-taxable","23":"purchasable","24":"product-type-simple"},"acf":[],"df_price":3.95,"df_sale_price":"","df_regular_price":3.95,"df_image_link":"https:\/\/glotomania.com\/wp-content\/uploads\/2025\/11\/img_19310_38fbdd10bbe59811ec359895ba83c1bd_1-14-300x300.jpg","brands":[],"_links":{"self":[{"href":"https:\/\/glotomania.com\/pt-pt\/wp-json\/wp\/v2\/product\/387934","targetHints":{"allow":["GET"]}}],"collection":[{"href":"https:\/\/glotomania.com\/pt-pt\/wp-json\/wp\/v2\/product"}],"about":[{"href":"https:\/\/glotomania.com\/pt-pt\/wp-json\/wp\/v2\/types\/product"}],"replies":[{"embeddable":true,"href":"https:\/\/glotomania.com\/pt-pt\/wp-json\/wp\/v2\/comments?post=387934"}],"wp:featuredmedia":[{"embeddable":true,"href":"https:\/\/glotomania.com\/pt-pt\/wp-json\/wp\/v2\/media\/343026"}],"wp:attachment":[{"href":"https:\/\/glotomania.com\/pt-pt\/wp-json\/wp\/v2\/media?parent=387934"}],"wp:term":[{"taxonomy":"pwb-brand","embeddable":true,"href":"https:\/\/glotomania.com\/pt-pt\/wp-json\/wp\/v2\/pwb-brand?post=387934"},{"taxonomy":"product_brand","embeddable":true,"href":"https:\/\/glotomania.com\/pt-pt\/wp-json\/wp\/v2\/product_brand?post=387934"},{"taxonomy":"product_cat","embeddable":true,"href":"https:\/\/glotomania.com\/pt-pt\/wp-json\/wp\/v2\/product_cat?post=387934"},{"taxonomy":"product_tag","embeddable":true,"href":"https:\/\/glotomania.com\/pt-pt\/wp-json\/wp\/v2\/product_tag?post=387934"}],"curies":[{"name":"wp","href":"https:\/\/api.w.org\/{rel}","templated":true}]}}