{"id":387937,"date":"2025-09-02T10:28:31","date_gmt":"2025-09-02T10:28:31","guid":{"rendered":"https:\/\/glotomania.com\/p\/palitos-de-azucar-xl-funcakes-oro-metalizado-70-g-2\/"},"modified":"2026-04-23T06:57:51","modified_gmt":"2026-04-23T06:57:51","slug":"palitos-de-azucar-xl-funcakes-oro-metalizado-70-g-2","status":"publish","type":"product","link":"https:\/\/glotomania.com\/pt-pt\/p\/palitos-de-azucar-xl-funcakes-oro-metalizado-70-g-2\/","title":{"rendered":"Palitos De A\u00c7\u00dacar Xl Funcakes &#8211; Ouro Met\u00c1lizado 70 G"},"content":{"rendered":"<p>&nbsp;<\/p>\n<p><span style=\"font-size: 14px\"><strong>Medidas aprox.:&nbsp;<\/strong>Comprimento 2 cm.<\/span><\/p>\n","protected":false},"excerpt":{"rendered":"<p>Os palitos de a\u00e7\u00facar met\u00e1lico FunCakes s\u00e3o ideais para a decora\u00e7\u00e3o de cupcakes e bolos.<\/p>\n","protected":false},"featured_media":37777,"comment_status":"open","ping_status":"closed","template":"","meta":{"_acf_changed":false},"pwb-brand":[],"product_brand":[],"product_cat":[2979,2982,2979,2982,2996,2907,2997,2997,2996,2907],"product_tag":[],"class_list":{"0":"post-387937","1":"product","2":"type-product","3":"status-publish","4":"has-post-thumbnail","6":"product_cat-decoracoes-comestiveis-2","7":"product_cat-decoracoes-de-acucar","10":"product_cat-produtos-vegetarianos","11":"product_cat-festas","12":"product_cat-halal","17":"first","18":"instock","19":"taxable","20":"shipping-taxable","21":"purchasable","22":"product-type-simple"},"acf":[],"df_price":3.95,"df_sale_price":"","df_regular_price":3.95,"df_image_link":"https:\/\/glotomania.com\/wp-content\/uploads\/2022\/09\/img_19312_6fabb2ddead35c68a30170ec4064ce4f_1-300x300.png","brands":[],"_links":{"self":[{"href":"https:\/\/glotomania.com\/pt-pt\/wp-json\/wp\/v2\/product\/387937","targetHints":{"allow":["GET"]}}],"collection":[{"href":"https:\/\/glotomania.com\/pt-pt\/wp-json\/wp\/v2\/product"}],"about":[{"href":"https:\/\/glotomania.com\/pt-pt\/wp-json\/wp\/v2\/types\/product"}],"replies":[{"embeddable":true,"href":"https:\/\/glotomania.com\/pt-pt\/wp-json\/wp\/v2\/comments?post=387937"}],"wp:featuredmedia":[{"embeddable":true,"href":"https:\/\/glotomania.com\/pt-pt\/wp-json\/wp\/v2\/media\/37777"}],"wp:attachment":[{"href":"https:\/\/glotomania.com\/pt-pt\/wp-json\/wp\/v2\/media?parent=387937"}],"wp:term":[{"taxonomy":"pwb-brand","embeddable":true,"href":"https:\/\/glotomania.com\/pt-pt\/wp-json\/wp\/v2\/pwb-brand?post=387937"},{"taxonomy":"product_brand","embeddable":true,"href":"https:\/\/glotomania.com\/pt-pt\/wp-json\/wp\/v2\/product_brand?post=387937"},{"taxonomy":"product_cat","embeddable":true,"href":"https:\/\/glotomania.com\/pt-pt\/wp-json\/wp\/v2\/product_cat?post=387937"},{"taxonomy":"product_tag","embeddable":true,"href":"https:\/\/glotomania.com\/pt-pt\/wp-json\/wp\/v2\/product_tag?post=387937"}],"curies":[{"name":"wp","href":"https:\/\/api.w.org\/{rel}","templated":true}]}}