{"id":387945,"date":"2025-09-02T10:28:35","date_gmt":"2025-09-02T10:28:35","guid":{"rendered":"https:\/\/glotomania.com\/p\/vela-50-cumpleanos-senal-prohibido-63-cm-2\/"},"modified":"2026-03-16T19:25:45","modified_gmt":"2026-03-16T19:25:45","slug":"vela-50-cumpleanos-senal-prohibido-63-cm-2","status":"publish","type":"product","link":"https:\/\/glotomania.com\/pt-pt\/p\/vela-50-cumpleanos-senal-prohibido-63-cm-2\/","title":{"rendered":"Vela De Anivers\u00c1rio 50 Sinal Proibido 6,3 Cm"},"content":{"rendered":"<p>\n<span style=\"font-size: 14px\"><strong>Composi&ccedil;&atilde;o:<\/strong><br \/>\nPl&aacute;stico, cera de parafina sem fragr&acirc;ncias, tinta de revestimento, pavio sem chumbo.<br \/>\n<em>Regulamento (UE)&nbsp;<strong>10\/2011<\/strong>: materiais pl&aacute;sticos destinados a entrar em contacto com os alimentos.&nbsp;<\/em><\/span><\/p>\n<p><span style=\"font-size: 14px\"><strong>Dimens&otilde;es<\/strong>: 10 x 90 x 140 mm.<\/span><\/p>\n<p><span style=\"font-size: 14px\"><strong>Peso<\/strong>: 30 g.<\/span><\/p>\n<p><span style=\"font-size: 14px\"><strong>Armazenamento<\/strong>: &eacute; essencial mant&ecirc;-lo na sua embalagem original e caixa durante o armazenamento.<\/span><\/p>\n<p><span style=\"font-size: 14px\">Manter abaixo do ponto de fus&atilde;o: 56-58 &ordm;C.<\/span><\/p>\n","protected":false},"excerpt":{"rendered":"<p>Vela com sinal proibido, para dar um toque muito original \u00e0s suas cria\u00e7\u00f5es em dias t\u00e3o especiais.<\/p>\n","protected":false},"featured_media":346456,"comment_status":"open","ping_status":"closed","template":"","meta":{"_acf_changed":false},"pwb-brand":[],"product_brand":[],"product_cat":[2907,3087,3210,3209,1849,1767,1797,1795],"product_tag":[],"class_list":{"0":"post-387945","1":"product","2":"type-product","3":"status-publish","4":"has-post-thumbnail","6":"product_cat-festas","7":"product_cat-ordem-e-armazenamento","8":"product_cat-velas-de-numeros","9":"product_cat-velas-para-bolos","10":"product_cat-fiestas","11":"product_cat-utensilios","12":"product_cat-velas-numeros","13":"product_cat-velas","15":"first","16":"instock","17":"taxable","18":"shipping-taxable","19":"purchasable","20":"product-type-simple"},"acf":[],"df_price":2.95,"df_sale_price":"","df_regular_price":2.95,"df_image_link":"https:\/\/glotomania.com\/wp-content\/uploads\/2025\/11\/img_14722_720f5be2afbb458621377d02170d44df_1-13-300x300.jpg","brands":[],"_links":{"self":[{"href":"https:\/\/glotomania.com\/pt-pt\/wp-json\/wp\/v2\/product\/387945","targetHints":{"allow":["GET"]}}],"collection":[{"href":"https:\/\/glotomania.com\/pt-pt\/wp-json\/wp\/v2\/product"}],"about":[{"href":"https:\/\/glotomania.com\/pt-pt\/wp-json\/wp\/v2\/types\/product"}],"replies":[{"embeddable":true,"href":"https:\/\/glotomania.com\/pt-pt\/wp-json\/wp\/v2\/comments?post=387945"}],"wp:featuredmedia":[{"embeddable":true,"href":"https:\/\/glotomania.com\/pt-pt\/wp-json\/wp\/v2\/media\/346456"}],"wp:attachment":[{"href":"https:\/\/glotomania.com\/pt-pt\/wp-json\/wp\/v2\/media?parent=387945"}],"wp:term":[{"taxonomy":"pwb-brand","embeddable":true,"href":"https:\/\/glotomania.com\/pt-pt\/wp-json\/wp\/v2\/pwb-brand?post=387945"},{"taxonomy":"product_brand","embeddable":true,"href":"https:\/\/glotomania.com\/pt-pt\/wp-json\/wp\/v2\/product_brand?post=387945"},{"taxonomy":"product_cat","embeddable":true,"href":"https:\/\/glotomania.com\/pt-pt\/wp-json\/wp\/v2\/product_cat?post=387945"},{"taxonomy":"product_tag","embeddable":true,"href":"https:\/\/glotomania.com\/pt-pt\/wp-json\/wp\/v2\/product_tag?post=387945"}],"curies":[{"name":"wp","href":"https:\/\/api.w.org\/{rel}","templated":true}]}}