{"id":387947,"date":"2025-09-02T10:28:36","date_gmt":"2025-09-02T10:28:36","guid":{"rendered":"https:\/\/glotomania.com\/p\/habas-de-ceramica-para-hornear-funcakes-600-g-2\/"},"modified":"2026-03-16T09:52:32","modified_gmt":"2026-03-16T09:52:32","slug":"habas-de-ceramica-para-hornear-funcakes-600-g-2","status":"publish","type":"product","link":"https:\/\/glotomania.com\/pt-pt\/p\/habas-de-ceramica-para-hornear-funcakes-600-g-2\/","title":{"rendered":"Bolas De Cozedura Funcakes 600 G"},"content":{"rendered":"<div>\n<span style=\"font-size:14px\">Se tiver de fazer por exemplo uma tarte de ma&ccedil;&atilde; onde o recheio n&atilde;o precise de cozer e a massa sim, com estes feij&otilde;es de cer&acirc;mica ser&aacute; perfeito.&nbsp;<\/span><\/div>\n<div>&nbsp;<\/div>\n<div><span style=\"font-size:14px\">Tamb&eacute;m s&atilde;o adequados para qualquer receita em que o tempo de cozedura do recheio seja inferior ao da massa.<\/span><\/div>\n<div>&nbsp;<\/div>\n<div><strong><span style=\"font-size:14px\">M&eacute;todo de utiliza&ccedil;&atilde;o:<\/span><\/strong><\/div>\n<div><span style=\"font-size:14px\">Cobrir a forma com a massa e, colocar uma folha de papel vegetal por cima, colocar os feij&otilde;es por cima e assar a torta.<\/span><\/div>\n<div>&nbsp;<\/div>\n<div><span style=\"font-size:14px\">O <em>feij&atilde;o<\/em>&nbsp;\/<em> gr&atilde;o-de-bico <\/em>\/ <em>p&eacute;rolas<\/em> de <em>cer&acirc;mica<\/em> da FunCakes s&atilde;o reutiliz&aacute;veis. Para o fazer, utiliz&aacute;-los sempre num papel vegetal.<\/span><\/div>\n","protected":false},"excerpt":{"rendered":"<p>S\u00e3o perfeitas para cozer as suas massas para que n\u00e3o cres\u00e7am.<\/p>\n","protected":false},"featured_media":349060,"comment_status":"open","ping_status":"closed","template":"","meta":{"_acf_changed":false},"pwb-brand":[],"product_brand":[],"product_cat":[1892,3106,1820,3087,3112,1767],"product_tag":[],"class_list":{"0":"post-387947","1":"product","2":"type-product","3":"status-publish","4":"has-post-thumbnail","6":"product_cat-bandejas-horno","7":"product_cat-basicos-de-pastelaria","8":"product_cat-basicos","9":"product_cat-ordem-e-armazenamento","10":"product_cat-tabuleiros-e-acessorios-2","11":"product_cat-utensilios","13":"first","14":"instock","15":"taxable","16":"shipping-taxable","17":"purchasable","18":"product-type-simple"},"acf":[],"df_price":8.87,"df_sale_price":"","df_regular_price":8.87,"df_image_link":"https:\/\/glotomania.com\/wp-content\/uploads\/2025\/11\/img_19317_5bc64035e095a1d18530623bf50588d9_1-9-300x300.jpg","brands":[],"_links":{"self":[{"href":"https:\/\/glotomania.com\/pt-pt\/wp-json\/wp\/v2\/product\/387947","targetHints":{"allow":["GET"]}}],"collection":[{"href":"https:\/\/glotomania.com\/pt-pt\/wp-json\/wp\/v2\/product"}],"about":[{"href":"https:\/\/glotomania.com\/pt-pt\/wp-json\/wp\/v2\/types\/product"}],"replies":[{"embeddable":true,"href":"https:\/\/glotomania.com\/pt-pt\/wp-json\/wp\/v2\/comments?post=387947"}],"wp:featuredmedia":[{"embeddable":true,"href":"https:\/\/glotomania.com\/pt-pt\/wp-json\/wp\/v2\/media\/349060"}],"wp:attachment":[{"href":"https:\/\/glotomania.com\/pt-pt\/wp-json\/wp\/v2\/media?parent=387947"}],"wp:term":[{"taxonomy":"pwb-brand","embeddable":true,"href":"https:\/\/glotomania.com\/pt-pt\/wp-json\/wp\/v2\/pwb-brand?post=387947"},{"taxonomy":"product_brand","embeddable":true,"href":"https:\/\/glotomania.com\/pt-pt\/wp-json\/wp\/v2\/product_brand?post=387947"},{"taxonomy":"product_cat","embeddable":true,"href":"https:\/\/glotomania.com\/pt-pt\/wp-json\/wp\/v2\/product_cat?post=387947"},{"taxonomy":"product_tag","embeddable":true,"href":"https:\/\/glotomania.com\/pt-pt\/wp-json\/wp\/v2\/product_tag?post=387947"}],"curies":[{"name":"wp","href":"https:\/\/api.w.org\/{rel}","templated":true}]}}