{"id":387950,"date":"2025-09-02T10:28:38","date_gmt":"2025-09-02T10:28:38","guid":{"rendered":"https:\/\/glotomania.com\/p\/sprinkles-funcakes-beloved-65-g-2\/"},"modified":"2026-03-10T14:03:25","modified_gmt":"2026-03-10T14:03:25","slug":"sprinkles-funcakes-beloved-65-g-2","status":"publish","type":"product","link":"https:\/\/glotomania.com\/pt-pt\/p\/sprinkles-funcakes-beloved-65-g-2\/","title":{"rendered":"Sprinkles Funcakes &#8211; Beloved Medley 65 G"},"content":{"rendered":"<p>&nbsp;<\/p>\n<p><span style=\"font-size:14px\">Inclui cora&ccedil;&otilde;es, missangas em relevo, p&eacute;rolas de diferentes tamanhos.<\/span><\/p>\n","protected":false},"excerpt":{"rendered":"<p>Mistura de decora\u00e7\u00f5es comest\u00edveis Funcakes, ideal para decorar as nossas elabora\u00e7\u00f5es do Dia dos Namorados.<\/p>\n","protected":false},"featured_media":346459,"comment_status":"open","ping_status":"closed","template":"","meta":{"_acf_changed":false},"pwb-brand":[],"product_brand":[],"product_cat":[2910,2979,2982,2907,2996,2924,3001,1852,1839,1840,1832,1845,1888,1849],"product_tag":[],"class_list":{"0":"post-387950","1":"product","2":"type-product","3":"status-publish","4":"has-post-thumbnail","6":"product_cat-casamentos-2","7":"product_cat-decoracoes-comestiveis-2","8":"product_cat-decoracoes-de-acucar","9":"product_cat-festas","10":"product_cat-produtos-vegetarianos","11":"product_cat-sao-valentim-2","12":"product_cat-sem-e-171-2","13":"product_cat-san-valentin","14":"product_cat-decoracion-comestible","15":"product_cat-decoraciones-azucar-comestibles","16":"product_cat-diestas-especiales","17":"product_cat-dieta-sin-e-171","18":"product_cat-bodas","19":"product_cat-fiestas","21":"first","22":"instock","23":"taxable","24":"shipping-taxable","25":"purchasable","26":"product-type-simple"},"acf":[],"df_price":3.43,"df_sale_price":"","df_regular_price":3.43,"df_image_link":"https:\/\/glotomania.com\/wp-content\/uploads\/2025\/11\/img_14734_7c0a5795c0524fe19b5773b34d9e099c_1-10-300x300.jpg","brands":[],"_links":{"self":[{"href":"https:\/\/glotomania.com\/pt-pt\/wp-json\/wp\/v2\/product\/387950","targetHints":{"allow":["GET"]}}],"collection":[{"href":"https:\/\/glotomania.com\/pt-pt\/wp-json\/wp\/v2\/product"}],"about":[{"href":"https:\/\/glotomania.com\/pt-pt\/wp-json\/wp\/v2\/types\/product"}],"replies":[{"embeddable":true,"href":"https:\/\/glotomania.com\/pt-pt\/wp-json\/wp\/v2\/comments?post=387950"}],"wp:featuredmedia":[{"embeddable":true,"href":"https:\/\/glotomania.com\/pt-pt\/wp-json\/wp\/v2\/media\/346459"}],"wp:attachment":[{"href":"https:\/\/glotomania.com\/pt-pt\/wp-json\/wp\/v2\/media?parent=387950"}],"wp:term":[{"taxonomy":"pwb-brand","embeddable":true,"href":"https:\/\/glotomania.com\/pt-pt\/wp-json\/wp\/v2\/pwb-brand?post=387950"},{"taxonomy":"product_brand","embeddable":true,"href":"https:\/\/glotomania.com\/pt-pt\/wp-json\/wp\/v2\/product_brand?post=387950"},{"taxonomy":"product_cat","embeddable":true,"href":"https:\/\/glotomania.com\/pt-pt\/wp-json\/wp\/v2\/product_cat?post=387950"},{"taxonomy":"product_tag","embeddable":true,"href":"https:\/\/glotomania.com\/pt-pt\/wp-json\/wp\/v2\/product_tag?post=387950"}],"curies":[{"name":"wp","href":"https:\/\/api.w.org\/{rel}","templated":true}]}}