{"id":387960,"date":"2025-09-02T10:29:33","date_gmt":"2025-09-02T10:29:33","guid":{"rendered":"https:\/\/glotomania.com\/p\/set-cortadores-alfabeto-jem-64-caracteres-2\/"},"modified":"2026-03-10T14:04:54","modified_gmt":"2026-03-10T14:04:54","slug":"set-cortadores-alfabeto-jem-64-caracteres-2","status":"publish","type":"product","link":"https:\/\/glotomania.com\/pt-pt\/p\/set-cortadores-alfabeto-jem-64-caracteres-2\/","title":{"rendered":"Set Cortadores Alfabeto Jem &#8211; 64 Caracteres"},"content":{"rendered":"<p>&nbsp;<\/p>\n<p><span style=\"font-size:14px\">Conjunto de 64 pe&ccedil;as de cortantes, perfeitas para as nossas decora&ccedil;&otilde;es de fondant e icing, entre outras. Tamb&eacute;m inclui os caracteres $, &pound;, ?, !, +, =, &amp;, %, * etc.<\/span><\/p>\n<p><span style=\"font-size:14px\">Fabricado em pl&aacute;stico resistente, adequado para uso alimentar.&nbsp;<\/span><\/p>\n<p><span style=\"font-size:14px\"><strong>Dimens&otilde;es aproximadas<\/strong>: Mai&uacute;sculas 16 mm &#8211; Min&uacute;sculas 12 mm.<br \/>\n<strong>Tamanho aproximado da caixa: <\/strong>33 x 22 x 4,5 cm.&nbsp;<\/span><\/p>\n<p><em><span style=\"font-size:14px\">Para melhores resultados, recomendamos a utiliza&ccedil;&atilde;o de um agente anti-aderente.&nbsp;<\/span><\/em><br \/>\n&nbsp;<\/p>\n","protected":false},"excerpt":{"rendered":"<p>Molde com 64 cortantes de letras mai\u00fasculas e min\u00fasculas e s\u00edmbolos, ideal para todo o tipo de decora\u00e7\u00f5es.<\/p>\n","protected":false},"featured_media":346609,"comment_status":"open","ping_status":"closed","template":"","meta":{"_acf_changed":false},"pwb-brand":[],"product_brand":[],"product_cat":[3199,3087,1788,1767],"product_tag":[],"class_list":{"0":"post-387960","1":"product","2":"type-product","3":"status-publish","4":"has-post-thumbnail","6":"product_cat-cortadores-de-metal","7":"product_cat-ordem-e-armazenamento","8":"product_cat-cortadores-de-cobre","9":"product_cat-utensilios","11":"first","12":"instock","13":"taxable","14":"shipping-taxable","15":"purchasable","16":"product-type-simple"},"acf":[],"df_price":23.95,"df_sale_price":"","df_regular_price":23.95,"df_image_link":"https:\/\/glotomania.com\/wp-content\/uploads\/2025\/11\/img_14875_4f1830d1f203d51890a004f07a4cff7a_1-20-300x300.jpg","brands":[],"_links":{"self":[{"href":"https:\/\/glotomania.com\/pt-pt\/wp-json\/wp\/v2\/product\/387960","targetHints":{"allow":["GET"]}}],"collection":[{"href":"https:\/\/glotomania.com\/pt-pt\/wp-json\/wp\/v2\/product"}],"about":[{"href":"https:\/\/glotomania.com\/pt-pt\/wp-json\/wp\/v2\/types\/product"}],"replies":[{"embeddable":true,"href":"https:\/\/glotomania.com\/pt-pt\/wp-json\/wp\/v2\/comments?post=387960"}],"wp:featuredmedia":[{"embeddable":true,"href":"https:\/\/glotomania.com\/pt-pt\/wp-json\/wp\/v2\/media\/346609"}],"wp:attachment":[{"href":"https:\/\/glotomania.com\/pt-pt\/wp-json\/wp\/v2\/media?parent=387960"}],"wp:term":[{"taxonomy":"pwb-brand","embeddable":true,"href":"https:\/\/glotomania.com\/pt-pt\/wp-json\/wp\/v2\/pwb-brand?post=387960"},{"taxonomy":"product_brand","embeddable":true,"href":"https:\/\/glotomania.com\/pt-pt\/wp-json\/wp\/v2\/product_brand?post=387960"},{"taxonomy":"product_cat","embeddable":true,"href":"https:\/\/glotomania.com\/pt-pt\/wp-json\/wp\/v2\/product_cat?post=387960"},{"taxonomy":"product_tag","embeddable":true,"href":"https:\/\/glotomania.com\/pt-pt\/wp-json\/wp\/v2\/product_tag?post=387960"}],"curies":[{"name":"wp","href":"https:\/\/api.w.org\/{rel}","templated":true}]}}